{"id":17054,"date":"2026-02-27T00:33:22","date_gmt":"2026-02-27T00:33:22","guid":{"rendered":"https:\/\/nordicmart.andreevmaster.com\/product\/songmics-hoj-och-sankbar-gamingstol-med-fotstod-black-svart\/"},"modified":"2026-02-27T08:23:18","modified_gmt":"2026-02-27T08:23:18","slug":"songmics-hoj-och-sankbar-gamingstol-med-fotstod-black-svart","status":"publish","type":"product","link":"https:\/\/nordicmart.andreevmaster.com\/sv\/produkt\/songmics-hoj-och-sankbar-gamingstol-med-fotstod-black-svart\/","title":{"rendered":"SONGMICS H\u00f6j- och s\u00e4nkbar gamingstol med fotst\u00f6d, bl\u00e4ck svart"},"content":{"rendered":"<p>SONGMICS HOME Gaming-stol, ergonomisk datorstol med fotst\u00f6d, kontorsstol, snurrstol med huvudkudde, PU, h\u00f6j- och s\u00e4nkbar, bl\u00e4ck svart OBG072B01<br \/>\nF\u00e4rg: bl\u00e4ck svart<br \/>\nMaterial: st\u00e5l, PU-konstl\u00e4der (polyuretan), PU-hjul, skumplast<br \/>\nStorlek: 70 x 70 x (119-129) cm (D x B x H)<br \/>\nSitsh\u00f6jd: 47\u201357 cm<br \/>\nSitsstorlek: 53 x 51 cm (L x B)<br \/>\nArmst\u00f6dens h\u00f6jd (fr\u00e5n sitsen): 23 cm<br \/>\nVikt: 18,9 kg<br \/>\nMax. statisk belastningskapacitet: 150 kg<\/p>\n","protected":false},"excerpt":{"rendered":"<p>SONGMICS HOME Gaming-stol, ergonomisk datorstol med fotst\u00f6d, kontorsstol, snurrstol med huvudkudde, PU, h\u00f6j- och s\u00e4nkbar, bl\u00e4ck svart OBG072B01<\/p>\n","protected":false},"featured_media":44502,"comment_status":"open","ping_status":"closed","template":"","meta":[],"product_brand":[],"product_cat":[33],"product_tag":[],"class_list":{"0":"post-17054","1":"product","2":"type-product","3":"status-publish","4":"has-post-thumbnail","6":"product_cat-okategoriserad","8":"first","9":"instock","10":"shipping-taxable","11":"purchasable","12":"product-type-simple"},"_links":{"self":[{"href":"https:\/\/nordicmart.andreevmaster.com\/sv\/wp-json\/wp\/v2\/product\/17054","targetHints":{"allow":["GET"]}}],"collection":[{"href":"https:\/\/nordicmart.andreevmaster.com\/sv\/wp-json\/wp\/v2\/product"}],"about":[{"href":"https:\/\/nordicmart.andreevmaster.com\/sv\/wp-json\/wp\/v2\/types\/product"}],"replies":[{"embeddable":true,"href":"https:\/\/nordicmart.andreevmaster.com\/sv\/wp-json\/wp\/v2\/comments?post=17054"}],"wp:featuredmedia":[{"embeddable":true,"href":"https:\/\/nordicmart.andreevmaster.com\/sv\/wp-json\/wp\/v2\/media\/44502"}],"wp:attachment":[{"href":"https:\/\/nordicmart.andreevmaster.com\/sv\/wp-json\/wp\/v2\/media?parent=17054"}],"wp:term":[{"taxonomy":"product_brand","embeddable":true,"href":"https:\/\/nordicmart.andreevmaster.com\/sv\/wp-json\/wp\/v2\/product_brand?post=17054"},{"taxonomy":"product_cat","embeddable":true,"href":"https:\/\/nordicmart.andreevmaster.com\/sv\/wp-json\/wp\/v2\/product_cat?post=17054"},{"taxonomy":"product_tag","embeddable":true,"href":"https:\/\/nordicmart.andreevmaster.com\/sv\/wp-json\/wp\/v2\/product_tag?post=17054"}],"curies":[{"name":"wp","href":"https:\/\/api.w.org\/{rel}","templated":true}]}}