{"id":17049,"date":"2026-02-27T00:33:21","date_gmt":"2026-02-27T00:33:21","guid":{"rendered":"https:\/\/nordicmart.andreevmaster.com\/product\/songmics-skrivbordsstol-med-vadderade-armstod-i-pastellrosa\/"},"modified":"2026-02-27T08:23:17","modified_gmt":"2026-02-27T08:23:17","slug":"songmics-skrivbordsstol-med-vadderade-armstod-i-pastellrosa","status":"publish","type":"product","link":"https:\/\/nordicmart.andreevmaster.com\/sv\/produkt\/songmics-skrivbordsstol-med-vadderade-armstod-i-pastellrosa\/","title":{"rendered":"SONGMICS skrivbordsstol med vadderade armst\u00f6d i pastellrosa"},"content":{"rendered":"<p>SONGMICS kontorsstol, skrivbordsstol, datorstol, PU, bomulls-linne-blandv\u00e4v, justerbart nackst\u00f6d, vadderade armst\u00f6d, vippfunktion, belastningskapacitet upp till 150 kg, klassisk svart OBG066B01<\/p>\n","protected":false},"excerpt":{"rendered":"<p>SONGMICS kontorsstol, skrivbordsstol, datorstol, PU, bomulls-linne-blandv\u00e4v, justerbart nackst\u00f6d, vadderade armst\u00f6d, vippfunktion, belastningskapacitet upp till 150 kg, klassisk svart OBG066B01<\/p>\n","protected":false},"featured_media":44497,"comment_status":"open","ping_status":"closed","template":"","meta":[],"product_brand":[],"product_cat":[33],"product_tag":[],"class_list":{"0":"post-17049","1":"product","2":"type-product","3":"status-publish","4":"has-post-thumbnail","6":"product_cat-okategoriserad","8":"first","9":"instock","10":"shipping-taxable","11":"purchasable","12":"product-type-simple"},"_links":{"self":[{"href":"https:\/\/nordicmart.andreevmaster.com\/sv\/wp-json\/wp\/v2\/product\/17049","targetHints":{"allow":["GET"]}}],"collection":[{"href":"https:\/\/nordicmart.andreevmaster.com\/sv\/wp-json\/wp\/v2\/product"}],"about":[{"href":"https:\/\/nordicmart.andreevmaster.com\/sv\/wp-json\/wp\/v2\/types\/product"}],"replies":[{"embeddable":true,"href":"https:\/\/nordicmart.andreevmaster.com\/sv\/wp-json\/wp\/v2\/comments?post=17049"}],"wp:featuredmedia":[{"embeddable":true,"href":"https:\/\/nordicmart.andreevmaster.com\/sv\/wp-json\/wp\/v2\/media\/44497"}],"wp:attachment":[{"href":"https:\/\/nordicmart.andreevmaster.com\/sv\/wp-json\/wp\/v2\/media?parent=17049"}],"wp:term":[{"taxonomy":"product_brand","embeddable":true,"href":"https:\/\/nordicmart.andreevmaster.com\/sv\/wp-json\/wp\/v2\/product_brand?post=17049"},{"taxonomy":"product_cat","embeddable":true,"href":"https:\/\/nordicmart.andreevmaster.com\/sv\/wp-json\/wp\/v2\/product_cat?post=17049"},{"taxonomy":"product_tag","embeddable":true,"href":"https:\/\/nordicmart.andreevmaster.com\/sv\/wp-json\/wp\/v2\/product_tag?post=17049"}],"curies":[{"name":"wp","href":"https:\/\/api.w.org\/{rel}","templated":true}]}}