{"id":17048,"date":"2026-02-27T00:33:21","date_gmt":"2026-02-27T00:33:21","guid":{"rendered":"https:\/\/nordicmart.andreevmaster.com\/product\/songmics-kontorsstol-pu-med-justerbart-nackstod-och-vippfunktion-klassiskt-svart\/"},"modified":"2026-02-27T08:23:17","modified_gmt":"2026-02-27T08:23:17","slug":"songmics-kontorsstol-pu-med-justerbart-nackstod-och-vippfunktion-klassiskt-svart","status":"publish","type":"product","link":"https:\/\/nordicmart.andreevmaster.com\/sv\/produkt\/songmics-kontorsstol-pu-med-justerbart-nackstod-och-vippfunktion-klassiskt-svart\/","title":{"rendered":"SONGMICS kontorsstol PU med justerbart nackst\u00f6d och vippfunktion klassiskt svart"},"content":{"rendered":"<p>SONGMICS kontorsstol, skrivbordsstol, datorstol, PU, bomulls-linne-blandv\u00e4v, justerbart nackst\u00f6d, vadderade armst\u00f6d, vippfunktion, belastningskapacitet upp till 150 kg, klassisk svart OBG066B01<br \/>\nF\u00e4rg: klassiskt svart<br \/>\nMaterial: Skumplast, nylon, plast, PU, bomulls-linne-blandv\u00e4v<br \/>\nTotal storlek: 68 x 68 x (124,5-134,5) cm (D x B x H)<br \/>\nSitsh\u00f6jd (fr\u00e5n golvet): 46,5\u201356,5 cm<br \/>\nSitsens storlek: 48,5 x 52 cm (D x B)<br \/>\nRyggst\u00f6dets h\u00f6jd: 80 cm<br \/>\nArmst\u00f6dets h\u00f6jd (fr\u00e5n sittytan): 26 cm<br \/>\nVikt: 15,8 kg<br \/>\nMax. statisk belastningskapacitet: 150 kg<\/p>\n","protected":false},"excerpt":{"rendered":"<p>SONGMICS kontorsstol, skrivbordsstol, datorstol, PU, bomulls-linne-blandv\u00e4v, justerbart nackst\u00f6d, vadderade armst\u00f6d, vippfunktion, belastningskapacitet upp till 150 kg, klassisk svart OBG066B01<\/p>\n","protected":false},"featured_media":44496,"comment_status":"open","ping_status":"closed","template":"","meta":[],"product_brand":[],"product_cat":[33],"product_tag":[],"class_list":{"0":"post-17048","1":"product","2":"type-product","3":"status-publish","4":"has-post-thumbnail","6":"product_cat-okategoriserad","8":"first","9":"instock","10":"shipping-taxable","11":"purchasable","12":"product-type-simple"},"_links":{"self":[{"href":"https:\/\/nordicmart.andreevmaster.com\/sv\/wp-json\/wp\/v2\/product\/17048","targetHints":{"allow":["GET"]}}],"collection":[{"href":"https:\/\/nordicmart.andreevmaster.com\/sv\/wp-json\/wp\/v2\/product"}],"about":[{"href":"https:\/\/nordicmart.andreevmaster.com\/sv\/wp-json\/wp\/v2\/types\/product"}],"replies":[{"embeddable":true,"href":"https:\/\/nordicmart.andreevmaster.com\/sv\/wp-json\/wp\/v2\/comments?post=17048"}],"wp:featuredmedia":[{"embeddable":true,"href":"https:\/\/nordicmart.andreevmaster.com\/sv\/wp-json\/wp\/v2\/media\/44496"}],"wp:attachment":[{"href":"https:\/\/nordicmart.andreevmaster.com\/sv\/wp-json\/wp\/v2\/media?parent=17048"}],"wp:term":[{"taxonomy":"product_brand","embeddable":true,"href":"https:\/\/nordicmart.andreevmaster.com\/sv\/wp-json\/wp\/v2\/product_brand?post=17048"},{"taxonomy":"product_cat","embeddable":true,"href":"https:\/\/nordicmart.andreevmaster.com\/sv\/wp-json\/wp\/v2\/product_cat?post=17048"},{"taxonomy":"product_tag","embeddable":true,"href":"https:\/\/nordicmart.andreevmaster.com\/sv\/wp-json\/wp\/v2\/product_tag?post=17048"}],"curies":[{"name":"wp","href":"https:\/\/api.w.org\/{rel}","templated":true}]}}