{"id":17047,"date":"2026-02-27T00:33:20","date_gmt":"2026-02-27T00:33:20","guid":{"rendered":"https:\/\/nordicmart.andreevmaster.com\/product\/songmics-kontorsstol-med-justerbart-nackstod-och-armstod-kramvit\/"},"modified":"2026-02-27T08:23:17","modified_gmt":"2026-02-27T08:23:17","slug":"songmics-kontorsstol-med-justerbart-nackstod-och-armstod-kramvit","status":"publish","type":"product","link":"https:\/\/nordicmart.andreevmaster.com\/sv\/produkt\/songmics-kontorsstol-med-justerbart-nackstod-och-armstod-kramvit\/","title":{"rendered":"SONGMICS kontorsstol med justerbart nackst\u00f6d och armst\u00f6d, kr\u00e4mvit"},"content":{"rendered":"<p>SONGMICS kontorsstol, ergonomisk snurrstol, med f\u00e4llbara armst\u00f6d, nylonstj\u00e4rnfot, b\u00e4rkraft 150 kg, svart OBG65BK<br \/>\nF\u00e4rg: kr\u00e4mvit<br \/>\nMaterial: plywoodram, st\u00e5lkonstruktion, skumplastkl\u00e4dsel, PU-\u00f6verdrag, PU-hjul<br \/>\nTotal storlek: 70 x 70 x (119-137) cm (L x B x H)<br \/>\nSitsh\u00f6jd: 51\u201361 cm<br \/>\nSitsens storlek: 51 x 52 cm (L x B)<br \/>\nRyggst\u00f6dets h\u00f6jd: 91-99 cm<br \/>\nRyggst\u00f6dets bredd: 52 cm<br \/>\nArmst\u00f6dets h\u00f6jd (fr\u00e5n sittytan): 25 cm<br \/>\nVikt: 19 kg<br \/>\nMax. statisk belastningskapacitet: 150 kg<\/p>\n","protected":false},"excerpt":{"rendered":"<p>SONGMICS kontorsstol, ergonomisk snurrstol, med f\u00e4llbara armst\u00f6d, nylonstj\u00e4rnfot, b\u00e4rkraft 150 kg, svart OBG65BK<\/p>\n","protected":false},"featured_media":44495,"comment_status":"open","ping_status":"closed","template":"","meta":[],"product_brand":[],"product_cat":[33],"product_tag":[],"class_list":{"0":"post-17047","1":"product","2":"type-product","3":"status-publish","4":"has-post-thumbnail","6":"product_cat-okategoriserad","8":"first","9":"instock","10":"shipping-taxable","11":"purchasable","12":"product-type-simple"},"_links":{"self":[{"href":"https:\/\/nordicmart.andreevmaster.com\/sv\/wp-json\/wp\/v2\/product\/17047","targetHints":{"allow":["GET"]}}],"collection":[{"href":"https:\/\/nordicmart.andreevmaster.com\/sv\/wp-json\/wp\/v2\/product"}],"about":[{"href":"https:\/\/nordicmart.andreevmaster.com\/sv\/wp-json\/wp\/v2\/types\/product"}],"replies":[{"embeddable":true,"href":"https:\/\/nordicmart.andreevmaster.com\/sv\/wp-json\/wp\/v2\/comments?post=17047"}],"wp:featuredmedia":[{"embeddable":true,"href":"https:\/\/nordicmart.andreevmaster.com\/sv\/wp-json\/wp\/v2\/media\/44495"}],"wp:attachment":[{"href":"https:\/\/nordicmart.andreevmaster.com\/sv\/wp-json\/wp\/v2\/media?parent=17047"}],"wp:term":[{"taxonomy":"product_brand","embeddable":true,"href":"https:\/\/nordicmart.andreevmaster.com\/sv\/wp-json\/wp\/v2\/product_brand?post=17047"},{"taxonomy":"product_cat","embeddable":true,"href":"https:\/\/nordicmart.andreevmaster.com\/sv\/wp-json\/wp\/v2\/product_cat?post=17047"},{"taxonomy":"product_tag","embeddable":true,"href":"https:\/\/nordicmart.andreevmaster.com\/sv\/wp-json\/wp\/v2\/product_tag?post=17047"}],"curies":[{"name":"wp","href":"https:\/\/api.w.org\/{rel}","templated":true}]}}