{"id":17043,"date":"2026-02-27T00:33:19","date_gmt":"2026-02-27T00:33:19","guid":{"rendered":"https:\/\/nordicmart.andreevmaster.com\/product\/songmics-hoj-och-sankbar-kontorsstol\/"},"modified":"2026-02-27T08:23:16","modified_gmt":"2026-02-27T08:23:16","slug":"songmics-hoj-och-sankbar-kontorsstol","status":"publish","type":"product","link":"https:\/\/nordicmart.andreevmaster.com\/sv\/produkt\/songmics-hoj-och-sankbar-kontorsstol\/","title":{"rendered":"SONGMICS h\u00f6j- och s\u00e4nkbar kontorsstol"},"content":{"rendered":"<p>\u00d6kad produktivitet, b\u00e4ttre hum\u00f6r: En felaktig h\u00e5llning g\u00f6r redan anstr\u00e4ngande arbetsdagar \u00e4nnu mer obehagliga. Hitta din ideala h\u00e5llning med denna kontorsstol: Din kropp slappnar av, din hj\u00e4rna blir mer produktiv och \u00e5tta timmars arbete flyger f\u00f6rbi. F\u00f6rdelar med denna kontorsstol: Justera stolens h\u00f6jd f\u00f6r att hitta din ideala sittposition som passar h\u00f6jden p\u00e5 din sk\u00e4rm.Tack vare ryggst\u00f6dets ergonomiska form kan du alltid arbeta avslappnat och med rak rygg. L\u00e5t armarna vila p\u00e5 de bekv\u00e4ma armst\u00f6den, som \u00e4r kl\u00e4dda med PU-konstl\u00e4der. Slappna av i nacke och axlar tack vare det h\u00f6ga ryggst\u00f6det.Tack vare gungfunktionen och den bekv\u00e4ma stoppade sitsen kan du koppla av i n\u00e5gra minuter och sedan \u00e5terg\u00e5 till arbetet! Produktdetaljer: F\u00e4rg: Svart Material: Ram av plywood, skumfyllning, yta av PU-konstl\u00e4der Stolens totala storlek: 75 x 64 x (110-120) cm (L x B x H) Vikt: 14,6 kg Max. statisk belastningskapacitet: 150 kg Leveransomfattning: 1 x kontorsstol 1 x tillbeh\u00f6rspaket 1 x bruksanvisning (DE, EN, IT, FR, ES) SONGMICS Anm\u00e4rkningar: \u201dGungfunktion\u201d inneb\u00e4r att ryggst\u00f6det och sitsen r\u00f6r sig bak\u00e5t samtidigt. Ryggst\u00f6det p\u00e5 denna stol kan inte lutas bak\u00e5t separat.<\/p>\n","protected":false},"excerpt":{"rendered":"<p>SONGMICS kontorsstol, ergonomisk skrivbordsstol, datorstol, h\u00f6j- och s\u00e4nkbar, belastningskapacitet upp till 150 kg, PU-konstl\u00e4der, hemmakontor, kontor, svart OBG064B01<\/p>\n","protected":false},"featured_media":44491,"comment_status":"open","ping_status":"closed","template":"","meta":[],"product_brand":[],"product_cat":[33],"product_tag":[],"class_list":{"0":"post-17043","1":"product","2":"type-product","3":"status-publish","4":"has-post-thumbnail","6":"product_cat-okategoriserad","8":"first","9":"instock","10":"shipping-taxable","11":"purchasable","12":"product-type-simple"},"_links":{"self":[{"href":"https:\/\/nordicmart.andreevmaster.com\/sv\/wp-json\/wp\/v2\/product\/17043","targetHints":{"allow":["GET"]}}],"collection":[{"href":"https:\/\/nordicmart.andreevmaster.com\/sv\/wp-json\/wp\/v2\/product"}],"about":[{"href":"https:\/\/nordicmart.andreevmaster.com\/sv\/wp-json\/wp\/v2\/types\/product"}],"replies":[{"embeddable":true,"href":"https:\/\/nordicmart.andreevmaster.com\/sv\/wp-json\/wp\/v2\/comments?post=17043"}],"wp:featuredmedia":[{"embeddable":true,"href":"https:\/\/nordicmart.andreevmaster.com\/sv\/wp-json\/wp\/v2\/media\/44491"}],"wp:attachment":[{"href":"https:\/\/nordicmart.andreevmaster.com\/sv\/wp-json\/wp\/v2\/media?parent=17043"}],"wp:term":[{"taxonomy":"product_brand","embeddable":true,"href":"https:\/\/nordicmart.andreevmaster.com\/sv\/wp-json\/wp\/v2\/product_brand?post=17043"},{"taxonomy":"product_cat","embeddable":true,"href":"https:\/\/nordicmart.andreevmaster.com\/sv\/wp-json\/wp\/v2\/product_cat?post=17043"},{"taxonomy":"product_tag","embeddable":true,"href":"https:\/\/nordicmart.andreevmaster.com\/sv\/wp-json\/wp\/v2\/product_tag?post=17043"}],"curies":[{"name":"wp","href":"https:\/\/api.w.org\/{rel}","templated":true}]}}