{"id":17042,"date":"2026-02-27T00:33:19","date_gmt":"2026-02-27T00:33:19","guid":{"rendered":"https:\/\/nordicmart.andreevmaster.com\/product\/songmics-home-kontorsstol-med-bred-sits-och-fotkors-kramvit\/"},"modified":"2026-02-27T08:23:16","modified_gmt":"2026-02-27T08:23:16","slug":"songmics-home-kontorsstol-med-bred-sits-och-fotkors-kramvit","status":"publish","type":"product","link":"https:\/\/nordicmart.andreevmaster.com\/sv\/produkt\/songmics-home-kontorsstol-med-bred-sits-och-fotkors-kramvit\/","title":{"rendered":"SONGMICS HOME kontorsstol med bred sits och fotkors kr\u00e4mvit"},"content":{"rendered":"<p>SONGMICS HOME kontorsstol, skrivbordsstol, snurrstol, bred sits f\u00f6r att sitta i skr\u00e4ddarsydd position, modern, med korsfot, h\u00f6j- och s\u00e4nkbar, vippfunktion, f\u00f6r kontor, hemmakontor, duvgr\u00e5 OBG046G01<br \/>\nF\u00e4rg: kr\u00e4mvit<br \/>\nMaterial: st\u00e5l, bomulls- och linneblandning, plast, skumplast, plywood<br \/>\nStorlek: 70 x 70 x (82-90) cm (D x B x H)<br \/>\nSitsh\u00f6jd: 47\u201355 cm<br \/>\nSitsstorlek: 50 x 67 cm (D x B)<br \/>\nVikt: 12,2 kg<br \/>\nMax. statisk belastningskapacitet: 120 kg<\/p>\n","protected":false},"excerpt":{"rendered":"<p>SONGMICS HOME kontorsstol, skrivbordsstol, snurrstol, bred sits f\u00f6r att sitta i skr\u00e4ddarsydd position, modern, med korsfot, h\u00f6j- och s\u00e4nkbar, vippfunktion, f\u00f6r kontor, hemmakontor, duvgr\u00e5 OBG046G01<\/p>\n","protected":false},"featured_media":44490,"comment_status":"open","ping_status":"closed","template":"","meta":[],"product_brand":[],"product_cat":[33],"product_tag":[],"class_list":{"0":"post-17042","1":"product","2":"type-product","3":"status-publish","4":"has-post-thumbnail","6":"product_cat-okategoriserad","8":"first","9":"instock","10":"shipping-taxable","11":"purchasable","12":"product-type-simple"},"_links":{"self":[{"href":"https:\/\/nordicmart.andreevmaster.com\/sv\/wp-json\/wp\/v2\/product\/17042","targetHints":{"allow":["GET"]}}],"collection":[{"href":"https:\/\/nordicmart.andreevmaster.com\/sv\/wp-json\/wp\/v2\/product"}],"about":[{"href":"https:\/\/nordicmart.andreevmaster.com\/sv\/wp-json\/wp\/v2\/types\/product"}],"replies":[{"embeddable":true,"href":"https:\/\/nordicmart.andreevmaster.com\/sv\/wp-json\/wp\/v2\/comments?post=17042"}],"wp:featuredmedia":[{"embeddable":true,"href":"https:\/\/nordicmart.andreevmaster.com\/sv\/wp-json\/wp\/v2\/media\/44490"}],"wp:attachment":[{"href":"https:\/\/nordicmart.andreevmaster.com\/sv\/wp-json\/wp\/v2\/media?parent=17042"}],"wp:term":[{"taxonomy":"product_brand","embeddable":true,"href":"https:\/\/nordicmart.andreevmaster.com\/sv\/wp-json\/wp\/v2\/product_brand?post=17042"},{"taxonomy":"product_cat","embeddable":true,"href":"https:\/\/nordicmart.andreevmaster.com\/sv\/wp-json\/wp\/v2\/product_cat?post=17042"},{"taxonomy":"product_tag","embeddable":true,"href":"https:\/\/nordicmart.andreevmaster.com\/sv\/wp-json\/wp\/v2\/product_tag?post=17042"}],"curies":[{"name":"wp","href":"https:\/\/api.w.org\/{rel}","templated":true}]}}