{"id":17030,"date":"2026-02-27T00:33:16","date_gmt":"2026-02-27T00:33:16","guid":{"rendered":"https:\/\/nordicmart.andreevmaster.com\/product\/songmics-kontorsstol-med-vippfunktion\/"},"modified":"2026-02-27T08:23:13","modified_gmt":"2026-02-27T08:23:13","slug":"songmics-kontorsstol-med-vippfunktion","status":"publish","type":"product","link":"https:\/\/nordicmart.andreevmaster.com\/sv\/produkt\/songmics-kontorsstol-med-vippfunktion\/","title":{"rendered":"SONGMICS kontorsstol med vippfunktion"},"content":{"rendered":"<p>SONGMICS kontorsstol, skrivbordsstol, datorstol, ergonomisk snurrstol, vippfunktion, h\u00f6j- och s\u00e4nkbar, vadderade armst\u00f6d, polyuretanyta, svart OBG040B01<br \/>\nF\u00e4rg: Svart<br \/>\nMaterial: Skumplast, nylon, plast, st\u00e5l, polyuretan<br \/>\nTotal storlek: 70 x 66 x (92-102) cm (D x B x H)<br \/>\nSitsh\u00f6jd (fr\u00e5n golvet): 46-56 cm<br \/>\nSitsens storlek: 44 x 50,5 cm (D x B)<br \/>\nRyggst\u00f6dets storlek: 50 x 47,5 cm (B x H)<br \/>\nArmst\u00f6dens h\u00f6jd (fr\u00e5n sittytan): 26 cm<br \/>\nVikt: 12,6 kg<br \/>\nMax. statisk belastningskapacitet: 110 kg<\/p>\n","protected":false},"excerpt":{"rendered":"<p>SONGMICS kontorsstol, skrivbordsstol, datorstol, ergonomisk snurrstol, vippfunktion, h\u00f6j- och s\u00e4nkbar, vadderade armst\u00f6d, polyuretanyta, svart OBG040B01<\/p>\n","protected":false},"featured_media":44480,"comment_status":"open","ping_status":"closed","template":"","meta":[],"product_brand":[],"product_cat":[33],"product_tag":[],"class_list":{"0":"post-17030","1":"product","2":"type-product","3":"status-publish","4":"has-post-thumbnail","6":"product_cat-okategoriserad","8":"first","9":"instock","10":"shipping-taxable","11":"purchasable","12":"product-type-simple"},"_links":{"self":[{"href":"https:\/\/nordicmart.andreevmaster.com\/sv\/wp-json\/wp\/v2\/product\/17030","targetHints":{"allow":["GET"]}}],"collection":[{"href":"https:\/\/nordicmart.andreevmaster.com\/sv\/wp-json\/wp\/v2\/product"}],"about":[{"href":"https:\/\/nordicmart.andreevmaster.com\/sv\/wp-json\/wp\/v2\/types\/product"}],"replies":[{"embeddable":true,"href":"https:\/\/nordicmart.andreevmaster.com\/sv\/wp-json\/wp\/v2\/comments?post=17030"}],"wp:featuredmedia":[{"embeddable":true,"href":"https:\/\/nordicmart.andreevmaster.com\/sv\/wp-json\/wp\/v2\/media\/44480"}],"wp:attachment":[{"href":"https:\/\/nordicmart.andreevmaster.com\/sv\/wp-json\/wp\/v2\/media?parent=17030"}],"wp:term":[{"taxonomy":"product_brand","embeddable":true,"href":"https:\/\/nordicmart.andreevmaster.com\/sv\/wp-json\/wp\/v2\/product_brand?post=17030"},{"taxonomy":"product_cat","embeddable":true,"href":"https:\/\/nordicmart.andreevmaster.com\/sv\/wp-json\/wp\/v2\/product_cat?post=17030"},{"taxonomy":"product_tag","embeddable":true,"href":"https:\/\/nordicmart.andreevmaster.com\/sv\/wp-json\/wp\/v2\/product_tag?post=17030"}],"curies":[{"name":"wp","href":"https:\/\/api.w.org\/{rel}","templated":true}]}}