{"id":17028,"date":"2026-02-27T00:33:16","date_gmt":"2026-02-27T00:33:16","guid":{"rendered":"https:\/\/nordicmart.andreevmaster.com\/product\/songmics-home-kontorsstol-med-justerbara-armstod-black-svart\/"},"modified":"2026-02-27T08:23:12","modified_gmt":"2026-02-27T08:23:12","slug":"songmics-home-kontorsstol-med-justerbara-armstod-black-svart","status":"publish","type":"product","link":"https:\/\/nordicmart.andreevmaster.com\/sv\/produkt\/songmics-home-kontorsstol-med-justerbara-armstod-black-svart\/","title":{"rendered":"SONGMICS HOME kontorsstol med justerbara armst\u00f6d bl\u00e4ck svart"},"content":{"rendered":"<p>SONGMICS HOME kontorsstol, snurrstol, chefsstol, med justerbara armst\u00f6d, h\u00f6jdjusterbar, modern, ryggst\u00f6d, armst\u00f6d, bred sits, bomulls-linne-blandning, bl\u00e4ck svart OBG037B01<br \/>\nF\u00e4rg: bl\u00e4ck svart<br \/>\nMaterial: st\u00e5l, PU, plast, skumplast<br \/>\nStorlek: 70 x 70 x (114-122) cm (D x B x H)<br \/>\nSitsh\u00f6jd: 50-58 cm<br \/>\nSitsstorlek: 49 x 56 cm (D x B)<br \/>\nVikt: 17,1 kg<br \/>\nMax. statisk belastningskapacitet: 150 kg<\/p>\n","protected":false},"excerpt":{"rendered":"<p>SONGMICS HOME kontorsstol, snurrstol, chefsstol, med justerbara armst\u00f6d, h\u00f6jdjusterbar, modern, ryggst\u00f6d, armst\u00f6d, bred sits, bomulls-linne-blandning, bl\u00e4ck svart OBG037B01<\/p>\n","protected":false},"featured_media":44478,"comment_status":"open","ping_status":"closed","template":"","meta":[],"product_brand":[],"product_cat":[33],"product_tag":[],"class_list":{"0":"post-17028","1":"product","2":"type-product","3":"status-publish","4":"has-post-thumbnail","6":"product_cat-okategoriserad","8":"first","9":"instock","10":"shipping-taxable","11":"purchasable","12":"product-type-simple"},"_links":{"self":[{"href":"https:\/\/nordicmart.andreevmaster.com\/sv\/wp-json\/wp\/v2\/product\/17028","targetHints":{"allow":["GET"]}}],"collection":[{"href":"https:\/\/nordicmart.andreevmaster.com\/sv\/wp-json\/wp\/v2\/product"}],"about":[{"href":"https:\/\/nordicmart.andreevmaster.com\/sv\/wp-json\/wp\/v2\/types\/product"}],"replies":[{"embeddable":true,"href":"https:\/\/nordicmart.andreevmaster.com\/sv\/wp-json\/wp\/v2\/comments?post=17028"}],"wp:featuredmedia":[{"embeddable":true,"href":"https:\/\/nordicmart.andreevmaster.com\/sv\/wp-json\/wp\/v2\/media\/44478"}],"wp:attachment":[{"href":"https:\/\/nordicmart.andreevmaster.com\/sv\/wp-json\/wp\/v2\/media?parent=17028"}],"wp:term":[{"taxonomy":"product_brand","embeddable":true,"href":"https:\/\/nordicmart.andreevmaster.com\/sv\/wp-json\/wp\/v2\/product_brand?post=17028"},{"taxonomy":"product_cat","embeddable":true,"href":"https:\/\/nordicmart.andreevmaster.com\/sv\/wp-json\/wp\/v2\/product_cat?post=17028"},{"taxonomy":"product_tag","embeddable":true,"href":"https:\/\/nordicmart.andreevmaster.com\/sv\/wp-json\/wp\/v2\/product_tag?post=17028"}],"curies":[{"name":"wp","href":"https:\/\/api.w.org\/{rel}","templated":true}]}}