{"id":17022,"date":"2026-02-27T00:33:14","date_gmt":"2026-02-27T00:33:14","guid":{"rendered":"https:\/\/nordicmart.andreevmaster.com\/product\/songmics-kontorsstol-i-pu-med-armstod-pastellrosa\/"},"modified":"2026-02-27T08:23:11","modified_gmt":"2026-02-27T08:23:11","slug":"songmics-kontorsstol-i-pu-med-armstod-pastellrosa","status":"publish","type":"product","link":"https:\/\/nordicmart.andreevmaster.com\/sv\/produkt\/songmics-kontorsstol-i-pu-med-armstod-pastellrosa\/","title":{"rendered":"SONGMICS kontorsstol i PU med armst\u00f6d, pastellrosa"},"content":{"rendered":"<p>SONGMICS kontorsstol, skrivbordsstol, PU, snurrstol, ergonomisk design, justerbara armst\u00f6d, vippfunktion, h\u00f6jdjusterbar, f\u00f6r kontor, hemmakontor, bl\u00e4ck svart OBG033B01<br \/>\nF\u00e4rg: pastellrosa<br \/>\nMaterial: PU, skumplast, st\u00e5l<br \/>\nStorlek: 60 x 60 x (87-97) cm (D x B x H)<br \/>\nSitsh\u00f6jd: 43-53 cm<br \/>\nSitsstorlek: 47 x 51 cm (D x B)<br \/>\nArmst\u00f6dens h\u00f6jd (fr\u00e5n sitsen): 26 cm<br \/>\nVikt: 10,5 kg<br \/>\nMax. statisk belastningskapacitet: 150 kg<\/p>\n","protected":false},"excerpt":{"rendered":"<p>SONGMICS kontorsstol, skrivbordsstol, PU, snurrstol, ergonomisk design, justerbara armst\u00f6d, vippfunktion, h\u00f6jdjusterbar, f\u00f6r kontor, hemmakontor, bl\u00e4ck svart OBG033B01<\/p>\n","protected":false},"featured_media":44472,"comment_status":"open","ping_status":"closed","template":"","meta":[],"product_brand":[],"product_cat":[33],"product_tag":[],"class_list":{"0":"post-17022","1":"product","2":"type-product","3":"status-publish","4":"has-post-thumbnail","6":"product_cat-okategoriserad","8":"first","9":"instock","10":"shipping-taxable","11":"purchasable","12":"product-type-simple"},"_links":{"self":[{"href":"https:\/\/nordicmart.andreevmaster.com\/sv\/wp-json\/wp\/v2\/product\/17022","targetHints":{"allow":["GET"]}}],"collection":[{"href":"https:\/\/nordicmart.andreevmaster.com\/sv\/wp-json\/wp\/v2\/product"}],"about":[{"href":"https:\/\/nordicmart.andreevmaster.com\/sv\/wp-json\/wp\/v2\/types\/product"}],"replies":[{"embeddable":true,"href":"https:\/\/nordicmart.andreevmaster.com\/sv\/wp-json\/wp\/v2\/comments?post=17022"}],"wp:featuredmedia":[{"embeddable":true,"href":"https:\/\/nordicmart.andreevmaster.com\/sv\/wp-json\/wp\/v2\/media\/44472"}],"wp:attachment":[{"href":"https:\/\/nordicmart.andreevmaster.com\/sv\/wp-json\/wp\/v2\/media?parent=17022"}],"wp:term":[{"taxonomy":"product_brand","embeddable":true,"href":"https:\/\/nordicmart.andreevmaster.com\/sv\/wp-json\/wp\/v2\/product_brand?post=17022"},{"taxonomy":"product_cat","embeddable":true,"href":"https:\/\/nordicmart.andreevmaster.com\/sv\/wp-json\/wp\/v2\/product_cat?post=17022"},{"taxonomy":"product_tag","embeddable":true,"href":"https:\/\/nordicmart.andreevmaster.com\/sv\/wp-json\/wp\/v2\/product_tag?post=17022"}],"curies":[{"name":"wp","href":"https:\/\/api.w.org\/{rel}","templated":true}]}}