{"id":17016,"date":"2026-02-27T00:33:13","date_gmt":"2026-02-27T00:33:13","guid":{"rendered":"https:\/\/nordicmart.andreevmaster.com\/product\/songmics-kontorsstol-med-ryggstod-och-bojd-sits-duvgra\/"},"modified":"2026-02-27T08:23:10","modified_gmt":"2026-02-27T08:23:10","slug":"songmics-kontorsstol-med-ryggstod-och-bojd-sits-duvgra","status":"publish","type":"product","link":"https:\/\/nordicmart.andreevmaster.com\/sv\/produkt\/songmics-kontorsstol-med-ryggstod-och-bojd-sits-duvgra\/","title":{"rendered":"SONGMICS kontorsstol med ryggst\u00f6d och b\u00f6jd sits, duvgr\u00e5"},"content":{"rendered":"<p>SONGMICS kontorsstol, datorstol, PU-yta, l\u00e4tt att reng\u00f6ra, h\u00f6j- och s\u00e4nkbar, bekv\u00e4mt ryggst\u00f6d och b\u00f6jt s\u00e4te, belastningskapacitet upp till 150 kg, bl\u00e4ck svart OBG031B01<br \/>\nF\u00e4rg: duvgr\u00e5<br \/>\nMaterial: st\u00e5l, skumplast, PU<br \/>\nStorlek:<br \/>\nStorlek: 60 x 60 x (93-103) cm (D x B x H)<br \/>\nSitsh\u00f6jd (fr\u00e5n golvet): 43-51 cm<br \/>\nArmst\u00f6dens h\u00f6jd (fr\u00e5n sitsen): 34 cm<br \/>\nSitsens storlek: 46 x 49 cm (D x B)<br \/>\nRyggst\u00f6dets h\u00f6jd: 55 cm<br \/>\nVikt: 13,6 kg<br \/>\nMax. statisk belastningskapacitet: 150 kg<\/p>\n","protected":false},"excerpt":{"rendered":"<p>SONGMICS kontorsstol, datorstol, PU-yta, l\u00e4tt att reng\u00f6ra, h\u00f6j- och s\u00e4nkbar, bekv\u00e4mt ryggst\u00f6d och b\u00f6jt s\u00e4te, belastningskapacitet upp till 150 kg, bl\u00e4ck svart OBG031B01<\/p>\n","protected":false},"featured_media":44466,"comment_status":"open","ping_status":"closed","template":"","meta":[],"product_brand":[],"product_cat":[33],"product_tag":[],"class_list":{"0":"post-17016","1":"product","2":"type-product","3":"status-publish","4":"has-post-thumbnail","6":"product_cat-okategoriserad","8":"first","9":"instock","10":"shipping-taxable","11":"purchasable","12":"product-type-simple"},"_links":{"self":[{"href":"https:\/\/nordicmart.andreevmaster.com\/sv\/wp-json\/wp\/v2\/product\/17016","targetHints":{"allow":["GET"]}}],"collection":[{"href":"https:\/\/nordicmart.andreevmaster.com\/sv\/wp-json\/wp\/v2\/product"}],"about":[{"href":"https:\/\/nordicmart.andreevmaster.com\/sv\/wp-json\/wp\/v2\/types\/product"}],"replies":[{"embeddable":true,"href":"https:\/\/nordicmart.andreevmaster.com\/sv\/wp-json\/wp\/v2\/comments?post=17016"}],"wp:featuredmedia":[{"embeddable":true,"href":"https:\/\/nordicmart.andreevmaster.com\/sv\/wp-json\/wp\/v2\/media\/44466"}],"wp:attachment":[{"href":"https:\/\/nordicmart.andreevmaster.com\/sv\/wp-json\/wp\/v2\/media?parent=17016"}],"wp:term":[{"taxonomy":"product_brand","embeddable":true,"href":"https:\/\/nordicmart.andreevmaster.com\/sv\/wp-json\/wp\/v2\/product_brand?post=17016"},{"taxonomy":"product_cat","embeddable":true,"href":"https:\/\/nordicmart.andreevmaster.com\/sv\/wp-json\/wp\/v2\/product_cat?post=17016"},{"taxonomy":"product_tag","embeddable":true,"href":"https:\/\/nordicmart.andreevmaster.com\/sv\/wp-json\/wp\/v2\/product_tag?post=17016"}],"curies":[{"name":"wp","href":"https:\/\/api.w.org\/{rel}","templated":true}]}}