{"id":17011,"date":"2026-02-27T00:33:11","date_gmt":"2026-02-27T00:33:11","guid":{"rendered":"https:\/\/nordicmart.andreevmaster.com\/product\/songmics-snurrstol-bla\/"},"modified":"2026-02-27T08:23:09","modified_gmt":"2026-02-27T08:23:09","slug":"songmics-snurrstol-bla","status":"publish","type":"product","link":"https:\/\/nordicmart.andreevmaster.com\/sv\/produkt\/songmics-snurrstol-bla\/","title":{"rendered":"SONGMICS snurrstol bl\u00e5"},"content":{"rendered":"<p>SONGMICS Hemmakontorsstol, snurrstol, skrivbordsstol, skumplastkl\u00e4dsel, h\u00f6j- och s\u00e4nkbar, f\u00f6r arbetsrum, sovrum, gr\u00e5 OBG020G01<br \/>\nF\u00e4rg: Bl\u00e5<br \/>\nMaterial: St\u00e5lram, bomulls-linne-blandv\u00e4v, nylonhjul, 28 kg\/m\u00b3 skumplaststoppning<br \/>\nStorlek: 60 x 60 x (80-90) cm (D x B x H)<br \/>\nSitsh\u00f6jd (fr\u00e5n golvet): 47\u201357 cm<br \/>\nSitsens storlek: 45 x 42 cm (D x B)<br \/>\nRyggst\u00f6dets h\u00f6jd: 47 cm<br \/>\nKuddens totala tjocklek: 12 cm<br \/>\nTjocklek p\u00e5 det \u00f6vre kudden: 7 cm<br \/>\nVikt: 8,2 kg<br \/>\nMax. statisk belastningskapacitet: 110 kg<\/p>\n","protected":false},"excerpt":{"rendered":"<p>SONGMICS Hemmakontorsstol, snurrstol, skrivbordsstol, skumplastkl\u00e4dsel, h\u00f6j- och s\u00e4nkbar, f\u00f6r arbetsrum, sovrum, gr\u00e5 OBG020G01<\/p>\n","protected":false},"featured_media":44461,"comment_status":"open","ping_status":"closed","template":"","meta":[],"product_brand":[],"product_cat":[33],"product_tag":[],"class_list":{"0":"post-17011","1":"product","2":"type-product","3":"status-publish","4":"has-post-thumbnail","6":"product_cat-okategoriserad","8":"first","9":"instock","10":"shipping-taxable","11":"purchasable","12":"product-type-simple"},"_links":{"self":[{"href":"https:\/\/nordicmart.andreevmaster.com\/sv\/wp-json\/wp\/v2\/product\/17011","targetHints":{"allow":["GET"]}}],"collection":[{"href":"https:\/\/nordicmart.andreevmaster.com\/sv\/wp-json\/wp\/v2\/product"}],"about":[{"href":"https:\/\/nordicmart.andreevmaster.com\/sv\/wp-json\/wp\/v2\/types\/product"}],"replies":[{"embeddable":true,"href":"https:\/\/nordicmart.andreevmaster.com\/sv\/wp-json\/wp\/v2\/comments?post=17011"}],"wp:featuredmedia":[{"embeddable":true,"href":"https:\/\/nordicmart.andreevmaster.com\/sv\/wp-json\/wp\/v2\/media\/44461"}],"wp:attachment":[{"href":"https:\/\/nordicmart.andreevmaster.com\/sv\/wp-json\/wp\/v2\/media?parent=17011"}],"wp:term":[{"taxonomy":"product_brand","embeddable":true,"href":"https:\/\/nordicmart.andreevmaster.com\/sv\/wp-json\/wp\/v2\/product_brand?post=17011"},{"taxonomy":"product_cat","embeddable":true,"href":"https:\/\/nordicmart.andreevmaster.com\/sv\/wp-json\/wp\/v2\/product_cat?post=17011"},{"taxonomy":"product_tag","embeddable":true,"href":"https:\/\/nordicmart.andreevmaster.com\/sv\/wp-json\/wp\/v2\/product_tag?post=17011"}],"curies":[{"name":"wp","href":"https:\/\/api.w.org\/{rel}","templated":true}]}}