{"id":17004,"date":"2026-02-27T00:33:09","date_gmt":"2026-02-27T00:33:09","guid":{"rendered":"https:\/\/nordicmart.andreevmaster.com\/product\/songmics-kontorsstol-med-en-belastningskapacitet-pa-upp-till-110-kg-pastellrosa\/"},"modified":"2026-02-27T08:23:08","modified_gmt":"2026-02-27T08:23:08","slug":"songmics-kontorsstol-med-en-belastningskapacitet-pa-upp-till-110-kg-pastellrosa","status":"publish","type":"product","link":"https:\/\/nordicmart.andreevmaster.com\/sv\/produkt\/songmics-kontorsstol-med-en-belastningskapacitet-pa-upp-till-110-kg-pastellrosa\/","title":{"rendered":"SONGMICS kontorsstol med en belastningskapacitet p\u00e5 upp till 110 kg, pastellrosa"},"content":{"rendered":"<p>SONGMICS kontorsstol, bekv\u00e4m skrivbordsstol, h\u00f6j- och s\u00e4nkbar datastol, belastningskapacitet upp till 120 kg, st\u00e5lstativ, imiterat linne, andningsbar, hemmakontor, kontor, gr\u00e5 OBG019G01<br \/>\nF\u00e4rg: pastellrosa<br \/>\nMaterial: St\u00e5l- och plywoodram, skumplaststoppning, sammet, PU-hjul<br \/>\nStorlek: 64 x 64 x (83-93) cm (D x B x H)<br \/>\nSitsh\u00f6jd: 46-56 cm<br \/>\nSitsens storlek: 44 x 47,5 cm (D x B)<br \/>\nRyggst\u00f6dets h\u00f6jd: 40 cm<br \/>\nVikt: 9,5 kg<br \/>\nMax. statisk belastningskapacitet: 110 kg<\/p>\n","protected":false},"excerpt":{"rendered":"<p>SONGMICS kontorsstol, bekv\u00e4m skrivbordsstol, h\u00f6j- och s\u00e4nkbar datastol, belastningskapacitet upp till 120 kg, st\u00e5lstativ, imiterat linne, andningsbar, hemmakontor, kontor, gr\u00e5 OBG019G01<\/p>\n","protected":false},"featured_media":44455,"comment_status":"open","ping_status":"closed","template":"","meta":[],"product_brand":[],"product_cat":[33],"product_tag":[],"class_list":{"0":"post-17004","1":"product","2":"type-product","3":"status-publish","4":"has-post-thumbnail","6":"product_cat-okategoriserad","8":"first","9":"instock","10":"shipping-taxable","11":"purchasable","12":"product-type-simple"},"_links":{"self":[{"href":"https:\/\/nordicmart.andreevmaster.com\/sv\/wp-json\/wp\/v2\/product\/17004","targetHints":{"allow":["GET"]}}],"collection":[{"href":"https:\/\/nordicmart.andreevmaster.com\/sv\/wp-json\/wp\/v2\/product"}],"about":[{"href":"https:\/\/nordicmart.andreevmaster.com\/sv\/wp-json\/wp\/v2\/types\/product"}],"replies":[{"embeddable":true,"href":"https:\/\/nordicmart.andreevmaster.com\/sv\/wp-json\/wp\/v2\/comments?post=17004"}],"wp:featuredmedia":[{"embeddable":true,"href":"https:\/\/nordicmart.andreevmaster.com\/sv\/wp-json\/wp\/v2\/media\/44455"}],"wp:attachment":[{"href":"https:\/\/nordicmart.andreevmaster.com\/sv\/wp-json\/wp\/v2\/media?parent=17004"}],"wp:term":[{"taxonomy":"product_brand","embeddable":true,"href":"https:\/\/nordicmart.andreevmaster.com\/sv\/wp-json\/wp\/v2\/product_brand?post=17004"},{"taxonomy":"product_cat","embeddable":true,"href":"https:\/\/nordicmart.andreevmaster.com\/sv\/wp-json\/wp\/v2\/product_cat?post=17004"},{"taxonomy":"product_tag","embeddable":true,"href":"https:\/\/nordicmart.andreevmaster.com\/sv\/wp-json\/wp\/v2\/product_tag?post=17004"}],"curies":[{"name":"wp","href":"https:\/\/api.w.org\/{rel}","templated":true}]}}