{"id":16998,"date":"2026-02-27T00:33:08","date_gmt":"2026-02-27T00:33:08","guid":{"rendered":"https:\/\/nordicmart.andreevmaster.com\/product\/songmics-hoj-och-sankbar-datorstol\/"},"modified":"2026-02-27T08:23:07","modified_gmt":"2026-02-27T08:23:07","slug":"songmics-hoj-och-sankbar-datorstol","status":"publish","type":"product","link":"https:\/\/nordicmart.andreevmaster.com\/sv\/produkt\/songmics-hoj-och-sankbar-datorstol\/","title":{"rendered":"SONGMICS H\u00f6j- och s\u00e4nkbar datorstol"},"content":{"rendered":"<p>Produktdetaljer: F\u00e4rg: Gr\u00e5 Material: St\u00e5l- och plywoodstomme, skumfyllning, imiterad linneyta, PU-plastrullar Stolens totala storlek: 65 x 69 x (83-93) cm (L x B x H) Sitsens h\u00f6jd (fr\u00e5n golvet): 45\u201355 cm Sitsens m\u00e5tt: 47,5 x 44 cm (L x B) Ryggst\u00f6dets h\u00f6jd: 49 cm Vikt: 9,4 kg Max. statisk belastningskapacitet: 120 kg Leveransomfattning: 1 x kontorsstol 1 x tillbeh\u00f6rspaket 1 x bruksanvisning (DE, EN, IT, FR, ES)<\/p>\n","protected":false},"excerpt":{"rendered":"<p>SONGMICS kontorsstol, bekv\u00e4m skrivbordsstol, h\u00f6j- och s\u00e4nkbar datastol, belastningskapacitet upp till 120 kg, st\u00e5lstativ, imiterat linne, andningsbar, hemmakontor, kontor, gr\u00e5 OBG019G01<\/p>\n","protected":false},"featured_media":44449,"comment_status":"open","ping_status":"closed","template":"","meta":[],"product_brand":[],"product_cat":[33],"product_tag":[],"class_list":{"0":"post-16998","1":"product","2":"type-product","3":"status-publish","4":"has-post-thumbnail","6":"product_cat-okategoriserad","8":"first","9":"instock","10":"shipping-taxable","11":"purchasable","12":"product-type-simple"},"_links":{"self":[{"href":"https:\/\/nordicmart.andreevmaster.com\/sv\/wp-json\/wp\/v2\/product\/16998","targetHints":{"allow":["GET"]}}],"collection":[{"href":"https:\/\/nordicmart.andreevmaster.com\/sv\/wp-json\/wp\/v2\/product"}],"about":[{"href":"https:\/\/nordicmart.andreevmaster.com\/sv\/wp-json\/wp\/v2\/types\/product"}],"replies":[{"embeddable":true,"href":"https:\/\/nordicmart.andreevmaster.com\/sv\/wp-json\/wp\/v2\/comments?post=16998"}],"wp:featuredmedia":[{"embeddable":true,"href":"https:\/\/nordicmart.andreevmaster.com\/sv\/wp-json\/wp\/v2\/media\/44449"}],"wp:attachment":[{"href":"https:\/\/nordicmart.andreevmaster.com\/sv\/wp-json\/wp\/v2\/media?parent=16998"}],"wp:term":[{"taxonomy":"product_brand","embeddable":true,"href":"https:\/\/nordicmart.andreevmaster.com\/sv\/wp-json\/wp\/v2\/product_brand?post=16998"},{"taxonomy":"product_cat","embeddable":true,"href":"https:\/\/nordicmart.andreevmaster.com\/sv\/wp-json\/wp\/v2\/product_cat?post=16998"},{"taxonomy":"product_tag","embeddable":true,"href":"https:\/\/nordicmart.andreevmaster.com\/sv\/wp-json\/wp\/v2\/product_tag?post=16998"}],"curies":[{"name":"wp","href":"https:\/\/api.w.org\/{rel}","templated":true}]}}