{"id":16997,"date":"2026-02-27T00:33:08","date_gmt":"2026-02-27T00:33:08","guid":{"rendered":"https:\/\/nordicmart.andreevmaster.com\/product\/songmics-hemmakontorsstol-gron\/"},"modified":"2026-02-27T08:23:07","modified_gmt":"2026-02-27T08:23:07","slug":"songmics-hemmakontorsstol-gron","status":"publish","type":"product","link":"https:\/\/nordicmart.andreevmaster.com\/sv\/produkt\/songmics-hemmakontorsstol-gron\/","title":{"rendered":"SONGMICS Hemmakontorsstol gr\u00f6n"},"content":{"rendered":"<p>SONGMICS kontorsstol, bekv\u00e4m skrivbordsstol, h\u00f6j- och s\u00e4nkbar datastol, belastningskapacitet upp till 120 kg, st\u00e5lstativ, imiterat linne, andningsbar, hemmakontor, kontor, gr\u00e5 OBG019G01<br \/>\nF\u00e4rg: Gr\u00f6n<br \/>\nMaterial: St\u00e5l- och plywoodstomme, skumplaststoppning, bomulls- och linneblandning, PUR-hjul<br \/>\nStorlek: 69 x 65 x (83\u201393) (D x B x H)<br \/>\nSitsh\u00f6jd: 45\u201355 cm<br \/>\nSitsens storlek: 44 x 47,5 cm (D x B)<br \/>\nRyggst\u00f6dets h\u00f6jd: 49 cm<br \/>\nVikt: 9,4 kg<br \/>\nMax. statisk belastningskapacitet: 110 kg<\/p>\n","protected":false},"excerpt":{"rendered":"<p>SONGMICS kontorsstol, bekv\u00e4m skrivbordsstol, h\u00f6j- och s\u00e4nkbar datastol, belastningskapacitet upp till 120 kg, st\u00e5lstativ, imiterat linne, andningsbar, hemmakontor, kontor, gr\u00e5 OBG019G01<\/p>\n","protected":false},"featured_media":0,"comment_status":"open","ping_status":"closed","template":"","meta":[],"product_brand":[],"product_cat":[33],"product_tag":[],"class_list":{"0":"post-16997","1":"product","2":"type-product","3":"status-publish","5":"product_cat-okategoriserad","7":"first","8":"instock","9":"shipping-taxable","10":"purchasable","11":"product-type-simple"},"_links":{"self":[{"href":"https:\/\/nordicmart.andreevmaster.com\/sv\/wp-json\/wp\/v2\/product\/16997","targetHints":{"allow":["GET"]}}],"collection":[{"href":"https:\/\/nordicmart.andreevmaster.com\/sv\/wp-json\/wp\/v2\/product"}],"about":[{"href":"https:\/\/nordicmart.andreevmaster.com\/sv\/wp-json\/wp\/v2\/types\/product"}],"replies":[{"embeddable":true,"href":"https:\/\/nordicmart.andreevmaster.com\/sv\/wp-json\/wp\/v2\/comments?post=16997"}],"wp:attachment":[{"href":"https:\/\/nordicmart.andreevmaster.com\/sv\/wp-json\/wp\/v2\/media?parent=16997"}],"wp:term":[{"taxonomy":"product_brand","embeddable":true,"href":"https:\/\/nordicmart.andreevmaster.com\/sv\/wp-json\/wp\/v2\/product_brand?post=16997"},{"taxonomy":"product_cat","embeddable":true,"href":"https:\/\/nordicmart.andreevmaster.com\/sv\/wp-json\/wp\/v2\/product_cat?post=16997"},{"taxonomy":"product_tag","embeddable":true,"href":"https:\/\/nordicmart.andreevmaster.com\/sv\/wp-json\/wp\/v2\/product_tag?post=16997"}],"curies":[{"name":"wp","href":"https:\/\/api.w.org\/{rel}","templated":true}]}}