{"id":16996,"date":"2026-02-27T00:33:07","date_gmt":"2026-02-27T00:33:07","guid":{"rendered":"https:\/\/nordicmart.andreevmaster.com\/product\/songmics-kontorsstol-svart\/"},"modified":"2026-02-27T08:23:06","modified_gmt":"2026-02-27T08:23:06","slug":"songmics-kontorsstol-svart","status":"publish","type":"product","link":"https:\/\/nordicmart.andreevmaster.com\/sv\/produkt\/songmics-kontorsstol-svart\/","title":{"rendered":"SONGMICS kontorsstol svart"},"content":{"rendered":"<p>H\u00f6gsta komfort: M\u00e4nniskor av olika l\u00e4ngd beh\u00f6ver stolar av olika h\u00f6jd f\u00f6r att f\u00e5 optimal sittkomfort. D\u00e4rf\u00f6r \u00e4r denna kontorsstol h\u00f6j- och s\u00e4nkbar, s\u00e5 att den passar b\u00e5de l\u00e5nga och korta kontorshj\u00e4ltar. Det v\u00e4lstoppade ryggst\u00f6det och armst\u00f6den f\u00f6rdelar dessutom trycket p\u00e5 kroppen p\u00e5 ett optimalt s\u00e4tt. Den andningsbara ytan i svart imiterat linne g\u00f6r det ocks\u00e5 till en ren njutning att sitta p\u00e5 denna stol. V\u00e4l genomt\u00e4nkta detaljer: Ryggst\u00f6dets och armst\u00f6dens rundade former ger denna kontorsstol en unik modern touch. PU-hjulen g\u00f6r att du kan glida smidigt genom ditt arbetsrum, vardagsrum, sovrum och kontor. Med de medf\u00f6ljande reservskruvarna \u00e4r du dessutom alltid v\u00e4l f\u00f6rberedd p\u00e5 ov\u00e4ntade h\u00e4ndelser.Produktdetaljer: F\u00e4rg: Svart Material: St\u00e5l- och plywoodstomme, skumfyllning, imiterat linne, PU-plastrullar Stolens totala storlek: 65 x 69 x (83-93) cm (L x B x H) Sitsens h\u00f6jd (fr\u00e5n golvet): 45\u201355 cm Sitsens m\u00e5tt: 47,5 x 44 cm (L x B) Ryggst\u00f6dets h\u00f6jd: 49 cm Vikt: 9,4 kg Max. statisk belastningskapacitet: 120 kg Leveransomfattning: 1 x kontorsstol 1 x tillbeh\u00f6rspaket 1 x bruksanvisning<\/p>\n","protected":false},"excerpt":{"rendered":"<p>SONGMICS kontorsstol, bekv\u00e4m skrivbordsstol, h\u00f6j- och s\u00e4nkbar datastol, belastningskapacitet upp till 120 kg, st\u00e5lstativ, imiterat linne, andningsbar, hemmakontor, kontor, gr\u00e5 OBG019G01<\/p>\n","protected":false},"featured_media":44448,"comment_status":"open","ping_status":"closed","template":"","meta":[],"product_brand":[],"product_cat":[33],"product_tag":[],"class_list":{"0":"post-16996","1":"product","2":"type-product","3":"status-publish","4":"has-post-thumbnail","6":"product_cat-okategoriserad","8":"first","9":"instock","10":"shipping-taxable","11":"purchasable","12":"product-type-simple"},"_links":{"self":[{"href":"https:\/\/nordicmart.andreevmaster.com\/sv\/wp-json\/wp\/v2\/product\/16996","targetHints":{"allow":["GET"]}}],"collection":[{"href":"https:\/\/nordicmart.andreevmaster.com\/sv\/wp-json\/wp\/v2\/product"}],"about":[{"href":"https:\/\/nordicmart.andreevmaster.com\/sv\/wp-json\/wp\/v2\/types\/product"}],"replies":[{"embeddable":true,"href":"https:\/\/nordicmart.andreevmaster.com\/sv\/wp-json\/wp\/v2\/comments?post=16996"}],"wp:featuredmedia":[{"embeddable":true,"href":"https:\/\/nordicmart.andreevmaster.com\/sv\/wp-json\/wp\/v2\/media\/44448"}],"wp:attachment":[{"href":"https:\/\/nordicmart.andreevmaster.com\/sv\/wp-json\/wp\/v2\/media?parent=16996"}],"wp:term":[{"taxonomy":"product_brand","embeddable":true,"href":"https:\/\/nordicmart.andreevmaster.com\/sv\/wp-json\/wp\/v2\/product_brand?post=16996"},{"taxonomy":"product_cat","embeddable":true,"href":"https:\/\/nordicmart.andreevmaster.com\/sv\/wp-json\/wp\/v2\/product_cat?post=16996"},{"taxonomy":"product_tag","embeddable":true,"href":"https:\/\/nordicmart.andreevmaster.com\/sv\/wp-json\/wp\/v2\/product_tag?post=16996"}],"curies":[{"name":"wp","href":"https:\/\/api.w.org\/{rel}","templated":true}]}}