{"id":16995,"date":"2026-02-27T00:33:07","date_gmt":"2026-02-27T00:33:07","guid":{"rendered":"https:\/\/nordicmart.andreevmaster.com\/product\/songmics-hoj-och-sankbar-datorstol-svart\/"},"modified":"2026-02-27T08:23:06","modified_gmt":"2026-02-27T08:23:06","slug":"songmics-hoj-och-sankbar-datorstol-svart","status":"publish","type":"product","link":"https:\/\/nordicmart.andreevmaster.com\/sv\/produkt\/songmics-hoj-och-sankbar-datorstol-svart\/","title":{"rendered":"SONGMICS H\u00f6j- och s\u00e4nkbar datorstol Svart"},"content":{"rendered":"<p>H\u00f6gsta komfort: M\u00e4nniskor av olika l\u00e4ngd beh\u00f6ver stolar av olika h\u00f6jd f\u00f6r att f\u00e5 optimal sittkomfort. D\u00e4rf\u00f6r \u00e4r denna skrivbordsstol h\u00f6j- och s\u00e4nkbar, s\u00e5 att den passar b\u00e5de l\u00e5nga och korta kontorshj\u00e4ltar. Det l\u00e4tt b\u00f6jda ryggst\u00f6det f\u00f6rdelar dessutom trycket p\u00e5 kroppen p\u00e5 ett optimalt s\u00e4tt. Det anpassar sig dessutom perfekt efter din kroppsform. Den formstabila skumfyllningen g\u00f6r det ocks\u00e5 till en ren njutning att sitta p\u00e5 denna stol. V\u00e4l genomt\u00e4nkta detaljer: Ryggst\u00f6dets quiltade design ger denna kontorsstol en unik touch. PU-hjulen g\u00f6r att du kan glida smidigt genom ditt arbetsrum, vardagsrum, sovrum och kontor. Med de medf\u00f6ljande reservskruvarna \u00e4r du dessutom alltid v\u00e4l f\u00f6rberedd p\u00e5 ov\u00e4ntade h\u00e4ndelser.Produktdetaljer: F\u00e4rg: Svart Material: St\u00e5l- och plywoodstomme, skumfyllning, PU-konstl\u00e4dersyta, PU-plastrullar Stolens totala storlek: 60 x 67 x (67,8-87,5) cm (L x B x H) Sitsens h\u00f6jd (fr\u00e5n golvet): 41\u201351 cm Sitsens m\u00e5tt: 42 x 44 cm (L x B) Ryggst\u00f6dets h\u00f6jd: 47 cm Vikt: 8,2 kg Max. statisk belastningskapacitet: 120 kg Leveransomfattning: 1 x kontorsstol 1 x tillbeh\u00f6rspaket 1 x bruksanvisning (DE, EN, IT, FR, ES)<\/p>\n","protected":false},"excerpt":{"rendered":"<p>SONGMICS kontorsstol, bekv\u00e4m skrivbordsstol, h\u00f6j- och s\u00e4nkbar datorstol, belastningskapacitet upp till 120 kg, st\u00e5lstativ, PU-konstl\u00e4der, hemmakontor, kontor, svart OBG018B01<\/p>\n","protected":false},"featured_media":44447,"comment_status":"open","ping_status":"closed","template":"","meta":[],"product_brand":[],"product_cat":[33],"product_tag":[],"class_list":{"0":"post-16995","1":"product","2":"type-product","3":"status-publish","4":"has-post-thumbnail","6":"product_cat-okategoriserad","8":"first","9":"instock","10":"shipping-taxable","11":"purchasable","12":"product-type-simple"},"_links":{"self":[{"href":"https:\/\/nordicmart.andreevmaster.com\/sv\/wp-json\/wp\/v2\/product\/16995","targetHints":{"allow":["GET"]}}],"collection":[{"href":"https:\/\/nordicmart.andreevmaster.com\/sv\/wp-json\/wp\/v2\/product"}],"about":[{"href":"https:\/\/nordicmart.andreevmaster.com\/sv\/wp-json\/wp\/v2\/types\/product"}],"replies":[{"embeddable":true,"href":"https:\/\/nordicmart.andreevmaster.com\/sv\/wp-json\/wp\/v2\/comments?post=16995"}],"wp:featuredmedia":[{"embeddable":true,"href":"https:\/\/nordicmart.andreevmaster.com\/sv\/wp-json\/wp\/v2\/media\/44447"}],"wp:attachment":[{"href":"https:\/\/nordicmart.andreevmaster.com\/sv\/wp-json\/wp\/v2\/media?parent=16995"}],"wp:term":[{"taxonomy":"product_brand","embeddable":true,"href":"https:\/\/nordicmart.andreevmaster.com\/sv\/wp-json\/wp\/v2\/product_brand?post=16995"},{"taxonomy":"product_cat","embeddable":true,"href":"https:\/\/nordicmart.andreevmaster.com\/sv\/wp-json\/wp\/v2\/product_cat?post=16995"},{"taxonomy":"product_tag","embeddable":true,"href":"https:\/\/nordicmart.andreevmaster.com\/sv\/wp-json\/wp\/v2\/product_tag?post=16995"}],"curies":[{"name":"wp","href":"https:\/\/api.w.org\/{rel}","templated":true}]}}