{"id":16994,"date":"2026-02-27T00:33:07","date_gmt":"2026-02-27T00:33:07","guid":{"rendered":"https:\/\/nordicmart.andreevmaster.com\/product\/songmics-kontorsstol-pa-hjul-svart-gra\/"},"modified":"2026-02-27T08:23:06","modified_gmt":"2026-02-27T08:23:06","slug":"songmics-kontorsstol-pa-hjul-svart-gra","status":"publish","type":"product","link":"https:\/\/nordicmart.andreevmaster.com\/sv\/produkt\/songmics-kontorsstol-pa-hjul-svart-gra\/","title":{"rendered":"SONGMICS kontorsstol p\u00e5 hjul Svart-gr\u00e5"},"content":{"rendered":"<p>Produktdetaljer: F\u00e4rg: Svartgr\u00e5 Material: St\u00e5lstativ, PU, nylonhjul, skumplastkl\u00e4dsel Total storlek: 67 x 64 x (92-100) cm (L x B x H) Sitsh\u00f6jd: 48-56 cm Vikt: 13,3 kg Max. statisk belastningskapacitet: 120 kgLeveransomfattning:1 x gamingstol1 x tillbeh\u00f6rspaket1 x bruksanvisning<\/p>\n","protected":false},"excerpt":{"rendered":"<p>SONGMICS kontorsstol, skrivbordsstol, yta av PU, snurrstol, datorstol, h\u00f6j- och s\u00e4nkbar, vippfunktion, svartgr\u00e5 OBG015B01<\/p>\n","protected":false},"featured_media":44446,"comment_status":"open","ping_status":"closed","template":"","meta":[],"product_brand":[],"product_cat":[33],"product_tag":[],"class_list":{"0":"post-16994","1":"product","2":"type-product","3":"status-publish","4":"has-post-thumbnail","6":"product_cat-okategoriserad","8":"first","9":"instock","10":"shipping-taxable","11":"purchasable","12":"product-type-simple"},"_links":{"self":[{"href":"https:\/\/nordicmart.andreevmaster.com\/sv\/wp-json\/wp\/v2\/product\/16994","targetHints":{"allow":["GET"]}}],"collection":[{"href":"https:\/\/nordicmart.andreevmaster.com\/sv\/wp-json\/wp\/v2\/product"}],"about":[{"href":"https:\/\/nordicmart.andreevmaster.com\/sv\/wp-json\/wp\/v2\/types\/product"}],"replies":[{"embeddable":true,"href":"https:\/\/nordicmart.andreevmaster.com\/sv\/wp-json\/wp\/v2\/comments?post=16994"}],"wp:featuredmedia":[{"embeddable":true,"href":"https:\/\/nordicmart.andreevmaster.com\/sv\/wp-json\/wp\/v2\/media\/44446"}],"wp:attachment":[{"href":"https:\/\/nordicmart.andreevmaster.com\/sv\/wp-json\/wp\/v2\/media?parent=16994"}],"wp:term":[{"taxonomy":"product_brand","embeddable":true,"href":"https:\/\/nordicmart.andreevmaster.com\/sv\/wp-json\/wp\/v2\/product_brand?post=16994"},{"taxonomy":"product_cat","embeddable":true,"href":"https:\/\/nordicmart.andreevmaster.com\/sv\/wp-json\/wp\/v2\/product_cat?post=16994"},{"taxonomy":"product_tag","embeddable":true,"href":"https:\/\/nordicmart.andreevmaster.com\/sv\/wp-json\/wp\/v2\/product_tag?post=16994"}],"curies":[{"name":"wp","href":"https:\/\/api.w.org\/{rel}","templated":true}]}}