{"id":16993,"date":"2026-02-27T00:33:06","date_gmt":"2026-02-27T00:33:06","guid":{"rendered":"https:\/\/nordicmart.andreevmaster.com\/product\/songmics-kontorsstol-stoppad-cappuccinobeige-molnvit\/"},"modified":"2026-02-27T08:23:06","modified_gmt":"2026-02-27T08:23:06","slug":"songmics-kontorsstol-stoppad-cappuccinobeige-molnvit","status":"publish","type":"product","link":"https:\/\/nordicmart.andreevmaster.com\/sv\/produkt\/songmics-kontorsstol-stoppad-cappuccinobeige-molnvit\/","title":{"rendered":"SONGMICS kontorsstol, stoppad, cappuccinobeige-molnvit"},"content":{"rendered":"<p>SONGMICS kontorsstol, snurrstol med sammetskl\u00e4dsel, skumplaststoppning, h\u00f6j- och s\u00e4nkbar, f\u00f6r arbetsrum, bar, ljusgr\u00e5 OBG012G01<br \/>\nF\u00e4rg: Cappuccinobeige-Molnvit<br \/>\nMaterial: st\u00e5l, sherpa, konstl\u00e4der, nylonhjul, skumplaststoppning<br \/>\nStolens totala storlek: 62 x 62 x (83,5-93,5) cm (D x B x H)<br \/>\nSitsh\u00f6jd: 47\u201357 cm<br \/>\nVikt: 8,2 kg<br \/>\nMax. statisk belastningskapacitet: 110 kg<\/p>\n","protected":false},"excerpt":{"rendered":"<p>SONGMICS kontorsstol, snurrstol med sammetskl\u00e4dsel, skumplaststoppning, h\u00f6j- och s\u00e4nkbar, f\u00f6r arbetsrum, bar, ljusgr\u00e5 OBG012G01<\/p>\n","protected":false},"featured_media":44445,"comment_status":"open","ping_status":"closed","template":"","meta":[],"product_brand":[],"product_cat":[33],"product_tag":[],"class_list":{"0":"post-16993","1":"product","2":"type-product","3":"status-publish","4":"has-post-thumbnail","6":"product_cat-okategoriserad","8":"first","9":"instock","10":"shipping-taxable","11":"purchasable","12":"product-type-simple"},"_links":{"self":[{"href":"https:\/\/nordicmart.andreevmaster.com\/sv\/wp-json\/wp\/v2\/product\/16993","targetHints":{"allow":["GET"]}}],"collection":[{"href":"https:\/\/nordicmart.andreevmaster.com\/sv\/wp-json\/wp\/v2\/product"}],"about":[{"href":"https:\/\/nordicmart.andreevmaster.com\/sv\/wp-json\/wp\/v2\/types\/product"}],"replies":[{"embeddable":true,"href":"https:\/\/nordicmart.andreevmaster.com\/sv\/wp-json\/wp\/v2\/comments?post=16993"}],"wp:featuredmedia":[{"embeddable":true,"href":"https:\/\/nordicmart.andreevmaster.com\/sv\/wp-json\/wp\/v2\/media\/44445"}],"wp:attachment":[{"href":"https:\/\/nordicmart.andreevmaster.com\/sv\/wp-json\/wp\/v2\/media?parent=16993"}],"wp:term":[{"taxonomy":"product_brand","embeddable":true,"href":"https:\/\/nordicmart.andreevmaster.com\/sv\/wp-json\/wp\/v2\/product_brand?post=16993"},{"taxonomy":"product_cat","embeddable":true,"href":"https:\/\/nordicmart.andreevmaster.com\/sv\/wp-json\/wp\/v2\/product_cat?post=16993"},{"taxonomy":"product_tag","embeddable":true,"href":"https:\/\/nordicmart.andreevmaster.com\/sv\/wp-json\/wp\/v2\/product_tag?post=16993"}],"curies":[{"name":"wp","href":"https:\/\/api.w.org\/{rel}","templated":true}]}}