{"id":16991,"date":"2026-02-27T00:33:06","date_gmt":"2026-02-27T00:33:06","guid":{"rendered":"https:\/\/nordicmart.andreevmaster.com\/product\/songmics-kontorsstol-med-sammetskladsel-hoj-och-sankbar-duvgra\/"},"modified":"2026-02-27T08:23:05","modified_gmt":"2026-02-27T08:23:05","slug":"songmics-kontorsstol-med-sammetskladsel-hoj-och-sankbar-duvgra","status":"publish","type":"product","link":"https:\/\/nordicmart.andreevmaster.com\/sv\/produkt\/songmics-kontorsstol-med-sammetskladsel-hoj-och-sankbar-duvgra\/","title":{"rendered":"SONGMICS kontorsstol med sammetskl\u00e4dsel, h\u00f6j- och s\u00e4nkbar, duvgr\u00e5"},"content":{"rendered":"<p>SONGMICS kontorsstol, snurrstol med sammetskl\u00e4dsel, skumplaststoppning, h\u00f6j- och s\u00e4nkbar, f\u00f6r arbetsrum, bar, ljusgr\u00e5 OBG012G01<br \/>\nF\u00e4rg: duvgr\u00e5<br \/>\nMaterial: st\u00e5l, nylonhjul, skumplaststoppning, sammet<br \/>\nStolens totala storlek: 64 x 62 x (80-90) cm (D x B x H)<br \/>\nSitsh\u00f6jd: 45-55 cm<br \/>\nVikt: 8,2 kg<br \/>\nMax. statisk belastningskapacitet: 110 kg<\/p>\n","protected":false},"excerpt":{"rendered":"<p>SONGMICS kontorsstol, snurrstol med sammetskl\u00e4dsel, skumplaststoppning, h\u00f6j- och s\u00e4nkbar, f\u00f6r arbetsrum, bar, ljusgr\u00e5 OBG012G01<\/p>\n","protected":false},"featured_media":44443,"comment_status":"open","ping_status":"closed","template":"","meta":[],"product_brand":[],"product_cat":[33],"product_tag":[],"class_list":{"0":"post-16991","1":"product","2":"type-product","3":"status-publish","4":"has-post-thumbnail","6":"product_cat-okategoriserad","8":"first","9":"instock","10":"shipping-taxable","11":"purchasable","12":"product-type-simple"},"_links":{"self":[{"href":"https:\/\/nordicmart.andreevmaster.com\/sv\/wp-json\/wp\/v2\/product\/16991","targetHints":{"allow":["GET"]}}],"collection":[{"href":"https:\/\/nordicmart.andreevmaster.com\/sv\/wp-json\/wp\/v2\/product"}],"about":[{"href":"https:\/\/nordicmart.andreevmaster.com\/sv\/wp-json\/wp\/v2\/types\/product"}],"replies":[{"embeddable":true,"href":"https:\/\/nordicmart.andreevmaster.com\/sv\/wp-json\/wp\/v2\/comments?post=16991"}],"wp:featuredmedia":[{"embeddable":true,"href":"https:\/\/nordicmart.andreevmaster.com\/sv\/wp-json\/wp\/v2\/media\/44443"}],"wp:attachment":[{"href":"https:\/\/nordicmart.andreevmaster.com\/sv\/wp-json\/wp\/v2\/media?parent=16991"}],"wp:term":[{"taxonomy":"product_brand","embeddable":true,"href":"https:\/\/nordicmart.andreevmaster.com\/sv\/wp-json\/wp\/v2\/product_brand?post=16991"},{"taxonomy":"product_cat","embeddable":true,"href":"https:\/\/nordicmart.andreevmaster.com\/sv\/wp-json\/wp\/v2\/product_cat?post=16991"},{"taxonomy":"product_tag","embeddable":true,"href":"https:\/\/nordicmart.andreevmaster.com\/sv\/wp-json\/wp\/v2\/product_tag?post=16991"}],"curies":[{"name":"wp","href":"https:\/\/api.w.org\/{rel}","templated":true}]}}