{"id":16989,"date":"2026-02-27T00:33:05","date_gmt":"2026-02-27T00:33:05","guid":{"rendered":"https:\/\/nordicmart.andreevmaster.com\/product\/nomi-garderob\/"},"modified":"2026-02-27T08:23:05","modified_gmt":"2026-02-27T08:23:05","slug":"nomi-garderob","status":"publish","type":"product","link":"https:\/\/nordicmart.andreevmaster.com\/sv\/produkt\/nomi-garderob\/","title":{"rendered":"Nomi garderob"},"content":{"rendered":"<p>En rymlig garderob med tv\u00e5 d\u00f6rrar \u00e4r en n\u00f6dv\u00e4ndig del av barnrumsinredningen. Garderoben \u00e4r uppdelad i tv\u00e5 delar: ett stativ f\u00f6r att h\u00e4nga kl\u00e4der och rymliga hyllor. Garderoben levereras komplett med en l\u00e5da som \u00e4r ett frist\u00e5ende element under garderoben.<br \/>\n**<br \/>\nHuvudsakliga f\u00f6rdelar:**<br \/>\n&#8211; rymlig l\u00e5da<br \/>\n&#8211; 4 hyllor inuti, varav 3 med m\u00f6jlighet att justera placeringen (h\u00f6ger del av garderoben), en hylla som str\u00e4cker sig \u00f6ver hela garderoben; kl\u00e4dst\u00e5ng f\u00f6r h\u00e4ngande kl\u00e4der och under den: en hylla med m\u00f6jlighet att justera placeringen (v\u00e4nster del av garderoben)<br \/>\n&#8211; m\u00f6jlighet till v\u00e4ggf\u00e4ste \u2013 rekommenderas<br \/>\n&#8211; uppfyller europeiska standarder och s\u00e4kerhetskrav<\/p>\n<p>**M\u00f6beldesign och ytbehandling:**<br \/>\n&#8211; \u00f6verdelen \u00e4r tillverkad av naturlig ekfan\u00e9r lackerad med f\u00e4rgl\u00f6s f\u00e4rg<br \/>\n&#8211; d\u00f6rrarna \u00e4r tillverkade av MDF-skiva i vit barns\u00e4ker lack<br \/>\n&#8211; benen \u00e4r tillverkade av ek, lackerade med f\u00e4rgl\u00f6s barns\u00e4ker f\u00e4rg<br \/>\n&#8211; sidorna p\u00e5 byr\u00e5n \u00e4r tillverkade av h\u00f6gkvalitativ laminerad skiva som \u00e4r motst\u00e5ndskraftig mot skador och fukt och l\u00e4tt att h\u00e5lla ren<br \/>\n&#8211; L\u00e5dorna \u00e4r utrustade med s\u00e4kra och tysta Hafele-skenor med sj\u00e4lvst\u00e4ngande system.<br \/>\n&#8211; Lackerna som anv\u00e4nds i tillverkningsprocessen \u00e4r barns\u00e4kra, certifierade och orsakar inte allergier. <\/p>\n<p>**F\u00e4rger:**<br \/>\n&#8211; Vit och ek, allt med matt yta. <\/p>\n<p>**Bruksanvisning:**<br \/>\nM\u00f6blerna ska torkas av med en mjuk bomullsduk fuktad med vatten eller m\u00f6belpolish.<\/p>\n<p>**Ytterligare information:**<br \/>\nM\u00f6blerna levereras i l\u00e5dor f\u00f6r sj\u00e4lvmontering. L\u00e5dorna inneh\u00e5ller en detaljerad monteringsanvisning samt tillbeh\u00f6r (skruvar etc.).<\/p>\n","protected":false},"excerpt":{"rendered":"<p>En rymlig garderob med tv\u00e5 d\u00f6rrar \u00e4r en n\u00f6dv\u00e4ndig del av barnrumsinredningen. Garderoben \u00e4r uppdelad i tv\u00e5 delar: ett stativ f\u00f6r att h\u00e4nga kl\u00e4der och rymliga hyllor. Garderoben levereras komplett med en l\u00e5da som \u00e4r ett frist\u00e5ende element under garderoben. ** Huvudsakliga f\u00f6rdelar:** &#8211; rymlig l\u00e5da &#8211; 4 hyllor inuti, varav 3 med m\u00f6jlighet att [&hellip;]<\/p>\n","protected":false},"featured_media":0,"comment_status":"open","ping_status":"closed","template":"","meta":[],"product_brand":[],"product_cat":[33],"product_tag":[],"class_list":{"0":"post-16989","1":"product","2":"type-product","3":"status-publish","5":"product_cat-okategoriserad","7":"first","8":"instock","9":"shipping-taxable","10":"purchasable","11":"product-type-simple"},"_links":{"self":[{"href":"https:\/\/nordicmart.andreevmaster.com\/sv\/wp-json\/wp\/v2\/product\/16989","targetHints":{"allow":["GET"]}}],"collection":[{"href":"https:\/\/nordicmart.andreevmaster.com\/sv\/wp-json\/wp\/v2\/product"}],"about":[{"href":"https:\/\/nordicmart.andreevmaster.com\/sv\/wp-json\/wp\/v2\/types\/product"}],"replies":[{"embeddable":true,"href":"https:\/\/nordicmart.andreevmaster.com\/sv\/wp-json\/wp\/v2\/comments?post=16989"}],"wp:attachment":[{"href":"https:\/\/nordicmart.andreevmaster.com\/sv\/wp-json\/wp\/v2\/media?parent=16989"}],"wp:term":[{"taxonomy":"product_brand","embeddable":true,"href":"https:\/\/nordicmart.andreevmaster.com\/sv\/wp-json\/wp\/v2\/product_brand?post=16989"},{"taxonomy":"product_cat","embeddable":true,"href":"https:\/\/nordicmart.andreevmaster.com\/sv\/wp-json\/wp\/v2\/product_cat?post=16989"},{"taxonomy":"product_tag","embeddable":true,"href":"https:\/\/nordicmart.andreevmaster.com\/sv\/wp-json\/wp\/v2\/product_tag?post=16989"}],"curies":[{"name":"wp","href":"https:\/\/api.w.org\/{rel}","templated":true}]}}