{"id":16988,"date":"2026-02-27T00:33:05","date_gmt":"2026-02-27T00:33:05","guid":{"rendered":"https:\/\/nordicmart.andreevmaster.com\/product\/nomi-bokhylla\/"},"modified":"2026-02-27T08:23:05","modified_gmt":"2026-02-27T08:23:05","slug":"nomi-bokhylla","status":"publish","type":"product","link":"https:\/\/nordicmart.andreevmaster.com\/sv\/produkt\/nomi-bokhylla\/","title":{"rendered":"Nomi bokhylla"},"content":{"rendered":"<p>Nomi bokhylla har m\u00e5nga funktionella l\u00f6sningar. Den kan st\u00e5 p\u00e5 golvet s\u00e5 att ditt barn kan leka med sina leksaker och ha fri tillg\u00e5ng till dem. N\u00e4r ditt barn v\u00e4xer upp kan du h\u00e4nga bokhyllan p\u00e5 v\u00e4ggen. Men det viktigaste \u00e4r att du ocks\u00e5 kan st\u00e4lla bokhyllan bredvid s\u00e4ngen och skapa ett underbart litet hus f\u00f6r ditt barn att leka och sova i. Huvudsakliga f\u00f6rdelar:<br \/>\n&#8211; kan st\u00e4llas p\u00e5 golvet, h\u00e4ngas p\u00e5 v\u00e4ggen eller placeras bredvid s\u00e4ngen<br \/>\n&#8211; rymlig hylla som f\u00f6rhindrar att saker faller ner<br \/>\n&#8211; kan f\u00e4stas p\u00e5 v\u00e4ggen<br \/>\n&#8211; uppfyller europeiska standarder och s\u00e4kerhetskrav M\u00e5tt (cm):<br \/>\nh\u00f6jd: 120<br \/>\ndjup: 40<br \/>\nbredd: 74 M\u00f6belmaterial och ytbehandling:<br \/>\n&#8211; sidor och ovansida \u00e4r tillverkade av lackerad MDF-skiva i vit f\u00e4rg<br \/>\n&#8211; alla hyllor \u00e4r tillverkade av ekfan\u00e9r<br \/>\n&#8211; f\u00e4rgerna som anv\u00e4nds i lackeringsprocessen \u00e4r s\u00e4kra f\u00f6r barn, EN71\/3-godk\u00e4nda och orsakar inte allergi.<br \/>\n Anv\u00e4ndningsanvisning:<br \/>\nM\u00f6blerna ska torkas av med en mjuk bomullsduk fuktad med vatten eller ett produkt avsedd f\u00f6r m\u00f6belv\u00e5rd.<\/p>\n<p>Ytterligare information:<br \/>\nM\u00f6blerna levereras i paket, avsedda f\u00f6r sj\u00e4lvmontering. Paketen inneh\u00e5ller detaljerade monteringsanvisningar samt tillbeh\u00f6r (skruvar etc.).<\/p>\n","protected":false},"excerpt":{"rendered":"<p>Nomi bokhylla har m\u00e5nga funktionella l\u00f6sningar. Den kan st\u00e5 p\u00e5 golvet s\u00e5 att ditt barn kan leka med sina leksaker och ha fri tillg\u00e5ng till dem. N\u00e4r ditt barn v\u00e4xer upp kan du h\u00e4nga bokhyllan p\u00e5 v\u00e4ggen. Men det viktigaste \u00e4r att du ocks\u00e5 kan st\u00e4lla bokhyllan bredvid s\u00e4ngen och skapa ett underbart litet hus [&hellip;]<\/p>\n","protected":false},"featured_media":0,"comment_status":"open","ping_status":"closed","template":"","meta":[],"product_brand":[],"product_cat":[33],"product_tag":[],"class_list":{"0":"post-16988","1":"product","2":"type-product","3":"status-publish","5":"product_cat-okategoriserad","7":"first","8":"instock","9":"shipping-taxable","10":"purchasable","11":"product-type-simple"},"_links":{"self":[{"href":"https:\/\/nordicmart.andreevmaster.com\/sv\/wp-json\/wp\/v2\/product\/16988","targetHints":{"allow":["GET"]}}],"collection":[{"href":"https:\/\/nordicmart.andreevmaster.com\/sv\/wp-json\/wp\/v2\/product"}],"about":[{"href":"https:\/\/nordicmart.andreevmaster.com\/sv\/wp-json\/wp\/v2\/types\/product"}],"replies":[{"embeddable":true,"href":"https:\/\/nordicmart.andreevmaster.com\/sv\/wp-json\/wp\/v2\/comments?post=16988"}],"wp:attachment":[{"href":"https:\/\/nordicmart.andreevmaster.com\/sv\/wp-json\/wp\/v2\/media?parent=16988"}],"wp:term":[{"taxonomy":"product_brand","embeddable":true,"href":"https:\/\/nordicmart.andreevmaster.com\/sv\/wp-json\/wp\/v2\/product_brand?post=16988"},{"taxonomy":"product_cat","embeddable":true,"href":"https:\/\/nordicmart.andreevmaster.com\/sv\/wp-json\/wp\/v2\/product_cat?post=16988"},{"taxonomy":"product_tag","embeddable":true,"href":"https:\/\/nordicmart.andreevmaster.com\/sv\/wp-json\/wp\/v2\/product_tag?post=16988"}],"curies":[{"name":"wp","href":"https:\/\/api.w.org\/{rel}","templated":true}]}}