{"id":16987,"date":"2026-02-27T00:33:05","date_gmt":"2026-02-27T00:33:05","guid":{"rendered":"https:\/\/nordicmart.andreevmaster.com\/product\/nomi-spjalsang-juniorbadd-70x140-med-lada\/"},"modified":"2026-02-27T08:23:05","modified_gmt":"2026-02-27T08:23:05","slug":"nomi-spjalsang-juniorbadd-70x140-med-lada","status":"publish","type":"product","link":"https:\/\/nordicmart.andreevmaster.com\/sv\/produkt\/nomi-spjalsang-juniorbadd-70x140-med-lada\/","title":{"rendered":"Nomi spj\u00e4ls\u00e4ng\/juniorb\u00e4dd 70&#215;140 med l\u00e5da"},"content":{"rendered":"<p>Spj\u00e4ls\u00e4ngen \u00e4r alltid hj\u00e4rtat i barnrummet, d\u00e4r de kan vila, dr\u00f6mma och leka. Men f\u00f6rutom att tillgodose varje barns grundl\u00e4ggande behov har vi ocks\u00e5 fokuserat p\u00e5 den praktiska anv\u00e4ndningen av dess funktioner i lek och st\u00f6d f\u00f6r barnets utveckling.<br \/>\nSpj\u00e4ls\u00e4ngen i soff- eller dagb\u00e4ddversion har d\u00e4rf\u00f6r en bekv\u00e4m h\u00f6jd fr\u00e5n golvet s\u00e5 att barn kan kliva i och ur s\u00e4ngen fritt, vilket \u00e4r s\u00e4rskilt viktigt f\u00f6r att bygga upp deras sj\u00e4lvst\u00e4ndighet och autonomi. En rymlig l\u00e5da f\u00f6r olika tillbeh\u00f6r kan \u00f6ppnas enkelt av alla sm\u00e5barn, och n\u00e4r vi placerar en bokhylla fr\u00e5n samma kollektion p\u00e5 dagb\u00e4dden skapar vi ett mysigt bo f\u00f6r s\u00f6mn och lek med plats f\u00f6r barnets favoritnalle, en lampa etc.<\/p>\n<p>**De viktigaste f\u00f6rdelarna:**<br \/>\n&#8211; uppfyller europeiska standarder och s\u00e4kerhetsnormer<br \/>\n&#8211; tv\u00e5 avtagbara st\u00e4nger i en av ramarna som g\u00f6r det m\u00f6jligt att kliva i och ur s\u00e4ngen<br \/>\n&#8211; fyra niv\u00e5er f\u00f6r madrassramens position som kan justeras efter barnets utvecklingsniv\u00e5 (28\/34\/ 48,5\/ 64,5 cm fr\u00e5n golvet)<br \/>\n&#8211; kan omvandlas till en soffa genom att demontera en av ramarna<br \/>\n&#8211; kan omvandlas till en dagb\u00e4dd genom att demontera tv\u00e5 ramar samt huvud- och fotgaveln<br \/>\n&#8211; dagb\u00e4dden kan kombineras med en stuga-bokhylla fr\u00e5n samma serie<br \/>\n&#8211; rymlig l\u00e5da p\u00e5 tysta Hafele-skenor<br \/>\n&#8211; l\u00e5sk\u00e5pa<br \/>\n&#8211; fallskydd f\u00f6r s\u00e4ngen finns som tillval<\/p>\n<p>**M\u00e5tt (cm):**<br \/>\nl\u00e4ngd: 144<br \/>\nbredd: 795<br \/>\nh\u00f6jd: 96 <\/p>\n<p>**Ytterligare information:**<br \/>\n&#8211; madrass som passar till spj\u00e4ls\u00e4ngen: 140 cm x 70 cm<br \/>\n&#8211; livsl\u00e4ngd: till cirka 5 \u00e5rs \u00e5lder.<\/p>\n<p>**M\u00f6beldesign och ytbehandling:**<br \/>\n&#8211; \u00f6verdelen \u00e4r tillverkad av naturlig ekfan\u00e9r lackerad med f\u00e4rgl\u00f6s f\u00e4rg<br \/>\n&#8211; l\u00e5dfronter (2\/3) \u00e4r tillverkade av MDF-skiva i vit barns\u00e4ker lack och ekfan\u00e9r (1\/3) lackerad med f\u00e4rgl\u00f6s f\u00e4rg<br \/>\n&#8211; benen \u00e4r tillverkade av ek, lackerade med f\u00e4rgl\u00f6s barns\u00e4ker f\u00e4rg<br \/>\n&#8211; L\u00e5dan \u00e4r utrustad med s\u00e4kra och tysta Hafele-skenor med sj\u00e4lvst\u00e4ngande system<br \/>\n&#8211; Stegarna \u00e4r tillverkade av boktr\u00e4, lackerade med vit f\u00e4rg<br \/>\n&#8211; Madrassramen \u00e4r tillverkad av bokplywood<br \/>\n&#8211; Lackerna som anv\u00e4nds i tillverkningsprocessen \u00e4r barns\u00e4kra, certifierade enligt standarden EN71\/3 och orsakar inga allergier<\/p>\n<p>**F\u00e4rger:**<br \/>\n&#8211; vit, ek med matt yta<\/p>\n<p>**Bruksanvisning:**<br \/>\nM\u00f6blerna ska torkas av med en mjuk bomullsduk fuktad med vatten eller m\u00f6belpolish.<\/p>\n<p>**Ytterligare information:**<br \/>\nM\u00f6blerna levereras i l\u00e5dor f\u00f6r sj\u00e4lvmontering. L\u00e5dorna inneh\u00e5ller en detaljerad monteringsanvisning samt tillbeh\u00f6r (skruvar etc.).<\/p>\n","protected":false},"excerpt":{"rendered":"<p>Spj\u00e4ls\u00e4ngen \u00e4r alltid hj\u00e4rtat i barnrummet, d\u00e4r de kan vila, dr\u00f6mma och leka. Men f\u00f6rutom att tillgodose varje barns grundl\u00e4ggande behov har vi ocks\u00e5 fokuserat p\u00e5 den praktiska anv\u00e4ndningen av dess funktioner i lek och st\u00f6d f\u00f6r barnets utveckling. Spj\u00e4ls\u00e4ngen i soff- eller dagb\u00e4ddversion har d\u00e4rf\u00f6r en bekv\u00e4m h\u00f6jd fr\u00e5n golvet s\u00e5 att barn kan [&hellip;]<\/p>\n","protected":false},"featured_media":0,"comment_status":"open","ping_status":"closed","template":"","meta":[],"product_brand":[],"product_cat":[33],"product_tag":[],"class_list":{"0":"post-16987","1":"product","2":"type-product","3":"status-publish","5":"product_cat-okategoriserad","7":"first","8":"instock","9":"shipping-taxable","10":"purchasable","11":"product-type-simple"},"_links":{"self":[{"href":"https:\/\/nordicmart.andreevmaster.com\/sv\/wp-json\/wp\/v2\/product\/16987","targetHints":{"allow":["GET"]}}],"collection":[{"href":"https:\/\/nordicmart.andreevmaster.com\/sv\/wp-json\/wp\/v2\/product"}],"about":[{"href":"https:\/\/nordicmart.andreevmaster.com\/sv\/wp-json\/wp\/v2\/types\/product"}],"replies":[{"embeddable":true,"href":"https:\/\/nordicmart.andreevmaster.com\/sv\/wp-json\/wp\/v2\/comments?post=16987"}],"wp:attachment":[{"href":"https:\/\/nordicmart.andreevmaster.com\/sv\/wp-json\/wp\/v2\/media?parent=16987"}],"wp:term":[{"taxonomy":"product_brand","embeddable":true,"href":"https:\/\/nordicmart.andreevmaster.com\/sv\/wp-json\/wp\/v2\/product_brand?post=16987"},{"taxonomy":"product_cat","embeddable":true,"href":"https:\/\/nordicmart.andreevmaster.com\/sv\/wp-json\/wp\/v2\/product_cat?post=16987"},{"taxonomy":"product_tag","embeddable":true,"href":"https:\/\/nordicmart.andreevmaster.com\/sv\/wp-json\/wp\/v2\/product_tag?post=16987"}],"curies":[{"name":"wp","href":"https:\/\/api.w.org\/{rel}","templated":true}]}}