{"id":16986,"date":"2026-02-27T00:33:05","date_gmt":"2026-02-27T00:33:05","guid":{"rendered":"https:\/\/nordicmart.andreevmaster.com\/product\/nomi-byra\/"},"modified":"2026-02-27T08:23:05","modified_gmt":"2026-02-27T08:23:05","slug":"nomi-byra","status":"publish","type":"product","link":"https:\/\/nordicmart.andreevmaster.com\/sv\/produkt\/nomi-byra\/","title":{"rendered":"Nomi byr\u00e5"},"content":{"rendered":"<p>Byr\u00e5bredden bredvid babys\u00e4ngen \u00e4r ett mycket viktigt inslag i barnrummet. Tre rymliga l\u00e5dor erbjuder tillr\u00e4ckligt med plats f\u00f6r m\u00e5nga tillbeh\u00f6r, mindre och st\u00f6rre kl\u00e4desplagg eller barnens skatter. Traditionella knoppar har ersatts med leendeformade inf\u00e4llda handtag som \u00e4r extremt bekv\u00e4ma f\u00f6r b\u00e5de barn och vuxna. Den \u00f6vre delen kan anv\u00e4ndas som sk\u00f6tbord s\u00e5 att f\u00f6r\u00e4ldrarna s\u00e4kert kan ta hand om barnet under de f\u00f6rsta levnads\u00e5ren.<br \/>\n**De viktigaste f\u00f6rdelarna:**<br \/>\n&#8211; tre rymliga l\u00e5dor<br \/>\n&#8211; kan utrustas med ett sk\u00f6tbord<br \/>\n&#8211; anv\u00e4ndarv\u00e4nliga handtag<br \/>\n&#8211; kan monteras p\u00e5 v\u00e4ggen \u2013 rekommenderas<br \/>\n&#8211; uppfyller europeiska standarder och s\u00e4kerhetsnormer<br \/>\n**M\u00e5tt (cm):**<br \/>\nh\u00f6jd: 90<br \/>\ndjup: 50<br \/>\nbredd: 90<\/p>\n<p>**M\u00f6beldesign och ytbehandling:**<br \/>\n&#8211; toppen \u00e4r tillverkad av naturlig ekfan\u00e9r lackerad med f\u00e4rgl\u00f6s f\u00e4rg<br \/>\n&#8211; l\u00e5dornas fronter \u00e4r tillverkade av MDF-skiva i vit barns\u00e4ker lack<br \/>\n&#8211; benen \u00e4r tillverkade av ek, lackerade med f\u00e4rgl\u00f6s barns\u00e4ker f\u00e4rg<br \/>\n&#8211; Sidorna p\u00e5 byr\u00e5n \u00e4r tillverkade av h\u00f6gkvalitativ laminerad skiva som \u00e4r motst\u00e5ndskraftig mot skador och fukt och l\u00e4tt att h\u00e5lla ren<br \/>\n&#8211; L\u00e5dorna \u00e4r utrustade med s\u00e4kra och tysta Hafele-skenor med sj\u00e4lvst\u00e4ngande system<br \/>\n&#8211; Lackerna som anv\u00e4nds i tillverkningsprocessen \u00e4r barns\u00e4kra,<br \/>\ncertifierade och orsakar inte allergier<\/p>\n<p>**F\u00e4rger:**<br \/>\n&#8211; vit och ek, allt med matt yta<\/p>\n<p>**Bruksanvisning:**<br \/>\nM\u00f6blerna ska torkas av med en mjuk bomullsduk fuktad med vatten eller m\u00f6belpolish.<br \/>\n**<br \/>\nYtterligare information:**<br \/>\nM\u00f6blerna levereras i l\u00e5dor f\u00f6r sj\u00e4lvmontering. L\u00e5dorna inneh\u00e5ller en detaljerad monteringsanvisning samt tillbeh\u00f6r (skruvar etc.).<\/p>\n","protected":false},"excerpt":{"rendered":"<p>Byr\u00e5bredden bredvid babys\u00e4ngen \u00e4r ett mycket viktigt inslag i barnrummet. Tre rymliga l\u00e5dor erbjuder tillr\u00e4ckligt med plats f\u00f6r m\u00e5nga tillbeh\u00f6r, mindre och st\u00f6rre kl\u00e4desplagg eller barnens skatter. Traditionella knoppar har ersatts med leendeformade inf\u00e4llda handtag som \u00e4r extremt bekv\u00e4ma f\u00f6r b\u00e5de barn och vuxna. Den \u00f6vre delen kan anv\u00e4ndas som sk\u00f6tbord s\u00e5 att f\u00f6r\u00e4ldrarna s\u00e4kert [&hellip;]<\/p>\n","protected":false},"featured_media":0,"comment_status":"open","ping_status":"closed","template":"","meta":[],"product_brand":[],"product_cat":[33],"product_tag":[],"class_list":{"0":"post-16986","1":"product","2":"type-product","3":"status-publish","5":"product_cat-okategoriserad","7":"first","8":"instock","9":"shipping-taxable","10":"purchasable","11":"product-type-simple"},"_links":{"self":[{"href":"https:\/\/nordicmart.andreevmaster.com\/sv\/wp-json\/wp\/v2\/product\/16986","targetHints":{"allow":["GET"]}}],"collection":[{"href":"https:\/\/nordicmart.andreevmaster.com\/sv\/wp-json\/wp\/v2\/product"}],"about":[{"href":"https:\/\/nordicmart.andreevmaster.com\/sv\/wp-json\/wp\/v2\/types\/product"}],"replies":[{"embeddable":true,"href":"https:\/\/nordicmart.andreevmaster.com\/sv\/wp-json\/wp\/v2\/comments?post=16986"}],"wp:attachment":[{"href":"https:\/\/nordicmart.andreevmaster.com\/sv\/wp-json\/wp\/v2\/media?parent=16986"}],"wp:term":[{"taxonomy":"product_brand","embeddable":true,"href":"https:\/\/nordicmart.andreevmaster.com\/sv\/wp-json\/wp\/v2\/product_brand?post=16986"},{"taxonomy":"product_cat","embeddable":true,"href":"https:\/\/nordicmart.andreevmaster.com\/sv\/wp-json\/wp\/v2\/product_cat?post=16986"},{"taxonomy":"product_tag","embeddable":true,"href":"https:\/\/nordicmart.andreevmaster.com\/sv\/wp-json\/wp\/v2\/product_tag?post=16986"}],"curies":[{"name":"wp","href":"https:\/\/api.w.org\/{rel}","templated":true}]}}