{"id":16985,"date":"2026-02-27T00:33:04","date_gmt":"2026-02-27T00:33:04","guid":{"rendered":"https:\/\/nordicmart.andreevmaster.com\/product\/whisper-muslin-bed-sheet-l-80x160-2\/"},"modified":"2026-02-27T08:23:04","modified_gmt":"2026-02-27T08:23:04","slug":"whisper-muslin-bed-sheet-l-80x160-2","status":"publish","type":"product","link":"https:\/\/nordicmart.andreevmaster.com\/sv\/produkt\/whisper-muslin-bed-sheet-l-80x160-2\/","title":{"rendered":"Whisper muslin bed sheet L 80&#215;160"},"content":{"rendered":"<p>Lakan tillverkat av 100 % h\u00f6gkvalitativ bomullsmuslin med OEKO-TEX Standard 100-certifiering garanterar exceptionell komfort och h\u00e5llbarhet. Tyget \u00e4r mjukt men slitstarkt, vilket s\u00e4kerst\u00e4ller l\u00e5ngvarig anv\u00e4ndning. Bomullen som anv\u00e4nds i detta lakan \u00e4r ett naturligt, hudv\u00e4nligt material. Dess andningsf\u00f6rm\u00e5ga ger komfort hela natten. OEKO-TEX Standard 100-certifieringen garanterar att bomullen \u00e4r fri fr\u00e5n skadliga \u00e4mnen. Detaljerad information: &#8211; lakan tillverkat av naturlig bomull &#8211; mjukt och sk\u00f6nt att ta p\u00e5 &#8211; avslutat med ett elastiskt band som f\u00f6rhindrar att det glider p\u00e5 madrassen &#8211; passar perfekt till spj\u00e4ls\u00e4ng Material: \u2022 100 % bomull med OEKO-TEX Standard 100-certifiering Storlek S: \u2022 &#8211; 60x 120 <\/p>\n<p>Tv\u00e4ttanvisningar: <\/p>\n<p>\u2022 Maskintv\u00e4tt 30 \u00b0C <\/p>\n<p>\u2022 Kan strykas fuktigt vid h\u00f6g temperatur <\/p>\n<p>\u2022 Blek inte <\/p>\n<p>\u2022 Kan torktumlas p\u00e5 program f\u00f6r \u00f6mt\u00e5liga tyger<\/p>\n","protected":false},"excerpt":{"rendered":"<p>Lakan tillverkat av 100 % h\u00f6gkvalitativ bomullsmuslin med OEKO-TEX Standard 100-certifiering garanterar exceptionell komfort och h\u00e5llbarhet. Tyget \u00e4r mjukt men slitstarkt, vilket s\u00e4kerst\u00e4ller l\u00e5ngvarig anv\u00e4ndning. Bomullen som anv\u00e4nds i detta lakan \u00e4r ett naturligt, hudv\u00e4nligt material. Dess andningsf\u00f6rm\u00e5ga ger komfort hela natten. OEKO-TEX Standard 100-certifieringen garanterar att bomullen \u00e4r fri fr\u00e5n skadliga \u00e4mnen. Detaljerad information: [&hellip;]<\/p>\n","protected":false},"featured_media":0,"comment_status":"open","ping_status":"closed","template":"","meta":[],"product_brand":[],"product_cat":[33],"product_tag":[],"class_list":{"0":"post-16985","1":"product","2":"type-product","3":"status-publish","5":"product_cat-okategoriserad","7":"first","8":"instock","9":"shipping-taxable","10":"purchasable","11":"product-type-simple"},"_links":{"self":[{"href":"https:\/\/nordicmart.andreevmaster.com\/sv\/wp-json\/wp\/v2\/product\/16985","targetHints":{"allow":["GET"]}}],"collection":[{"href":"https:\/\/nordicmart.andreevmaster.com\/sv\/wp-json\/wp\/v2\/product"}],"about":[{"href":"https:\/\/nordicmart.andreevmaster.com\/sv\/wp-json\/wp\/v2\/types\/product"}],"replies":[{"embeddable":true,"href":"https:\/\/nordicmart.andreevmaster.com\/sv\/wp-json\/wp\/v2\/comments?post=16985"}],"wp:attachment":[{"href":"https:\/\/nordicmart.andreevmaster.com\/sv\/wp-json\/wp\/v2\/media?parent=16985"}],"wp:term":[{"taxonomy":"product_brand","embeddable":true,"href":"https:\/\/nordicmart.andreevmaster.com\/sv\/wp-json\/wp\/v2\/product_brand?post=16985"},{"taxonomy":"product_cat","embeddable":true,"href":"https:\/\/nordicmart.andreevmaster.com\/sv\/wp-json\/wp\/v2\/product_cat?post=16985"},{"taxonomy":"product_tag","embeddable":true,"href":"https:\/\/nordicmart.andreevmaster.com\/sv\/wp-json\/wp\/v2\/product_tag?post=16985"}],"curies":[{"name":"wp","href":"https:\/\/api.w.org\/{rel}","templated":true}]}}