{"id":16972,"date":"2026-02-27T00:33:01","date_gmt":"2026-02-27T00:33:01","guid":{"rendered":"https:\/\/nordicmart.andreevmaster.com\/product\/barnsangklader-snow-muslin-100x135-cm\/"},"modified":"2026-02-27T08:23:01","modified_gmt":"2026-02-27T08:23:01","slug":"barnsangklader-snow-muslin-100x135-cm","status":"publish","type":"product","link":"https:\/\/nordicmart.andreevmaster.com\/sv\/produkt\/barnsangklader-snow-muslin-100x135-cm\/","title":{"rendered":"Barns\u00e4ngkl\u00e4der Snow muslin 100&#215;135 cm"},"content":{"rendered":"<p>S\u00e4ngkl\u00e4der tillverkade av 100 % h\u00f6gkvalitativ bomullsmuslin med OEKO-TEX Standard 100-certifiering garanterar exceptionell komfort och h\u00e5llbarhet. Tyget \u00e4r mjukt men slitstarkt, vilket garanterar l\u00e5ngvarig anv\u00e4ndning. Setet inneh\u00e5ller \u00f6rngott och p\u00e5slakan, utan fyllning. Bomullen som anv\u00e4nds i dessa s\u00e4ngkl\u00e4der \u00e4r ett naturligt, hudv\u00e4nligt material. Dess andningsf\u00f6rm\u00e5ga ger komfort hela natten. OEKO-TEX Standard 100-certifieringen garanterar att bomullen \u00e4r fri fr\u00e5n skadliga \u00e4mnen. S\u00e4ngkl\u00e4derna tillverkas i Polen med st\u00f6rsta omsorg och f\u00f6rpackas i en praktisk bomullsp\u00e5se med samma m\u00f6nster, vilket g\u00f6r den idealisk f\u00f6r f\u00f6rvaring av sm\u00e5 barnartiklar. Det \u00e4r ett perfekt val f\u00f6r en baby shower-present, f\u00f6delsedag eller andra speciella tillf\u00e4llen. Detaljerad information: \u00b7 \u00d6verdrag tillverkade av h\u00f6gkvalitativ bomullstyg \u00b7 Perfekt f\u00f6r spj\u00e4ls\u00e4ngar Material: \u00b7 100 % bomull med OEKO-TEX Standard 100-certifiering Storlek M \u00b7 \u00d6rngott: 40 x 60 cm \u00b7 P\u00e5slakan: 100&#215;135 cm Rekommenderas f\u00f6r barn fr\u00e5n f\u00f6dseln till cirka 6 \u00e5r. Anv\u00e4nds under f\u00f6r\u00e4ldrarnas uppsikt. <\/p>\n<p>Tv\u00e4ttanvisningar: <\/p>\n<p>\u00b7 Maskintv\u00e4tt 30 \u00b0C <\/p>\n<p>\u00b7 Kan strykas fuktigt vid h\u00f6g temperatur <\/p>\n<p>\u00b7 Blek inte <\/p>\n<p>\u00b7 Kan torktumlas p\u00e5 program f\u00f6r \u00f6mt\u00e5liga tyger.<\/p>\n","protected":false},"excerpt":{"rendered":"<p>S\u00e4ngkl\u00e4der tillverkade av 100 % h\u00f6gkvalitativ bomullsmuslin med OEKO-TEX Standard 100-certifiering garanterar exceptionell komfort och h\u00e5llbarhet. Tyget \u00e4r mjukt men slitstarkt, vilket garanterar l\u00e5ngvarig anv\u00e4ndning. Setet inneh\u00e5ller \u00f6rngott och p\u00e5slakan, utan fyllning. Bomullen som anv\u00e4nds i dessa s\u00e4ngkl\u00e4der \u00e4r ett naturligt, hudv\u00e4nligt material. Dess andningsf\u00f6rm\u00e5ga ger komfort hela natten. OEKO-TEX Standard 100-certifieringen garanterar att bomullen [&hellip;]<\/p>\n","protected":false},"featured_media":0,"comment_status":"open","ping_status":"closed","template":"","meta":[],"product_brand":[],"product_cat":[33],"product_tag":[],"class_list":{"0":"post-16972","1":"product","2":"type-product","3":"status-publish","5":"product_cat-okategoriserad","7":"first","8":"instock","9":"shipping-taxable","10":"purchasable","11":"product-type-simple"},"_links":{"self":[{"href":"https:\/\/nordicmart.andreevmaster.com\/sv\/wp-json\/wp\/v2\/product\/16972","targetHints":{"allow":["GET"]}}],"collection":[{"href":"https:\/\/nordicmart.andreevmaster.com\/sv\/wp-json\/wp\/v2\/product"}],"about":[{"href":"https:\/\/nordicmart.andreevmaster.com\/sv\/wp-json\/wp\/v2\/types\/product"}],"replies":[{"embeddable":true,"href":"https:\/\/nordicmart.andreevmaster.com\/sv\/wp-json\/wp\/v2\/comments?post=16972"}],"wp:attachment":[{"href":"https:\/\/nordicmart.andreevmaster.com\/sv\/wp-json\/wp\/v2\/media?parent=16972"}],"wp:term":[{"taxonomy":"product_brand","embeddable":true,"href":"https:\/\/nordicmart.andreevmaster.com\/sv\/wp-json\/wp\/v2\/product_brand?post=16972"},{"taxonomy":"product_cat","embeddable":true,"href":"https:\/\/nordicmart.andreevmaster.com\/sv\/wp-json\/wp\/v2\/product_cat?post=16972"},{"taxonomy":"product_tag","embeddable":true,"href":"https:\/\/nordicmart.andreevmaster.com\/sv\/wp-json\/wp\/v2\/product_tag?post=16972"}],"curies":[{"name":"wp","href":"https:\/\/api.w.org\/{rel}","templated":true}]}}