{"id":16969,"date":"2026-02-27T00:33:00","date_gmt":"2026-02-27T00:33:00","guid":{"rendered":"https:\/\/nordicmart.andreevmaster.com\/product\/set-med-muslindukar-whisper-4-stycken-30x30-cm\/"},"modified":"2026-02-27T08:23:01","modified_gmt":"2026-02-27T08:23:01","slug":"set-med-muslindukar-whisper-4-stycken-30x30-cm","status":"publish","type":"product","link":"https:\/\/nordicmart.andreevmaster.com\/sv\/produkt\/set-med-muslindukar-whisper-4-stycken-30x30-cm\/","title":{"rendered":"Set med muslindukar Whisper \u2013 4 stycken (30&#215;30 cm)"},"content":{"rendered":"<p>Muslindukar \u00e4r ett m\u00e5ste f\u00f6r alla nyblivna mammor och perfekta f\u00f6r den dagliga barnv\u00e5rden. De \u00e4r tillverkade av mjuk och skonsam muslin och \u00e4r s\u00e4kra f\u00f6r barnets k\u00e4nsliga hud utan att orsaka irritation. Tack vare sin m\u00e5ngsidighet och absorptionsf\u00f6rm\u00e5ga \u00e4r dessa dukar anv\u00e4ndbara i m\u00e5nga situationer, vilket g\u00f6r dem till ett mycket praktiskt tillbeh\u00f6r. <\/p>\n<p>Anv\u00e4ndningsomr\u00e5den f\u00f6r muslindukar:<br \/>\n-Under matning \u2013 Perfekt som haklapp eller skydd under amning.<br \/>\n-Under bl\u00f6jbyten \u2013 Kan anv\u00e4ndas som en mjuk underl\u00e4gg under bl\u00f6jbyten.-N\u00e4r barnet rapar \u2013 Perfekt att l\u00e4gga p\u00e5 axeln f\u00f6r att skydda kl\u00e4derna n\u00e4r barnet rapar efter matningen. -F\u00f6r att h\u00e5lla rent \u2013 Perfekt f\u00f6r att torka barnets ansikte och h\u00e4nder efter m\u00e5ltider. Tygdukarna har en kompakt storlek p\u00e5 30 x 30 cm, vilket g\u00f6r dem l\u00e4tta att ta med sig \u00f6verallt \u2013 i v\u00e4skan p\u00e5 promenaden, p\u00e5 resan eller f\u00f6r daglig anv\u00e4ndning hemma. <\/p>\n<p>Ett set med 4 muslindukar \u00e4r en oumb\u00e4rlig hj\u00e4lpreda f\u00f6r alla mammor, som underl\u00e4ttar barnomsorgen i alla situationer. Det \u00e4r ett utm\u00e4rkt val som baby shower-present eller vid andra tillf\u00e4llen. <\/p>\n<p>F\u00f6rdelar med muslin:<br \/>\n-Absorptionsf\u00f6rm\u00e5ga \u2013 Materialet absorberar fukt v\u00e4l och torkar snabbt efter anv\u00e4ndning.-Andningsf\u00f6rm\u00e5ga \u2013 Muslin \u00e4r l\u00e4tt och andas, vilket garanterar komfort \u00e4ven under varma dagar.-Mjukhet \u2013 Det blir mjukare f\u00f6r varje tv\u00e4tt, vilket g\u00f6r det perfekt f\u00f6r nyf\u00f6ddas k\u00e4nsliga hud. <\/p>\n<p>Material:<br \/>\n-100 % bomull med Oeko-Tex Standard 100-certifiering <\/p>\n<p>Storlek:<br \/>\n-30 x 30 cm <\/p>\n<p>L\u00e4mpligt f\u00f6r nyf\u00f6dda. B\u00f6r anv\u00e4ndas under f\u00f6r\u00e4ldrarnas uppsikt. <\/p>\n<p>Tv\u00e4ttanvisningar:<br \/>\n-Maskintv\u00e4tt 30 \u00b0C<br \/>\n-Kan strykas medan den \u00e4r fuktig vid h\u00f6g temperatur<br \/>\n-Blek inte<br \/>\n-Torktumla p\u00e5 skonsamt program<\/p>\n","protected":false},"excerpt":{"rendered":"<p>Muslindukar \u00e4r ett m\u00e5ste f\u00f6r alla nyblivna mammor och perfekta f\u00f6r den dagliga barnv\u00e5rden. De \u00e4r tillverkade av mjuk och skonsam muslin och \u00e4r s\u00e4kra f\u00f6r barnets k\u00e4nsliga hud utan att orsaka irritation. Tack vare sin m\u00e5ngsidighet och absorptionsf\u00f6rm\u00e5ga \u00e4r dessa dukar anv\u00e4ndbara i m\u00e5nga situationer, vilket g\u00f6r dem till ett mycket praktiskt tillbeh\u00f6r. Anv\u00e4ndningsomr\u00e5den [&hellip;]<\/p>\n","protected":false},"featured_media":0,"comment_status":"open","ping_status":"closed","template":"","meta":[],"product_brand":[],"product_cat":[33],"product_tag":[],"class_list":{"0":"post-16969","1":"product","2":"type-product","3":"status-publish","5":"product_cat-okategoriserad","7":"first","8":"instock","9":"shipping-taxable","10":"purchasable","11":"product-type-simple"},"_links":{"self":[{"href":"https:\/\/nordicmart.andreevmaster.com\/sv\/wp-json\/wp\/v2\/product\/16969","targetHints":{"allow":["GET"]}}],"collection":[{"href":"https:\/\/nordicmart.andreevmaster.com\/sv\/wp-json\/wp\/v2\/product"}],"about":[{"href":"https:\/\/nordicmart.andreevmaster.com\/sv\/wp-json\/wp\/v2\/types\/product"}],"replies":[{"embeddable":true,"href":"https:\/\/nordicmart.andreevmaster.com\/sv\/wp-json\/wp\/v2\/comments?post=16969"}],"wp:attachment":[{"href":"https:\/\/nordicmart.andreevmaster.com\/sv\/wp-json\/wp\/v2\/media?parent=16969"}],"wp:term":[{"taxonomy":"product_brand","embeddable":true,"href":"https:\/\/nordicmart.andreevmaster.com\/sv\/wp-json\/wp\/v2\/product_brand?post=16969"},{"taxonomy":"product_cat","embeddable":true,"href":"https:\/\/nordicmart.andreevmaster.com\/sv\/wp-json\/wp\/v2\/product_cat?post=16969"},{"taxonomy":"product_tag","embeddable":true,"href":"https:\/\/nordicmart.andreevmaster.com\/sv\/wp-json\/wp\/v2\/product_tag?post=16969"}],"curies":[{"name":"wp","href":"https:\/\/api.w.org\/{rel}","templated":true}]}}