{"id":16967,"date":"2026-02-27T00:33:00","date_gmt":"2026-02-27T00:33:00","guid":{"rendered":"https:\/\/nordicmart.andreevmaster.com\/product\/songmics-kosmetiktasche-med-avdelare-svart\/"},"modified":"2026-02-27T08:23:00","modified_gmt":"2026-02-27T08:23:00","slug":"songmics-kosmetiktasche-med-avdelare-svart","status":"publish","type":"product","link":"https:\/\/nordicmart.andreevmaster.com\/sv\/produkt\/songmics-kosmetiktasche-med-avdelare-svart\/","title":{"rendered":"SONGMICS Kosmetiktasche med avdelare Svart"},"content":{"rendered":"<p>Professionell kosmetiktas: Rotar du fortfarande i din gamla kosmetiktas f\u00f6r att hitta dina \u00f6gonskuggor eller foundations under en h\u00f6g med smink? Dina kosmetika f\u00f6rtj\u00e4nar en professionell kosmetiktas som skyddar dem v\u00e4l. V\u00e5r sminkorganiserare \u00e4r ett optimalt val f\u00f6r dig \u2013 inte bara smink som rouge och l\u00e4ppstift, utan \u00e4ven borstar, parfymer, smycken och klockor f\u00e5r plats i denna v\u00e4ska och kan f\u00f6rvaras snyggt. Kosmetik\u00e4lskare kan f\u00f6rv\u00e4nta sig f\u00f6ljande f\u00f6rdelar: Tillr\u00e4ckligt rymlig f\u00f6r att f\u00f6rvara alla dina viktiga sk\u00f6nhetsartiklar, men \u00e4nd\u00e5 kompakt nog f\u00f6r dina resor.Layouten inuti kan anpassas individuellt tack vare de justerbara skiljev\u00e4ggarna. De sm\u00e5 sidfickorna har ett lock s\u00e5 att du kan f\u00f6rvara dina borstar rent. Den stora sidfickan med dragkedja \u00e4r perfekt f\u00f6r f\u00f6rvaring av stora \u00f6gonskuggspaletter. Konstl\u00e4der\u00f6verdraget ger inte bara v\u00e4skan en klassisk touch, utan s\u00e4kerst\u00e4ller ocks\u00e5 en l\u00e5ng livsl\u00e4ngd.Produktdetaljer: F\u00e4rg: Svart Material: PVC-konstl\u00e4der, polyester, MDF (medeldensitetsfiberplatta) Storlek: 25,5 x 24,5 x 9,5 cm (L x B x H) Vikt: 0,7 kg Leveransomfattning: 1 x sminkv\u00e4ska<\/p>\n","protected":false},"excerpt":{"rendered":"<p>SONGMICS Kosmetikorganiserare f\u00f6r resan, sminkv\u00e4ska, med flera fack, justerbara skiljev\u00e4ggar, med penselfickor, svart MUC24BK<\/p>\n","protected":false},"featured_media":44441,"comment_status":"open","ping_status":"closed","template":"","meta":[],"product_brand":[],"product_cat":[33],"product_tag":[],"class_list":{"0":"post-16967","1":"product","2":"type-product","3":"status-publish","4":"has-post-thumbnail","6":"product_cat-okategoriserad","8":"first","9":"instock","10":"shipping-taxable","11":"purchasable","12":"product-type-simple"},"_links":{"self":[{"href":"https:\/\/nordicmart.andreevmaster.com\/sv\/wp-json\/wp\/v2\/product\/16967","targetHints":{"allow":["GET"]}}],"collection":[{"href":"https:\/\/nordicmart.andreevmaster.com\/sv\/wp-json\/wp\/v2\/product"}],"about":[{"href":"https:\/\/nordicmart.andreevmaster.com\/sv\/wp-json\/wp\/v2\/types\/product"}],"replies":[{"embeddable":true,"href":"https:\/\/nordicmart.andreevmaster.com\/sv\/wp-json\/wp\/v2\/comments?post=16967"}],"wp:featuredmedia":[{"embeddable":true,"href":"https:\/\/nordicmart.andreevmaster.com\/sv\/wp-json\/wp\/v2\/media\/44441"}],"wp:attachment":[{"href":"https:\/\/nordicmart.andreevmaster.com\/sv\/wp-json\/wp\/v2\/media?parent=16967"}],"wp:term":[{"taxonomy":"product_brand","embeddable":true,"href":"https:\/\/nordicmart.andreevmaster.com\/sv\/wp-json\/wp\/v2\/product_brand?post=16967"},{"taxonomy":"product_cat","embeddable":true,"href":"https:\/\/nordicmart.andreevmaster.com\/sv\/wp-json\/wp\/v2\/product_cat?post=16967"},{"taxonomy":"product_tag","embeddable":true,"href":"https:\/\/nordicmart.andreevmaster.com\/sv\/wp-json\/wp\/v2\/product_tag?post=16967"}],"curies":[{"name":"wp","href":"https:\/\/api.w.org\/{rel}","templated":true}]}}