{"id":16966,"date":"2026-02-27T00:33:00","date_gmt":"2026-02-27T00:33:00","guid":{"rendered":"https:\/\/nordicmart.andreevmaster.com\/product\/songmics-kosmetiktasche-for-resan-pink\/"},"modified":"2026-02-27T08:23:00","modified_gmt":"2026-02-27T08:23:00","slug":"songmics-kosmetiktasche-for-resan-pink","status":"publish","type":"product","link":"https:\/\/nordicmart.andreevmaster.com\/sv\/produkt\/songmics-kosmetiktasche-for-resan-pink\/","title":{"rendered":"SONGMICS Kosmetiktasche f\u00f6r resan Pink"},"content":{"rendered":"<p>Ligger dina sminkprodukter och sminkutrustning utspridda p\u00e5 bord, i l\u00e5dor eller handv\u00e4skor? Om s\u00e5 \u00e4r fallet \u00e4r det dags att st\u00e4da upp. Tack vare de justerbara facken \u00e4r Songmics kosmetiktaske idealisk f\u00f6r f\u00f6rvaring av dina sminkprodukter. Allt sorteras omedelbart och \u00f6versk\u00e5dligt, s\u00e5 att bordsskivan alltid \u00e4r snygg och ren. \u00c4ven n\u00e4r du har br\u00e5ttom kan du snabbt komma \u00e5t de produkter du beh\u00f6ver. Med denna praktiska och multifunktionella sminkorganiserare kan du njuta av en avslappnad semester. Alla dina sminkprodukter och sminkutrustning f\u00f6rvaras s\u00e4kert i denna attraktiva och h\u00f6gkvalitativa sminkv\u00e4ska, som \u00e4r perfekt f\u00f6r resor och ett m\u00e5ste f\u00f6r professionella makeupartister. Sm\u00e5 m\u00e5tt men mycket f\u00f6rvaringsutrymme, inte bara perfekt f\u00f6r kvinnor utan ocks\u00e5 f\u00f6r m\u00e4n som vill f\u00f6rvara hudv\u00e5rdsprodukter eller rakapparater p\u00e5 resor eller vid sport. En perfekt jul- eller f\u00f6delsedagspresent till dina n\u00e4ra och k\u00e4ra eller familjen. Produktdetaljer: &#8211; F\u00e4rg: svart\/rosa &#8211; Material: Oxford-tyg, MDF-skiva, EVA, ABS-plast &#8211; M\u00e5tt: 25,5 x 9,8 x 23,5 cm (B x H x D) &#8211; Vikt: 0,8 kg Leveransomfattning: &#8211; 1 x sminkv\u00e4skor<\/p>\n","protected":false},"excerpt":{"rendered":"<p>SONGMICS resekosmetikorganiserare sminkv\u00e4ska, organiserare med handtag, rosa M MUC23PK<\/p>\n","protected":false},"featured_media":44440,"comment_status":"open","ping_status":"closed","template":"","meta":[],"product_brand":[],"product_cat":[33],"product_tag":[],"class_list":{"0":"post-16966","1":"product","2":"type-product","3":"status-publish","4":"has-post-thumbnail","6":"product_cat-okategoriserad","8":"first","9":"instock","10":"shipping-taxable","11":"purchasable","12":"product-type-simple"},"_links":{"self":[{"href":"https:\/\/nordicmart.andreevmaster.com\/sv\/wp-json\/wp\/v2\/product\/16966","targetHints":{"allow":["GET"]}}],"collection":[{"href":"https:\/\/nordicmart.andreevmaster.com\/sv\/wp-json\/wp\/v2\/product"}],"about":[{"href":"https:\/\/nordicmart.andreevmaster.com\/sv\/wp-json\/wp\/v2\/types\/product"}],"replies":[{"embeddable":true,"href":"https:\/\/nordicmart.andreevmaster.com\/sv\/wp-json\/wp\/v2\/comments?post=16966"}],"wp:featuredmedia":[{"embeddable":true,"href":"https:\/\/nordicmart.andreevmaster.com\/sv\/wp-json\/wp\/v2\/media\/44440"}],"wp:attachment":[{"href":"https:\/\/nordicmart.andreevmaster.com\/sv\/wp-json\/wp\/v2\/media?parent=16966"}],"wp:term":[{"taxonomy":"product_brand","embeddable":true,"href":"https:\/\/nordicmart.andreevmaster.com\/sv\/wp-json\/wp\/v2\/product_brand?post=16966"},{"taxonomy":"product_cat","embeddable":true,"href":"https:\/\/nordicmart.andreevmaster.com\/sv\/wp-json\/wp\/v2\/product_cat?post=16966"},{"taxonomy":"product_tag","embeddable":true,"href":"https:\/\/nordicmart.andreevmaster.com\/sv\/wp-json\/wp\/v2\/product_tag?post=16966"}],"curies":[{"name":"wp","href":"https:\/\/api.w.org\/{rel}","templated":true}]}}