{"id":16965,"date":"2026-02-27T00:32:59","date_gmt":"2026-02-27T00:32:59","guid":{"rendered":"https:\/\/nordicmart.andreevmaster.com\/product\/songmics-kosmetiktas-for-resan-svart\/"},"modified":"2026-02-27T08:23:00","modified_gmt":"2026-02-27T08:23:00","slug":"songmics-kosmetiktas-for-resan-svart","status":"publish","type":"product","link":"https:\/\/nordicmart.andreevmaster.com\/sv\/produkt\/songmics-kosmetiktas-for-resan-svart\/","title":{"rendered":"SONGMICS kosmetiktas f\u00f6r resan Svart"},"content":{"rendered":"<p>SONGMICS Kosmetik Organizer Sminkv\u00e4ska Kosmetikv\u00e4ska f\u00f6r resv\u00e4skor med handtag (svart)<\/p>\n","protected":false},"excerpt":{"rendered":"<p>SONGMICS resekosmetikorganiserare sminkv\u00e4ska, organiserare med handtag, rosa M MUC23PK<\/p>\n","protected":false},"featured_media":44439,"comment_status":"open","ping_status":"closed","template":"","meta":[],"product_brand":[],"product_cat":[33],"product_tag":[],"class_list":{"0":"post-16965","1":"product","2":"type-product","3":"status-publish","4":"has-post-thumbnail","6":"product_cat-okategoriserad","8":"first","9":"instock","10":"shipping-taxable","11":"purchasable","12":"product-type-simple"},"_links":{"self":[{"href":"https:\/\/nordicmart.andreevmaster.com\/sv\/wp-json\/wp\/v2\/product\/16965","targetHints":{"allow":["GET"]}}],"collection":[{"href":"https:\/\/nordicmart.andreevmaster.com\/sv\/wp-json\/wp\/v2\/product"}],"about":[{"href":"https:\/\/nordicmart.andreevmaster.com\/sv\/wp-json\/wp\/v2\/types\/product"}],"replies":[{"embeddable":true,"href":"https:\/\/nordicmart.andreevmaster.com\/sv\/wp-json\/wp\/v2\/comments?post=16965"}],"wp:featuredmedia":[{"embeddable":true,"href":"https:\/\/nordicmart.andreevmaster.com\/sv\/wp-json\/wp\/v2\/media\/44439"}],"wp:attachment":[{"href":"https:\/\/nordicmart.andreevmaster.com\/sv\/wp-json\/wp\/v2\/media?parent=16965"}],"wp:term":[{"taxonomy":"product_brand","embeddable":true,"href":"https:\/\/nordicmart.andreevmaster.com\/sv\/wp-json\/wp\/v2\/product_brand?post=16965"},{"taxonomy":"product_cat","embeddable":true,"href":"https:\/\/nordicmart.andreevmaster.com\/sv\/wp-json\/wp\/v2\/product_cat?post=16965"},{"taxonomy":"product_tag","embeddable":true,"href":"https:\/\/nordicmart.andreevmaster.com\/sv\/wp-json\/wp\/v2\/product_tag?post=16965"}],"curies":[{"name":"wp","href":"https:\/\/api.w.org\/{rel}","templated":true}]}}