{"id":16964,"date":"2026-02-27T00:32:59","date_gmt":"2026-02-27T00:32:59","guid":{"rendered":"https:\/\/nordicmart.andreevmaster.com\/product\/songmics-kosmetikbox-for-resan-svart\/"},"modified":"2026-02-27T08:23:00","modified_gmt":"2026-02-27T08:23:00","slug":"songmics-kosmetikbox-for-resan-svart","status":"publish","type":"product","link":"https:\/\/nordicmart.andreevmaster.com\/sv\/produkt\/songmics-kosmetikbox-for-resan-svart\/","title":{"rendered":"SONGMICS kosmetikbox f\u00f6r resan, svart"},"content":{"rendered":"<p>Ligger dina sminkprodukter och sminkutrustning utspridda p\u00e5 bord, i l\u00e5dor eller handv\u00e4skor? Om s\u00e5 \u00e4r fallet \u00e4r det dags att st\u00e4da upp. Tack vare de justerbara facken \u00e4r Songmics kosmetiktasken idealisk f\u00f6r f\u00f6rvaring av dina sminkprodukter. Allt sorteras omedelbart och \u00f6versk\u00e5dligt, s\u00e5 att bordsskivan alltid \u00e4r snygg och ren. \u00c4ven n\u00e4r du har br\u00e5ttom kan du snabbt komma \u00e5t de produkter du beh\u00f6ver. Med denna praktiska och multifunktionella sminkorganiserare kan du njuta av en bekymmersfri semester. Alla dina sminkprodukter och sminkutrustning f\u00f6rvaras s\u00e4kert i denna attraktiva och h\u00f6gkvalitativa sminkv\u00e4ska, som \u00e4r perfekt f\u00f6r resor och ett m\u00e5ste f\u00f6r professionella makeupartister. Med axelremmen kan sminkv\u00e4skan b\u00e4ras eller h\u00e4ngas p\u00e5 v\u00e4ggen, vilket g\u00f6r den idealisk inte bara f\u00f6r kvinnor utan \u00e4ven f\u00f6r m\u00e4n, p\u00e5 resor eller vid sport f\u00f6r f\u00f6rvaring av hudv\u00e5rdsprodukter eller rakapparater. En perfekt jul- eller f\u00f6delsedagspresent till dina n\u00e4ra och k\u00e4ra eller familjen. Produktdetaljer: &#8211; F\u00e4rg: svart &#8211; Material: Oxford-tyg, MDF-skiva, EVA, ABS-plast &#8211; M\u00e5tt: 39 x 9,2 x 27 cm (B x H x D) &#8211; Vikt: 1,4 kg  Leveransomfattning: &#8211; 1 x sminkv\u00e4skan &#8211; 1 x axelrem<\/p>\n","protected":false},"excerpt":{"rendered":"<p>SONGMICS resekosmetikorganiserare sminkv\u00e4ska, organiserare med handtag, svart L MUC21BK<\/p>\n","protected":false},"featured_media":44438,"comment_status":"open","ping_status":"closed","template":"","meta":[],"product_brand":[],"product_cat":[33],"product_tag":[],"class_list":{"0":"post-16964","1":"product","2":"type-product","3":"status-publish","4":"has-post-thumbnail","6":"product_cat-okategoriserad","8":"first","9":"instock","10":"shipping-taxable","11":"purchasable","12":"product-type-simple"},"_links":{"self":[{"href":"https:\/\/nordicmart.andreevmaster.com\/sv\/wp-json\/wp\/v2\/product\/16964","targetHints":{"allow":["GET"]}}],"collection":[{"href":"https:\/\/nordicmart.andreevmaster.com\/sv\/wp-json\/wp\/v2\/product"}],"about":[{"href":"https:\/\/nordicmart.andreevmaster.com\/sv\/wp-json\/wp\/v2\/types\/product"}],"replies":[{"embeddable":true,"href":"https:\/\/nordicmart.andreevmaster.com\/sv\/wp-json\/wp\/v2\/comments?post=16964"}],"wp:featuredmedia":[{"embeddable":true,"href":"https:\/\/nordicmart.andreevmaster.com\/sv\/wp-json\/wp\/v2\/media\/44438"}],"wp:attachment":[{"href":"https:\/\/nordicmart.andreevmaster.com\/sv\/wp-json\/wp\/v2\/media?parent=16964"}],"wp:term":[{"taxonomy":"product_brand","embeddable":true,"href":"https:\/\/nordicmart.andreevmaster.com\/sv\/wp-json\/wp\/v2\/product_brand?post=16964"},{"taxonomy":"product_cat","embeddable":true,"href":"https:\/\/nordicmart.andreevmaster.com\/sv\/wp-json\/wp\/v2\/product_cat?post=16964"},{"taxonomy":"product_tag","embeddable":true,"href":"https:\/\/nordicmart.andreevmaster.com\/sv\/wp-json\/wp\/v2\/product_tag?post=16964"}],"curies":[{"name":"wp","href":"https:\/\/api.w.org\/{rel}","templated":true}]}}