{"id":16963,"date":"2026-02-27T00:32:59","date_gmt":"2026-02-27T00:32:59","guid":{"rendered":"https:\/\/nordicmart.andreevmaster.com\/product\/songmics-kvinnlig-skyltdocka-vit\/"},"modified":"2026-02-27T08:23:00","modified_gmt":"2026-02-27T08:23:00","slug":"songmics-kvinnlig-skyltdocka-vit","status":"publish","type":"product","link":"https:\/\/nordicmart.andreevmaster.com\/sv\/produkt\/songmics-kvinnlig-skyltdocka-vit\/","title":{"rendered":"SONGMICS kvinnlig skyltdocka Vit"},"content":{"rendered":"<p>Armarna kan vridas 360\u00b0 fritt; kopplingsdelar vid lederna av h\u00f6gkvalitativ ABS-plast garanterar l\u00e5ng livsl\u00e4ngd. Elegant handform; p\u00e5 grund av de oskiljbara fingrarna \u00e4r dockan inte l\u00e4mplig f\u00f6r ringar eller handskar.Den fantastiska kroppsformen presenterar dina kl\u00e4der p\u00e5 ett elegant s\u00e4tt, s\u00e5 att du l\u00e4tt kan se vilka kl\u00e4der som passar dig b\u00e4st. Den \u00e4r perfekt f\u00f6r att visa upp f\u00f6r dina kunder eller som dekoration i ditt rum eller skyltf\u00f6nster. F\u00f6tterna kan ha strumpor, strumpbyxor och skor. Den stabila bottenplattan av h\u00e5rt glas med f\u00e4sttillbeh\u00f6r av aluminium ger ett stabilt st\u00f6d.<\/p>\n","protected":false},"excerpt":{"rendered":"<p>SONGMICS kvinnlig skyltdocka Skyltdocka Vit Mannequin utan huvud av PE-plast MPLM21<\/p>\n","protected":false},"featured_media":0,"comment_status":"open","ping_status":"closed","template":"","meta":[],"product_brand":[],"product_cat":[33],"product_tag":[],"class_list":{"0":"post-16963","1":"product","2":"type-product","3":"status-publish","5":"product_cat-okategoriserad","7":"first","8":"instock","9":"shipping-taxable","10":"purchasable","11":"product-type-simple"},"_links":{"self":[{"href":"https:\/\/nordicmart.andreevmaster.com\/sv\/wp-json\/wp\/v2\/product\/16963","targetHints":{"allow":["GET"]}}],"collection":[{"href":"https:\/\/nordicmart.andreevmaster.com\/sv\/wp-json\/wp\/v2\/product"}],"about":[{"href":"https:\/\/nordicmart.andreevmaster.com\/sv\/wp-json\/wp\/v2\/types\/product"}],"replies":[{"embeddable":true,"href":"https:\/\/nordicmart.andreevmaster.com\/sv\/wp-json\/wp\/v2\/comments?post=16963"}],"wp:attachment":[{"href":"https:\/\/nordicmart.andreevmaster.com\/sv\/wp-json\/wp\/v2\/media?parent=16963"}],"wp:term":[{"taxonomy":"product_brand","embeddable":true,"href":"https:\/\/nordicmart.andreevmaster.com\/sv\/wp-json\/wp\/v2\/product_brand?post=16963"},{"taxonomy":"product_cat","embeddable":true,"href":"https:\/\/nordicmart.andreevmaster.com\/sv\/wp-json\/wp\/v2\/product_cat?post=16963"},{"taxonomy":"product_tag","embeddable":true,"href":"https:\/\/nordicmart.andreevmaster.com\/sv\/wp-json\/wp\/v2\/product_tag?post=16963"}],"curies":[{"name":"wp","href":"https:\/\/api.w.org\/{rel}","templated":true}]}}