{"id":16961,"date":"2026-02-27T00:32:58","date_gmt":"2026-02-27T00:32:58","guid":{"rendered":"https:\/\/nordicmart.andreevmaster.com\/product\/songmics-skyltdocka-kvinnlig-vacker-och-sexig\/"},"modified":"2026-02-27T08:22:59","modified_gmt":"2026-02-27T08:22:59","slug":"songmics-skyltdocka-kvinnlig-vacker-och-sexig","status":"publish","type":"product","link":"https:\/\/nordicmart.andreevmaster.com\/sv\/produkt\/songmics-skyltdocka-kvinnlig-vacker-och-sexig\/","title":{"rendered":"SONGMICS skyltdocka, kvinnlig, vacker och sexig"},"content":{"rendered":"<p>Denna Songmics kvinnliga skyltdocka \u00e4r tillverkad av ett milj\u00f6v\u00e4nligt material, PE-plast. F\u00f6rutom att materialet \u00e4r \u00e5tervinningsbart har det ocks\u00e5 f\u00f6rdelen att skyltdockan blir robust: J\u00e4mf\u00f6rt med skyltdockor av glasfiberarmerad plast \u00e4r dockor av PE-plast inte s\u00e5 l\u00e4tta att skada, t.ex. g\u00e5r dockan inte s\u00f6nder om den skulle v\u00e4lta. Det \u00e4r mycket enkelt att montera och demontera den. Skyltdockan placeras p\u00e5 en glasplatta som ger den ett stabilt och fast f\u00e4ste. Helhetsintrycket i skyltf\u00f6nstret \u00e4r b\u00e5de stilfullt och realistiskt och drar till sig m\u00e5nga blickar. Produktdetaljer: &#8211; Kroppsl\u00e4ngd: 175 cm &#8211; Huvudomf\u00e5ng: 52 cm &#8211; Axelbredd: 40 cm &#8211; Br\u00f6stomf\u00e5ng: 81 cm &#8211; Midjeomf\u00e5ng: 61 cm &#8211; H\u00f6ftomf\u00e5ng: 86 cm &#8211; Fotstorlek: 23 cm &#8211; F\u00e4rg: ljus hudtyp &#8211; M\u00e5tt glasfot: 30 x 43 cm Leveransomfattning: &#8211; 1 x kvinnlig skyltdocka (utan kl\u00e4der, peruk eller dekoration) &#8211; 1 x vadst\u00f6d i aluminium &#8211; 1 x glasfot Anm\u00e4rkning: &#8211; Vid montering, se till att l\u00e5set och f\u00e4stet vid anslutningspunkterna passar ihop korrekt innan du vrider armen\/benet. &#8211; Eftersom fingrarna och t\u00e5rna inte \u00e4r separata utan sitter ihop \u00e4r den inte l\u00e4mplig f\u00f6r att b\u00e4ra fingerhandskar, ringar etc. &#8211; Om man l\u00e5ter skyltdockan b\u00e4ra olika peruker och kl\u00e4der i olika stilar skapas olika effekter p\u00e5 dockan.<\/p>\n","protected":false},"excerpt":{"rendered":"<p>SONGMICS skyltdocka, kvinnlig, vacker, sexig mannequin, kvinna, st\u00e5ende, r\u00f6rlig MPLM05<\/p>\n","protected":false},"featured_media":0,"comment_status":"open","ping_status":"closed","template":"","meta":[],"product_brand":[],"product_cat":[33],"product_tag":[],"class_list":{"0":"post-16961","1":"product","2":"type-product","3":"status-publish","5":"product_cat-okategoriserad","7":"first","8":"instock","9":"shipping-taxable","10":"purchasable","11":"product-type-simple"},"_links":{"self":[{"href":"https:\/\/nordicmart.andreevmaster.com\/sv\/wp-json\/wp\/v2\/product\/16961","targetHints":{"allow":["GET"]}}],"collection":[{"href":"https:\/\/nordicmart.andreevmaster.com\/sv\/wp-json\/wp\/v2\/product"}],"about":[{"href":"https:\/\/nordicmart.andreevmaster.com\/sv\/wp-json\/wp\/v2\/types\/product"}],"replies":[{"embeddable":true,"href":"https:\/\/nordicmart.andreevmaster.com\/sv\/wp-json\/wp\/v2\/comments?post=16961"}],"wp:attachment":[{"href":"https:\/\/nordicmart.andreevmaster.com\/sv\/wp-json\/wp\/v2\/media?parent=16961"}],"wp:term":[{"taxonomy":"product_brand","embeddable":true,"href":"https:\/\/nordicmart.andreevmaster.com\/sv\/wp-json\/wp\/v2\/product_brand?post=16961"},{"taxonomy":"product_cat","embeddable":true,"href":"https:\/\/nordicmart.andreevmaster.com\/sv\/wp-json\/wp\/v2\/product_cat?post=16961"},{"taxonomy":"product_tag","embeddable":true,"href":"https:\/\/nordicmart.andreevmaster.com\/sv\/wp-json\/wp\/v2\/product_tag?post=16961"}],"curies":[{"name":"wp","href":"https:\/\/api.w.org\/{rel}","templated":true}]}}