{"id":16960,"date":"2026-02-27T00:32:58","date_gmt":"2026-02-27T00:32:58","guid":{"rendered":"https:\/\/nordicmart.andreevmaster.com\/product\/songmics-manlig-skyltdocka-av-pe-plast\/"},"modified":"2026-02-27T08:22:59","modified_gmt":"2026-02-27T08:22:59","slug":"songmics-manlig-skyltdocka-av-pe-plast","status":"publish","type":"product","link":"https:\/\/nordicmart.andreevmaster.com\/sv\/produkt\/songmics-manlig-skyltdocka-av-pe-plast\/","title":{"rendered":"SONGMICS manlig skyltdocka av PE-plast"},"content":{"rendered":"<p>Denna Songmics manliga skyltdocka \u00e4r tillverkad av ett milj\u00f6v\u00e4nligt material, PE-plast. F\u00f6rutom att materialet \u00e4r \u00e5tervinningsbart har det ocks\u00e5 f\u00f6rdelen att mannek\u00e4ngen blir robust: j\u00e4mf\u00f6rt med mannek\u00e4nger av glasfiberarmerad plast \u00e4r mannek\u00e4nger av PE-plast inte s\u00e5 l\u00e4tta att skada, t.ex. g\u00e5r mannek\u00e4ngen inte s\u00f6nder om den skulle v\u00e4lta. Denna mannek\u00e4ng har en optimal storlek, mycket bra proportioner och \u00e4r extremt anv\u00e4ndarv\u00e4nlig. Den st\u00e5r bra \u00e4ven n\u00e4r den \u00e4r p\u00e5kl\u00e4dd och kan anv\u00e4ndas f\u00f6r att presentera peruker, smycken eller hattar i skyltf\u00f6nstret. Helhetsintrycket i skyltf\u00f6nstret blir mycket stilfullt. Dessutom kan den anv\u00e4ndas f\u00f6r att fotografera kl\u00e4derna p\u00e5 den. Anm\u00e4rkning: &#8211; Vid montering, se till att l\u00e5set och f\u00e4stet vid anslutningspunkterna passar ihop korrekt innan du vrider armen\/benet. &#8211; Eftersom fingrarna och t\u00e5rna inte \u00e4r separata utan sitter ihop \u00e4r den inte l\u00e4mplig f\u00f6r att b\u00e4ra fingerhandskar, ringar etc. &#8211; Om man l\u00e5ter skyltdockan b\u00e4ra olika peruker och kl\u00e4der i olika stilar skapas olika effekter p\u00e5 dockan. Produktdetaljer: &#8211; Kroppsstorlek: 185 cm &#8211; Huvudomkrets: 56 cm &#8211; Axelbredd: 52 cm &#8211; Br\u00f6stomkrets: 95 cm &#8211; Midjeomkrets: 76 cm &#8211; H\u00f6ftomkrets: 97 cm &#8211; Fotstorlek: 25 cm &#8211; F\u00e4rg: ljus hudtyp &#8211; M\u00e5tt glasfot: 30 x 43 cm Leveransomfattning: &#8211; 1 x manlig skyltdocka (utan kl\u00e4der, peruk eller dekoration) &#8211; 1 x vadenst\u00e5ng i aluminium &#8211; 1 x glasfot<\/p>\n","protected":false},"excerpt":{"rendered":"<p>SONGMICS manlig skyltdocka manlig skyltdocka mannequin av PE-plast MPGM19<\/p>\n","protected":false},"featured_media":0,"comment_status":"open","ping_status":"closed","template":"","meta":[],"product_brand":[],"product_cat":[33],"product_tag":[],"class_list":{"0":"post-16960","1":"product","2":"type-product","3":"status-publish","5":"product_cat-okategoriserad","7":"first","8":"instock","9":"shipping-taxable","10":"purchasable","11":"product-type-simple"},"_links":{"self":[{"href":"https:\/\/nordicmart.andreevmaster.com\/sv\/wp-json\/wp\/v2\/product\/16960","targetHints":{"allow":["GET"]}}],"collection":[{"href":"https:\/\/nordicmart.andreevmaster.com\/sv\/wp-json\/wp\/v2\/product"}],"about":[{"href":"https:\/\/nordicmart.andreevmaster.com\/sv\/wp-json\/wp\/v2\/types\/product"}],"replies":[{"embeddable":true,"href":"https:\/\/nordicmart.andreevmaster.com\/sv\/wp-json\/wp\/v2\/comments?post=16960"}],"wp:attachment":[{"href":"https:\/\/nordicmart.andreevmaster.com\/sv\/wp-json\/wp\/v2\/media?parent=16960"}],"wp:term":[{"taxonomy":"product_brand","embeddable":true,"href":"https:\/\/nordicmart.andreevmaster.com\/sv\/wp-json\/wp\/v2\/product_brand?post=16960"},{"taxonomy":"product_cat","embeddable":true,"href":"https:\/\/nordicmart.andreevmaster.com\/sv\/wp-json\/wp\/v2\/product_cat?post=16960"},{"taxonomy":"product_tag","embeddable":true,"href":"https:\/\/nordicmart.andreevmaster.com\/sv\/wp-json\/wp\/v2\/product_tag?post=16960"}],"curies":[{"name":"wp","href":"https:\/\/api.w.org\/{rel}","templated":true}]}}