{"id":16956,"date":"2026-02-27T00:32:57","date_gmt":"2026-02-27T00:32:57","guid":{"rendered":"https:\/\/nordicmart.andreevmaster.com\/product\/songmics-barnskyltdocka\/"},"modified":"2026-02-27T08:22:58","modified_gmt":"2026-02-27T08:22:58","slug":"songmics-barnskyltdocka","status":"publish","type":"product","link":"https:\/\/nordicmart.andreevmaster.com\/sv\/produkt\/songmics-barnskyltdocka\/","title":{"rendered":"SONGMICS barnskyltdocka"},"content":{"rendered":"<p>Denna Songmics barnskyltdocka \u00e4r tillverkad av ett milj\u00f6v\u00e4nligt material, PE-plast. F\u00f6rutom att materialet \u00e4r \u00e5tervinningsbart har det ocks\u00e5 f\u00f6rdelen att mannek\u00e4ngen \u00e4r robust: j\u00e4mf\u00f6rt med mannek\u00e4nger av glasfiberarmerad plast \u00e4r mannek\u00e4nger av PE-plast inte s\u00e5 l\u00e4tta att skada, t.ex. g\u00e5r mannek\u00e4ngen inte s\u00f6nder om den skulle v\u00e4lta. Huvudets och armarna r\u00f6rlighet g\u00f6r att du fritt kan justera dockornas h\u00e5llning efter \u00f6nskem\u00e5l. Det \u00e4r mycket enkelt att montera och demontera. Skyltdockan placeras p\u00e5 en glasplatta som ger den ett stabilt och fast grepp. Ansiktet \u00e4r s\u00f6tt och passar utm\u00e4rkt f\u00f6r presentation av barnkollektioner. F\u00f6rutom att st\u00e4llas ut i skyltf\u00f6nstret kan den ocks\u00e5 anv\u00e4ndas som provdocka f\u00f6r dina barns syda kl\u00e4der eller f\u00f6r att fotografera barnkl\u00e4derna p\u00e5 den. Helhetsintrycket i skyltf\u00f6nstret blir mycket stilfullt. Produktdetaljer: &#8211; Kroppsl\u00e4ngd: 110 cm &#8211; Huvudomkrets: 45 cm &#8211; Axelbredd: 28 cm &#8211; Br\u00f6stomkrets: 59 cm &#8211; Midjeomkrets: 56 cm &#8211; H\u00f6ftomkrets: 64 cm &#8211; Fotstorlek: 15 cm &#8211; M\u00e5tt p\u00e5 glasfot: 30 x 22 cm Leveransomfattning:  &#8211; 1 x barnskyltdocka (utan kl\u00e4der, peruk eller dekoration) &#8211; 1 x vadst\u00f6d i aluminium &#8211; 1 x glasfot Anm\u00e4rkning:  &#8211; Vid montering, se till att l\u00e5set och f\u00e4stet vid anslutningspunkterna passar ihop korrekt innan du vrider armen\/benet. &#8211; Eftersom fingrarna och t\u00e5rna inte \u00e4r separata utan sitter ihop \u00e4r dockan inte l\u00e4mplig f\u00f6r att b\u00e4ra fingerhandskar, ringar etc. &#8211; Om man s\u00e4tter olika peruker p\u00e5 skyltdockan och kl\u00e4r den i olika stilar f\u00e5r man olika effekter p\u00e5 dockan.<\/p>\n","protected":false},"excerpt":{"rendered":"<p>SONGMICS Barnskyltdocka Skyltdocka av PE-plast MKIS02<\/p>\n","protected":false},"featured_media":0,"comment_status":"open","ping_status":"closed","template":"","meta":[],"product_brand":[],"product_cat":[33],"product_tag":[],"class_list":{"0":"post-16956","1":"product","2":"type-product","3":"status-publish","5":"product_cat-okategoriserad","7":"first","8":"instock","9":"shipping-taxable","10":"purchasable","11":"product-type-simple"},"_links":{"self":[{"href":"https:\/\/nordicmart.andreevmaster.com\/sv\/wp-json\/wp\/v2\/product\/16956","targetHints":{"allow":["GET"]}}],"collection":[{"href":"https:\/\/nordicmart.andreevmaster.com\/sv\/wp-json\/wp\/v2\/product"}],"about":[{"href":"https:\/\/nordicmart.andreevmaster.com\/sv\/wp-json\/wp\/v2\/types\/product"}],"replies":[{"embeddable":true,"href":"https:\/\/nordicmart.andreevmaster.com\/sv\/wp-json\/wp\/v2\/comments?post=16956"}],"wp:attachment":[{"href":"https:\/\/nordicmart.andreevmaster.com\/sv\/wp-json\/wp\/v2\/media?parent=16956"}],"wp:term":[{"taxonomy":"product_brand","embeddable":true,"href":"https:\/\/nordicmart.andreevmaster.com\/sv\/wp-json\/wp\/v2\/product_brand?post=16956"},{"taxonomy":"product_cat","embeddable":true,"href":"https:\/\/nordicmart.andreevmaster.com\/sv\/wp-json\/wp\/v2\/product_cat?post=16956"},{"taxonomy":"product_tag","embeddable":true,"href":"https:\/\/nordicmart.andreevmaster.com\/sv\/wp-json\/wp\/v2\/product_tag?post=16956"}],"curies":[{"name":"wp","href":"https:\/\/api.w.org\/{rel}","templated":true}]}}