{"id":16955,"date":"2026-02-27T00:32:57","date_gmt":"2026-02-27T00:32:57","guid":{"rendered":"https:\/\/nordicmart.andreevmaster.com\/product\/masterkidz-lar-dig-halsosam-munhygien-med-hjalp-av-en-hund-montessori-pedagogisk-vaggtavla\/"},"modified":"2026-02-27T08:22:58","modified_gmt":"2026-02-27T08:22:58","slug":"masterkidz-lar-dig-halsosam-munhygien-med-hjalp-av-en-hund-montessori-pedagogisk-vaggtavla","status":"publish","type":"product","link":"https:\/\/nordicmart.andreevmaster.com\/sv\/produkt\/masterkidz-lar-dig-halsosam-munhygien-med-hjalp-av-en-hund-montessori-pedagogisk-vaggtavla\/","title":{"rendered":"MASTERKIDZ L\u00e4r dig h\u00e4lsosam munhygien med hj\u00e4lp av en hund \u2013 Montessori-pedagogisk v\u00e4ggtavla"},"content":{"rendered":"<p>Denna pedagogiska tavla kombinerar det roliga med att borsta hundens t\u00e4nder med att l\u00e4ra sig om munhygien. Den har en v\u00e4nlig hund med en \u00f6ppningsbar mun som visar 10 t\u00e4nder. Setet inneh\u00e5ller leksakstandkr\u00e4m, tandborste och tandtr\u00e5d. Barn kan leka att de borstar hundens t\u00e4nder genom att kl\u00e4mma ut tandkr\u00e4m p\u00e5 tandborsten, borsta och anv\u00e4nda tandtr\u00e5d, vilket utvecklar deras motorik och precision. Leksaken uppmuntrar till samtal om att ta hand om sina egna t\u00e4nder och kan lekas med ensam eller i par. <\/p>\n<p>Egenskaper<\/p>\n<p>* &#8211; Leksak f\u00f6r barn fr\u00e5n 2 \u00e5r.<br \/>\n* &#8211; Inkluderar tandborste, tandkr\u00e4m och tandtr\u00e5d.<br \/>\n* &#8211; Pedagogisk tr\u00e4br\u00e4da som hj\u00e4lper ditt barn att \u00f6va p\u00e5 att borsta t\u00e4nderna och anv\u00e4nda tandtr\u00e5d.* &#8211; Att leka med denna leksak utvecklar ditt barns motoriska f\u00e4rdigheter. * &#8211; Hundens mun kan \u00f6ppnas och visar 10 t\u00e4nder. * &#8211; Leksaken \u00e4r tillverkad av tr\u00e4. Genom att v\u00e4lja tr\u00e4leksaker tar du hand om milj\u00f6n och minskar plastavfallet.<\/p>\n","protected":false},"excerpt":{"rendered":"<p>Denna pedagogiska tavla kombinerar det roliga med att borsta hundens t\u00e4nder med att l\u00e4ra sig om munhygien. Den har en v\u00e4nlig hund med en \u00f6ppningsbar mun som visar 10 t\u00e4nder. Setet inneh\u00e5ller leksakstandkr\u00e4m, tandborste och tandtr\u00e5d. Barn kan leka att de borstar hundens t\u00e4nder genom att kl\u00e4mma ut tandkr\u00e4m p\u00e5 tandborsten, borsta och anv\u00e4nda tandtr\u00e5d, [&hellip;]<\/p>\n","protected":false},"featured_media":0,"comment_status":"open","ping_status":"closed","template":"","meta":[],"product_brand":[],"product_cat":[33],"product_tag":[],"class_list":{"0":"post-16955","1":"product","2":"type-product","3":"status-publish","5":"product_cat-okategoriserad","7":"first","8":"instock","9":"shipping-taxable","10":"purchasable","11":"product-type-simple"},"_links":{"self":[{"href":"https:\/\/nordicmart.andreevmaster.com\/sv\/wp-json\/wp\/v2\/product\/16955","targetHints":{"allow":["GET"]}}],"collection":[{"href":"https:\/\/nordicmart.andreevmaster.com\/sv\/wp-json\/wp\/v2\/product"}],"about":[{"href":"https:\/\/nordicmart.andreevmaster.com\/sv\/wp-json\/wp\/v2\/types\/product"}],"replies":[{"embeddable":true,"href":"https:\/\/nordicmart.andreevmaster.com\/sv\/wp-json\/wp\/v2\/comments?post=16955"}],"wp:attachment":[{"href":"https:\/\/nordicmart.andreevmaster.com\/sv\/wp-json\/wp\/v2\/media?parent=16955"}],"wp:term":[{"taxonomy":"product_brand","embeddable":true,"href":"https:\/\/nordicmart.andreevmaster.com\/sv\/wp-json\/wp\/v2\/product_brand?post=16955"},{"taxonomy":"product_cat","embeddable":true,"href":"https:\/\/nordicmart.andreevmaster.com\/sv\/wp-json\/wp\/v2\/product_cat?post=16955"},{"taxonomy":"product_tag","embeddable":true,"href":"https:\/\/nordicmart.andreevmaster.com\/sv\/wp-json\/wp\/v2\/product_tag?post=16955"}],"curies":[{"name":"wp","href":"https:\/\/api.w.org\/{rel}","templated":true}]}}