{"id":16954,"date":"2026-02-27T00:32:57","date_gmt":"2026-02-27T00:32:57","guid":{"rendered":"https:\/\/nordicmart.andreevmaster.com\/product\/masterkidz-pedagogisk-tavla-gronsaker-lar-dig-siffror-och-farger-montessori\/"},"modified":"2026-02-27T08:22:57","modified_gmt":"2026-02-27T08:22:57","slug":"masterkidz-pedagogisk-tavla-gronsaker-lar-dig-siffror-och-farger-montessori","status":"publish","type":"product","link":"https:\/\/nordicmart.andreevmaster.com\/sv\/produkt\/masterkidz-pedagogisk-tavla-gronsaker-lar-dig-siffror-och-farger-montessori\/","title":{"rendered":"MASTERKIDZ Pedagogisk tavla Gr\u00f6nsaker L\u00e4r dig siffror och f\u00e4rger Montessori"},"content":{"rendered":"<p>En tr\u00e4br\u00e4da f\u00f6r att l\u00e4ra sig siffror och f\u00e4rger fr\u00e5n MASTERKIDZ. Br\u00e4dan \u00e4r utformad f\u00f6r att hj\u00e4lpa barn att utveckla sina sinnen. Barnen m\u00e5ste matcha r\u00e4tt gr\u00f6nsak med antalet prickar och f\u00e4rg. Br\u00e4dan utvecklar ocks\u00e5 barnets manuella f\u00e4rdigheter, s\u00e5 kallade &#8221;finmotorik&#8221;.<\/p>\n<p>Egenskaper:<\/p>\n<p>* &#8211; f\u00f6r barn fr\u00e5n 3 \u00e5r<br \/>\n* &#8211; tillverkad av tr\u00e4<br \/>\n* &#8211; h\u00f6g kvalitet<br \/>\n* &#8211; hj\u00e4lper till att l\u00e4ra sig siffror och f\u00e4rger \u2013 barnet matchar r\u00e4tt gr\u00f6nsak med antalet prickar och f\u00e4rgen<br \/>\n* &#8211; utvecklar manuell skicklighet, dvs. finmotorik<\/p>\n","protected":false},"excerpt":{"rendered":"<p>En tr\u00e4br\u00e4da f\u00f6r att l\u00e4ra sig siffror och f\u00e4rger fr\u00e5n MASTERKIDZ. Br\u00e4dan \u00e4r utformad f\u00f6r att hj\u00e4lpa barn att utveckla sina sinnen. Barnen m\u00e5ste matcha r\u00e4tt gr\u00f6nsak med antalet prickar och f\u00e4rg. Br\u00e4dan utvecklar ocks\u00e5 barnets manuella f\u00e4rdigheter, s\u00e5 kallade &#8221;finmotorik&#8221;. Egenskaper: * &#8211; f\u00f6r barn fr\u00e5n 3 \u00e5r * &#8211; tillverkad av tr\u00e4 * [&hellip;]<\/p>\n","protected":false},"featured_media":0,"comment_status":"open","ping_status":"closed","template":"","meta":[],"product_brand":[],"product_cat":[33],"product_tag":[],"class_list":{"0":"post-16954","1":"product","2":"type-product","3":"status-publish","5":"product_cat-okategoriserad","7":"first","8":"instock","9":"shipping-taxable","10":"purchasable","11":"product-type-simple"},"_links":{"self":[{"href":"https:\/\/nordicmart.andreevmaster.com\/sv\/wp-json\/wp\/v2\/product\/16954","targetHints":{"allow":["GET"]}}],"collection":[{"href":"https:\/\/nordicmart.andreevmaster.com\/sv\/wp-json\/wp\/v2\/product"}],"about":[{"href":"https:\/\/nordicmart.andreevmaster.com\/sv\/wp-json\/wp\/v2\/types\/product"}],"replies":[{"embeddable":true,"href":"https:\/\/nordicmart.andreevmaster.com\/sv\/wp-json\/wp\/v2\/comments?post=16954"}],"wp:attachment":[{"href":"https:\/\/nordicmart.andreevmaster.com\/sv\/wp-json\/wp\/v2\/media?parent=16954"}],"wp:term":[{"taxonomy":"product_brand","embeddable":true,"href":"https:\/\/nordicmart.andreevmaster.com\/sv\/wp-json\/wp\/v2\/product_brand?post=16954"},{"taxonomy":"product_cat","embeddable":true,"href":"https:\/\/nordicmart.andreevmaster.com\/sv\/wp-json\/wp\/v2\/product_cat?post=16954"},{"taxonomy":"product_tag","embeddable":true,"href":"https:\/\/nordicmart.andreevmaster.com\/sv\/wp-json\/wp\/v2\/product_tag?post=16954"}],"curies":[{"name":"wp","href":"https:\/\/api.w.org\/{rel}","templated":true}]}}