{"id":16953,"date":"2026-02-27T00:32:57","date_gmt":"2026-02-27T00:32:57","guid":{"rendered":"https:\/\/nordicmart.andreevmaster.com\/product\/masterkidz-matchande-skuggor-parning-objektigenkanning-montessori\/"},"modified":"2026-02-27T08:22:57","modified_gmt":"2026-02-27T08:22:57","slug":"masterkidz-matchande-skuggor-parning-objektigenkanning-montessori","status":"publish","type":"product","link":"https:\/\/nordicmart.andreevmaster.com\/sv\/produkt\/masterkidz-matchande-skuggor-parning-objektigenkanning-montessori\/","title":{"rendered":"MASTERKIDZ Matchande skuggor Parning Objektigenk\u00e4nning Montessori"},"content":{"rendered":"<p>Formmatchningspusslet \u00e4r ett pedagogiskt leksak f\u00f6r barn som \u00e4lskar att uppt\u00e4cka v\u00e4rlden genom lek. F\u00e4rgglada, robusta block med illustrationer av vardagliga f\u00f6rem\u00e5l, djur och fordon uppmuntrar ditt barn att matcha och l\u00e4ra sig nya ord och former. Tack vare utbytbara br\u00e4dor och en enkel mekanism blir leken aldrig tr\u00e5kig, och ditt barn kan utveckla sina f\u00e4rdigheter p\u00e5 m\u00e5nga sv\u00e5righetsniv\u00e5er.<\/p>\n<p>Egenskaper:<\/p>\n<p>* &#8211; Tillverkad av h\u00f6gkvalitativt tr\u00e4<br \/>\n* &#8211; Tre sv\u00e5righetsgrader tack vare utbytbara kort: identiska illustrationer, f\u00e4rgglada silhuetter och svarta silhuetter.<\/p>\n<p>Leksaken utvecklar:<\/p>\n<p>* &#8211; Uppfattningsf\u00f6rm\u00e5ga<br \/>\n* &#8211; Logik<br \/>\n* &#8211; T\u00e5lamod<\/p>\n","protected":false},"excerpt":{"rendered":"<p>Formmatchningspusslet \u00e4r ett pedagogiskt leksak f\u00f6r barn som \u00e4lskar att uppt\u00e4cka v\u00e4rlden genom lek. F\u00e4rgglada, robusta block med illustrationer av vardagliga f\u00f6rem\u00e5l, djur och fordon uppmuntrar ditt barn att matcha och l\u00e4ra sig nya ord och former. Tack vare utbytbara br\u00e4dor och en enkel mekanism blir leken aldrig tr\u00e5kig, och ditt barn kan utveckla sina [&hellip;]<\/p>\n","protected":false},"featured_media":0,"comment_status":"open","ping_status":"closed","template":"","meta":[],"product_brand":[],"product_cat":[33],"product_tag":[],"class_list":{"0":"post-16953","1":"product","2":"type-product","3":"status-publish","5":"product_cat-okategoriserad","7":"first","8":"instock","9":"shipping-taxable","10":"purchasable","11":"product-type-simple"},"_links":{"self":[{"href":"https:\/\/nordicmart.andreevmaster.com\/sv\/wp-json\/wp\/v2\/product\/16953","targetHints":{"allow":["GET"]}}],"collection":[{"href":"https:\/\/nordicmart.andreevmaster.com\/sv\/wp-json\/wp\/v2\/product"}],"about":[{"href":"https:\/\/nordicmart.andreevmaster.com\/sv\/wp-json\/wp\/v2\/types\/product"}],"replies":[{"embeddable":true,"href":"https:\/\/nordicmart.andreevmaster.com\/sv\/wp-json\/wp\/v2\/comments?post=16953"}],"wp:attachment":[{"href":"https:\/\/nordicmart.andreevmaster.com\/sv\/wp-json\/wp\/v2\/media?parent=16953"}],"wp:term":[{"taxonomy":"product_brand","embeddable":true,"href":"https:\/\/nordicmart.andreevmaster.com\/sv\/wp-json\/wp\/v2\/product_brand?post=16953"},{"taxonomy":"product_cat","embeddable":true,"href":"https:\/\/nordicmart.andreevmaster.com\/sv\/wp-json\/wp\/v2\/product_cat?post=16953"},{"taxonomy":"product_tag","embeddable":true,"href":"https:\/\/nordicmart.andreevmaster.com\/sv\/wp-json\/wp\/v2\/product_tag?post=16953"}],"curies":[{"name":"wp","href":"https:\/\/api.w.org\/{rel}","templated":true}]}}