{"id":16952,"date":"2026-02-27T00:32:56","date_gmt":"2026-02-27T00:32:56","guid":{"rendered":"https:\/\/nordicmart.andreevmaster.com\/product\/masterkidz-emotion-learning-board-wooden-eggs-whats-your-mood-montessori-2\/"},"modified":"2026-02-27T08:22:57","modified_gmt":"2026-02-27T08:22:57","slug":"masterkidz-emotion-learning-board-wooden-eggs-whats-your-mood-montessori-2","status":"publish","type":"product","link":"https:\/\/nordicmart.andreevmaster.com\/sv\/produkt\/masterkidz-emotion-learning-board-wooden-eggs-whats-your-mood-montessori-2\/","title":{"rendered":"MASTERKIDZ Emotion Learning Board Wooden Eggs What&#8217;s Your Mood? Montessori"},"content":{"rendered":"<p>En tr\u00e4panel f\u00f6r att l\u00e4ra sig k\u00e4nslor fr\u00e5n MASTERKIDZ. Panelen \u00e4r utformad f\u00f6r att hj\u00e4lpa barn att utveckla k\u00e4nslom\u00e4ssig medvetenhet och sociala f\u00e4rdigheter. Barn kan kombinera de \u00f6vre och nedre delarna p\u00e5 olika s\u00e4tt f\u00f6r att skapa ansiktsuttryck. Det \u00e4r ett s\u00e4rskilt anv\u00e4ndbart verktyg f\u00f6r att uppmuntra barn att uttrycka sina k\u00e4nslor icke-verbalt. Den kan ocks\u00e5 anv\u00e4ndas som ett verktyg f\u00f6r att l\u00e4ra barn empati genom att be dem gissa eller \u00e5terge andras k\u00e4nslor med hj\u00e4lp av dessa block.<\/p>\n<p>Egenskaper:<\/p>\n<p>* &#8211; Tillverkad av h\u00f6gkvalitativt tr\u00e4<br \/>\n* &#8211; Hj\u00e4lper barn att l\u00e4ra sig att k\u00e4nna igen och uttrycka sina k\u00e4nslor<\/p>\n<p>Leksaken utvecklar:<\/p>\n<p>* &#8211; Emotionell medvetenhet<br \/>\n* &#8211; Empati<br \/>\n* &#8211; Sociala f\u00e4rdigheter<br \/>\n* &#8211; Fantasi<\/p>\n","protected":false},"excerpt":{"rendered":"<p>En tr\u00e4panel f\u00f6r att l\u00e4ra sig k\u00e4nslor fr\u00e5n MASTERKIDZ. Panelen \u00e4r utformad f\u00f6r att hj\u00e4lpa barn att utveckla k\u00e4nslom\u00e4ssig medvetenhet och sociala f\u00e4rdigheter. Barn kan kombinera de \u00f6vre och nedre delarna p\u00e5 olika s\u00e4tt f\u00f6r att skapa ansiktsuttryck. Det \u00e4r ett s\u00e4rskilt anv\u00e4ndbart verktyg f\u00f6r att uppmuntra barn att uttrycka sina k\u00e4nslor icke-verbalt. Den kan [&hellip;]<\/p>\n","protected":false},"featured_media":0,"comment_status":"open","ping_status":"closed","template":"","meta":[],"product_brand":[],"product_cat":[33],"product_tag":[],"class_list":{"0":"post-16952","1":"product","2":"type-product","3":"status-publish","5":"product_cat-okategoriserad","7":"first","8":"instock","9":"shipping-taxable","10":"purchasable","11":"product-type-simple"},"_links":{"self":[{"href":"https:\/\/nordicmart.andreevmaster.com\/sv\/wp-json\/wp\/v2\/product\/16952","targetHints":{"allow":["GET"]}}],"collection":[{"href":"https:\/\/nordicmart.andreevmaster.com\/sv\/wp-json\/wp\/v2\/product"}],"about":[{"href":"https:\/\/nordicmart.andreevmaster.com\/sv\/wp-json\/wp\/v2\/types\/product"}],"replies":[{"embeddable":true,"href":"https:\/\/nordicmart.andreevmaster.com\/sv\/wp-json\/wp\/v2\/comments?post=16952"}],"wp:attachment":[{"href":"https:\/\/nordicmart.andreevmaster.com\/sv\/wp-json\/wp\/v2\/media?parent=16952"}],"wp:term":[{"taxonomy":"product_brand","embeddable":true,"href":"https:\/\/nordicmart.andreevmaster.com\/sv\/wp-json\/wp\/v2\/product_brand?post=16952"},{"taxonomy":"product_cat","embeddable":true,"href":"https:\/\/nordicmart.andreevmaster.com\/sv\/wp-json\/wp\/v2\/product_cat?post=16952"},{"taxonomy":"product_tag","embeddable":true,"href":"https:\/\/nordicmart.andreevmaster.com\/sv\/wp-json\/wp\/v2\/product_tag?post=16952"}],"curies":[{"name":"wp","href":"https:\/\/api.w.org\/{rel}","templated":true}]}}