{"id":16951,"date":"2026-02-27T00:32:56","date_gmt":"2026-02-27T00:32:56","guid":{"rendered":"https:\/\/nordicmart.andreevmaster.com\/product\/masterkidz-learning-emotions-montessori-wooden-game-2\/"},"modified":"2026-02-27T08:22:57","modified_gmt":"2026-02-27T08:22:57","slug":"masterkidz-learning-emotions-montessori-wooden-game-2","status":"publish","type":"product","link":"https:\/\/nordicmart.andreevmaster.com\/sv\/produkt\/masterkidz-learning-emotions-montessori-wooden-game-2\/","title":{"rendered":"MASTERKIDZ Learning Emotions Montessori Wooden Game"},"content":{"rendered":"<p>Detta handh\u00e5llna pedagogiska br\u00e4de utvecklar barns emotionella intelligens och l\u00e4r dem att k\u00e4nna igen k\u00e4nslor och emotioner, inklusive r\u00e4dsla, gl\u00e4dje, sorg och ilska.Spelet best\u00e5r av fyra block som barnet kan anv\u00e4nda f\u00f6r att skapa upp till 64 olika ansikten som uttrycker olika k\u00e4nslor. \u00d6vningar som utf\u00f6rs med hj\u00e4lp av detta spel erbjuder fantastiska m\u00f6jligheter att l\u00e4ra barn att hantera sina k\u00e4nslor p\u00e5 r\u00e4tt s\u00e4tt, hur de ska hantera sina k\u00e4nslor och vad de betyder. Produkten \u00e4r l\u00e4mplig f\u00f6r individuellt arbete, b\u00e5de hemma och p\u00e5 specialistmottagningar.<\/p>\n<p>\u00d6vning 1<\/p>\n<p>Kasta t\u00e4rningen A. Be barnet att ordna de 4 tr\u00e4klossarna s\u00e5 att ansiktsuttrycket matchar m\u00f6nstret som kastats p\u00e5 t\u00e4rningen. Detta \u00e4r en bra \u00f6vning f\u00f6r barnet att observera hur f\u00f6r\u00e4ndringar i v\u00e5ra \u00f6gon, mun etc. p\u00e5verkar v\u00e5ra k\u00e4nslor.<\/p>\n<p>\u00d6vning 2<\/p>\n<p>Be ditt barn att anv\u00e4nda de fyra tr\u00e4klossarna och ordna dem s\u00e5 att de visar deras k\u00e4nslor idag. Detta uppmuntrar ditt barn att uttrycka sina k\u00e4nslor s\u00e5 att f\u00f6r\u00e4ldrar och l\u00e4rare kan f\u00f6rst\u00e5 dem b\u00e4ttre. \u00c4nnu viktigare \u00e4r att vi ocks\u00e5 kan l\u00e4ra dem k\u00e4nslom\u00e4ssig hantering, hur de ska hantera sina k\u00e4nslor och vad de betyder.<\/p>\n<p>\u00d6vning 3<\/p>\n<p>Kasta den andra t\u00e4rningen. Be barnen att ordna de fyra tr\u00e4klossarna s\u00e5 att de visar hur de skulle k\u00e4nna sig om de hamnade i den situation som visas p\u00e5 t\u00e4rningen. Det finns sex olika situationer, och barn kan reagera olika p\u00e5 samma situation. Om barnen till exempel ser en hund kommer vissa att bli mycket glada eftersom de \u00e4lskar djur. Andra kommer dock att bli r\u00e4dda eftersom de \u00e4r r\u00e4dda f\u00f6r hundar. F\u00f6r\u00e4ldrar eller l\u00e4rare b\u00f6r fr\u00e5ga barnen varf\u00f6r de reagerar s\u00e5 i den h\u00e4r situationen. Detta \u00e4r en mycket bra \u00f6vning mellan barn och vuxna, som m\u00f6jligg\u00f6r en b\u00e4ttre f\u00f6rst\u00e5else f\u00f6r barn. Det ger ocks\u00e5 vuxna en utm\u00e4rkt m\u00f6jlighet att l\u00e4ra v\u00e5ra barn hur de ska hantera sina k\u00e4nslor p\u00e5 r\u00e4tt s\u00e4tt. <\/p>\n<p>\u00d6vning 4<\/p>\n<p>I k\u00e4nslom\u00e4ssig utbildning \u00e4r det ocks\u00e5 viktigt att v\u00e5ra barn kan k\u00e4nna igen och f\u00f6rst\u00e5 andras k\u00e4nslor. Detta \u00e4r en av de grundl\u00e4ggande f\u00e4rdigheter som barn beh\u00f6ver l\u00e4ra sig. Vi kan be barnet att gissa ett annat barns k\u00e4nslor och anv\u00e4nda fyra tr\u00e4pinnar f\u00f6r att g\u00f6ra ett ansiktsuttryck. Leksaken \u00e4r helt tillverkad av tr\u00e4. Genom att v\u00e4lja Masterkidz tr\u00e4leksaker tar du hand om milj\u00f6n och minskar plastavfallet.<\/p>\n","protected":false},"excerpt":{"rendered":"<p>Detta handh\u00e5llna pedagogiska br\u00e4de utvecklar barns emotionella intelligens och l\u00e4r dem att k\u00e4nna igen k\u00e4nslor och emotioner, inklusive r\u00e4dsla, gl\u00e4dje, sorg och ilska.Spelet best\u00e5r av fyra block som barnet kan anv\u00e4nda f\u00f6r att skapa upp till 64 olika ansikten som uttrycker olika k\u00e4nslor. \u00d6vningar som utf\u00f6rs med hj\u00e4lp av detta spel erbjuder fantastiska m\u00f6jligheter att [&hellip;]<\/p>\n","protected":false},"featured_media":0,"comment_status":"open","ping_status":"closed","template":"","meta":[],"product_brand":[],"product_cat":[33],"product_tag":[],"class_list":{"0":"post-16951","1":"product","2":"type-product","3":"status-publish","5":"product_cat-okategoriserad","7":"first","8":"instock","9":"shipping-taxable","10":"purchasable","11":"product-type-simple"},"_links":{"self":[{"href":"https:\/\/nordicmart.andreevmaster.com\/sv\/wp-json\/wp\/v2\/product\/16951","targetHints":{"allow":["GET"]}}],"collection":[{"href":"https:\/\/nordicmart.andreevmaster.com\/sv\/wp-json\/wp\/v2\/product"}],"about":[{"href":"https:\/\/nordicmart.andreevmaster.com\/sv\/wp-json\/wp\/v2\/types\/product"}],"replies":[{"embeddable":true,"href":"https:\/\/nordicmart.andreevmaster.com\/sv\/wp-json\/wp\/v2\/comments?post=16951"}],"wp:attachment":[{"href":"https:\/\/nordicmart.andreevmaster.com\/sv\/wp-json\/wp\/v2\/media?parent=16951"}],"wp:term":[{"taxonomy":"product_brand","embeddable":true,"href":"https:\/\/nordicmart.andreevmaster.com\/sv\/wp-json\/wp\/v2\/product_brand?post=16951"},{"taxonomy":"product_cat","embeddable":true,"href":"https:\/\/nordicmart.andreevmaster.com\/sv\/wp-json\/wp\/v2\/product_cat?post=16951"},{"taxonomy":"product_tag","embeddable":true,"href":"https:\/\/nordicmart.andreevmaster.com\/sv\/wp-json\/wp\/v2\/product_tag?post=16951"}],"curies":[{"name":"wp","href":"https:\/\/api.w.org\/{rel}","templated":true}]}}