{"id":16950,"date":"2026-02-27T00:32:56","date_gmt":"2026-02-27T00:32:56","guid":{"rendered":"https:\/\/nordicmart.andreevmaster.com\/product\/masterkidz-logikspel-for-tidig-programmeringsutbildning-hitta-vagen-till-osten\/"},"modified":"2026-02-27T08:22:57","modified_gmt":"2026-02-27T08:22:57","slug":"masterkidz-logikspel-for-tidig-programmeringsutbildning-hitta-vagen-till-osten","status":"publish","type":"product","link":"https:\/\/nordicmart.andreevmaster.com\/sv\/produkt\/masterkidz-logikspel-for-tidig-programmeringsutbildning-hitta-vagen-till-osten\/","title":{"rendered":"MASTERKIDZ Logikspel f\u00f6r tidig programmeringsutbildning Hitta v\u00e4gen till osten!"},"content":{"rendered":"<p>Spelet &#8221;Hitta v\u00e4gen till osten&#8221; \u00e4r utformat f\u00f6r att vara det f\u00f6rsta spelet som introducerar barn till programmeringens v\u00e4rld. Genom lek kan de utveckla f\u00e4rdigheter som \u00e4r anv\u00e4ndbara f\u00f6r senare kodningsinl\u00e4rning: logiskt t\u00e4nkande, probleml\u00f6sning och f\u00f6rst\u00e5else f\u00f6r orsak och verkan. Spelet g\u00e5r ut p\u00e5 att anv\u00e4nda muskommandon f\u00f6r att styra musen till osten samtidigt som man undviker katten och hinder. Dessutom f\u00f6rb\u00e4ttrar spelet sm\u00e5 h\u00e4nders fingerf\u00e4rdighet och perfektionerar hand-\u00f6ga-koordinationen. De f\u00f6rsta stegen i programmering beh\u00f6ver inte vara sv\u00e5ra; de kan vara enklare om man b\u00f6rjar tidigt. Att vara bekant med programmeringsspr\u00e5ket ger dig en extra f\u00f6rdel i vidare kodningsutbildning.<br \/>\nFunktioner:<br \/>\n* &#8211; introducerar barn till programmeringens v\u00e4rld<br \/>\n* &#8211; en vuxen s\u00e4tter upp hinder &#8211; barnets uppgift \u00e4r att styra musen till osten &#8211; undvika hinder och passera under broar<br \/>\n* &#8211; viktigt &#8211; musens v\u00e4g f\u00e5r inte korsa sig sj\u00e4lv, och den kan bara st\u00e5 p\u00e5 ett visst f\u00e4lt en g\u00e5ng<br \/>\n* &#8211; genom lek kan barn utveckla grundl\u00e4ggande f\u00e4rdigheter som kommer att vara anv\u00e4ndbara f\u00f6r att l\u00e4ra sig kodning senare<br \/>\n* &#8211; genom lek \u00f6var barnet logiskt t\u00e4nkande och koncentrerar sig g\u00e4rna p\u00e5 spelet<br \/>\n* &#8211; genom att anv\u00e4nda riktningsinstruktioner f\u00f6rbereds barnet f\u00f6r vidare programmeringsutbildning<\/p>\n<p>Leksaken utvecklar:<\/p>\n<p>* &#8211; logiskt t\u00e4nkande<br \/>\n* &#8211; koncentration<br \/>\n* &#8211; f\u00f6rst\u00e5else f\u00f6r orsak och verkan<br \/>\n* &#8211; motoriska f\u00e4rdigheter<br \/>\n* &#8211; hand-\u00f6ga-koordination<br \/>\n* &#8211; l\u00e4r ut riktningar<br \/>\n* &#8211; l\u00e4gger grunden f\u00f6r vidare programmeringsutbildning<\/p>\n","protected":false},"excerpt":{"rendered":"<p>Spelet &#8221;Hitta v\u00e4gen till osten&#8221; \u00e4r utformat f\u00f6r att vara det f\u00f6rsta spelet som introducerar barn till programmeringens v\u00e4rld. Genom lek kan de utveckla f\u00e4rdigheter som \u00e4r anv\u00e4ndbara f\u00f6r senare kodningsinl\u00e4rning: logiskt t\u00e4nkande, probleml\u00f6sning och f\u00f6rst\u00e5else f\u00f6r orsak och verkan. Spelet g\u00e5r ut p\u00e5 att anv\u00e4nda muskommandon f\u00f6r att styra musen till osten samtidigt som [&hellip;]<\/p>\n","protected":false},"featured_media":0,"comment_status":"open","ping_status":"closed","template":"","meta":[],"product_brand":[],"product_cat":[33],"product_tag":[],"class_list":{"0":"post-16950","1":"product","2":"type-product","3":"status-publish","5":"product_cat-okategoriserad","7":"first","8":"instock","9":"shipping-taxable","10":"purchasable","11":"product-type-simple"},"_links":{"self":[{"href":"https:\/\/nordicmart.andreevmaster.com\/sv\/wp-json\/wp\/v2\/product\/16950","targetHints":{"allow":["GET"]}}],"collection":[{"href":"https:\/\/nordicmart.andreevmaster.com\/sv\/wp-json\/wp\/v2\/product"}],"about":[{"href":"https:\/\/nordicmart.andreevmaster.com\/sv\/wp-json\/wp\/v2\/types\/product"}],"replies":[{"embeddable":true,"href":"https:\/\/nordicmart.andreevmaster.com\/sv\/wp-json\/wp\/v2\/comments?post=16950"}],"wp:attachment":[{"href":"https:\/\/nordicmart.andreevmaster.com\/sv\/wp-json\/wp\/v2\/media?parent=16950"}],"wp:term":[{"taxonomy":"product_brand","embeddable":true,"href":"https:\/\/nordicmart.andreevmaster.com\/sv\/wp-json\/wp\/v2\/product_brand?post=16950"},{"taxonomy":"product_cat","embeddable":true,"href":"https:\/\/nordicmart.andreevmaster.com\/sv\/wp-json\/wp\/v2\/product_cat?post=16950"},{"taxonomy":"product_tag","embeddable":true,"href":"https:\/\/nordicmart.andreevmaster.com\/sv\/wp-json\/wp\/v2\/product_tag?post=16950"}],"curies":[{"name":"wp","href":"https:\/\/api.w.org\/{rel}","templated":true}]}}