{"id":16949,"date":"2026-02-27T00:32:55","date_gmt":"2026-02-27T00:32:55","guid":{"rendered":"https:\/\/nordicmart.andreevmaster.com\/product\/masterkidz-pedagogisk-tavla-spegel-lara-sig-blanda-farger\/"},"modified":"2026-02-27T08:22:56","modified_gmt":"2026-02-27T08:22:56","slug":"masterkidz-pedagogisk-tavla-spegel-lara-sig-blanda-farger","status":"publish","type":"product","link":"https:\/\/nordicmart.andreevmaster.com\/sv\/produkt\/masterkidz-pedagogisk-tavla-spegel-lara-sig-blanda-farger\/","title":{"rendered":"MASTERKIDZ Pedagogisk tavla Spegel L\u00e4ra sig blanda f\u00e4rger"},"content":{"rendered":"<p>Att ordna och matcha former och f\u00e4rger spelar en viktig roll f\u00f6r barns utveckling. Pussel \u00e4r extremt viktiga, och sv\u00e5righetsgraden b\u00f6r anpassas efter barnets \u00e5lder.<\/p>\n<p>Egenskaper:<\/p>\n<p>* &#8211; Tavlan l\u00e4r barn hur andra f\u00e4rger skapas fr\u00e5n de tre grundf\u00e4rgerna \u2013 hur man blandar f\u00e4rger<br \/>\n* &#8211; Barnen kan ocks\u00e5 se sin spegelbild i olika f\u00e4rgade speglar<br \/>\n* &#8211; Setet inneh\u00e5ller 1 br\u00e4de<\/p>\n<p>Leksaken utvecklar:<\/p>\n<p>* &#8211; motoriska f\u00e4rdigheter<br \/>\n* &#8211; sensoriska f\u00e4rdigheter<br \/>\n* &#8211; hand-\u00f6ga-koordination<br \/>\n* &#8211; fantasi<br \/>\n* &#8211; koncentration<br \/>\n* &#8211; nyfikenhet<\/p>\n","protected":false},"excerpt":{"rendered":"<p>Att ordna och matcha former och f\u00e4rger spelar en viktig roll f\u00f6r barns utveckling. Pussel \u00e4r extremt viktiga, och sv\u00e5righetsgraden b\u00f6r anpassas efter barnets \u00e5lder. Egenskaper: * &#8211; Tavlan l\u00e4r barn hur andra f\u00e4rger skapas fr\u00e5n de tre grundf\u00e4rgerna \u2013 hur man blandar f\u00e4rger * &#8211; Barnen kan ocks\u00e5 se sin spegelbild i olika f\u00e4rgade [&hellip;]<\/p>\n","protected":false},"featured_media":0,"comment_status":"open","ping_status":"closed","template":"","meta":[],"product_brand":[],"product_cat":[33],"product_tag":[],"class_list":{"0":"post-16949","1":"product","2":"type-product","3":"status-publish","5":"product_cat-okategoriserad","7":"first","8":"instock","9":"shipping-taxable","10":"purchasable","11":"product-type-simple"},"_links":{"self":[{"href":"https:\/\/nordicmart.andreevmaster.com\/sv\/wp-json\/wp\/v2\/product\/16949","targetHints":{"allow":["GET"]}}],"collection":[{"href":"https:\/\/nordicmart.andreevmaster.com\/sv\/wp-json\/wp\/v2\/product"}],"about":[{"href":"https:\/\/nordicmart.andreevmaster.com\/sv\/wp-json\/wp\/v2\/types\/product"}],"replies":[{"embeddable":true,"href":"https:\/\/nordicmart.andreevmaster.com\/sv\/wp-json\/wp\/v2\/comments?post=16949"}],"wp:attachment":[{"href":"https:\/\/nordicmart.andreevmaster.com\/sv\/wp-json\/wp\/v2\/media?parent=16949"}],"wp:term":[{"taxonomy":"product_brand","embeddable":true,"href":"https:\/\/nordicmart.andreevmaster.com\/sv\/wp-json\/wp\/v2\/product_brand?post=16949"},{"taxonomy":"product_cat","embeddable":true,"href":"https:\/\/nordicmart.andreevmaster.com\/sv\/wp-json\/wp\/v2\/product_cat?post=16949"},{"taxonomy":"product_tag","embeddable":true,"href":"https:\/\/nordicmart.andreevmaster.com\/sv\/wp-json\/wp\/v2\/product_tag?post=16949"}],"curies":[{"name":"wp","href":"https:\/\/api.w.org\/{rel}","templated":true}]}}