{"id":16948,"date":"2026-02-27T00:32:55","date_gmt":"2026-02-27T00:32:55","guid":{"rendered":"https:\/\/nordicmart.andreevmaster.com\/product\/masterkidz-skap-for-forvaring-av-pedagogiska-tavlor\/"},"modified":"2026-02-27T08:22:56","modified_gmt":"2026-02-27T08:22:56","slug":"masterkidz-skap-for-forvaring-av-pedagogiska-tavlor","status":"publish","type":"product","link":"https:\/\/nordicmart.andreevmaster.com\/sv\/produkt\/masterkidz-skap-for-forvaring-av-pedagogiska-tavlor\/","title":{"rendered":"MASTERKIDZ Sk\u00e5p f\u00f6r f\u00f6rvaring av pedagogiska tavlor"},"content":{"rendered":"<p>F\u00f6r att h\u00e5lla ordning p\u00e5 barnens lekplats \u00e4r det bra att l\u00e4ra dem var de ska l\u00e4gga undan varje leksak. Varje leksak b\u00f6r ha sin egen f\u00f6rvaringsplats f\u00f6r att undvika kaos.<\/p>\n<p>Detta tr\u00e4sk\u00e5p har specialdesignats f\u00f6r f\u00f6rvaring av Masterkidz handh\u00e5llna tavlor. Det rymmer upp till 10 tavlor som m\u00e4ter 28&#215;28 cm, vilket g\u00f6r det till en mycket praktisk l\u00f6sning. Du kan k\u00f6pa hjul till sk\u00e5pet, vilket g\u00f6r det mycket l\u00e4ttare att flytta, \u00e4ven n\u00e4r det \u00e4r fullt. Hjulen kan l\u00e5sas f\u00f6r att fixera m\u00f6beln utan att beh\u00f6va ta bort dem.<\/p>\n<p>En tavla kan placeras ovanp\u00e5 sk\u00e5pet f\u00f6r att skapa ett mobilt lekcenter. Detta g\u00f6r leksaken s\u00e4rskilt praktisk att anv\u00e4nda.<\/p>\n<p>M\u00f6beln \u00e4r tillverkad av tr\u00e4. Genom att v\u00e4lja Masterkidz tr\u00e4produkter tar du hand om milj\u00f6n och minskar plastavfallet.<\/p>\n","protected":false},"excerpt":{"rendered":"<p>F\u00f6r att h\u00e5lla ordning p\u00e5 barnens lekplats \u00e4r det bra att l\u00e4ra dem var de ska l\u00e4gga undan varje leksak. Varje leksak b\u00f6r ha sin egen f\u00f6rvaringsplats f\u00f6r att undvika kaos. Detta tr\u00e4sk\u00e5p har specialdesignats f\u00f6r f\u00f6rvaring av Masterkidz handh\u00e5llna tavlor. Det rymmer upp till 10 tavlor som m\u00e4ter 28&#215;28 cm, vilket g\u00f6r det till [&hellip;]<\/p>\n","protected":false},"featured_media":0,"comment_status":"open","ping_status":"closed","template":"","meta":[],"product_brand":[],"product_cat":[33],"product_tag":[],"class_list":{"0":"post-16948","1":"product","2":"type-product","3":"status-publish","5":"product_cat-okategoriserad","7":"first","8":"instock","9":"shipping-taxable","10":"purchasable","11":"product-type-simple"},"_links":{"self":[{"href":"https:\/\/nordicmart.andreevmaster.com\/sv\/wp-json\/wp\/v2\/product\/16948","targetHints":{"allow":["GET"]}}],"collection":[{"href":"https:\/\/nordicmart.andreevmaster.com\/sv\/wp-json\/wp\/v2\/product"}],"about":[{"href":"https:\/\/nordicmart.andreevmaster.com\/sv\/wp-json\/wp\/v2\/types\/product"}],"replies":[{"embeddable":true,"href":"https:\/\/nordicmart.andreevmaster.com\/sv\/wp-json\/wp\/v2\/comments?post=16948"}],"wp:attachment":[{"href":"https:\/\/nordicmart.andreevmaster.com\/sv\/wp-json\/wp\/v2\/media?parent=16948"}],"wp:term":[{"taxonomy":"product_brand","embeddable":true,"href":"https:\/\/nordicmart.andreevmaster.com\/sv\/wp-json\/wp\/v2\/product_brand?post=16948"},{"taxonomy":"product_cat","embeddable":true,"href":"https:\/\/nordicmart.andreevmaster.com\/sv\/wp-json\/wp\/v2\/product_cat?post=16948"},{"taxonomy":"product_tag","embeddable":true,"href":"https:\/\/nordicmart.andreevmaster.com\/sv\/wp-json\/wp\/v2\/product_tag?post=16948"}],"curies":[{"name":"wp","href":"https:\/\/api.w.org\/{rel}","templated":true}]}}