{"id":16947,"date":"2026-02-27T00:32:55","date_gmt":"2026-02-27T00:32:55","guid":{"rendered":"https:\/\/nordicmart.andreevmaster.com\/product\/masterkidz-realistiskt-fruktkoksset-10-delar\/"},"modified":"2026-02-27T08:22:56","modified_gmt":"2026-02-27T08:22:56","slug":"masterkidz-realistiskt-fruktkoksset-10-delar","status":"publish","type":"product","link":"https:\/\/nordicmart.andreevmaster.com\/sv\/produkt\/masterkidz-realistiskt-fruktkoksset-10-delar\/","title":{"rendered":"MASTERKIDZ Realistiskt fruktk\u00f6ksset, 10 delar"},"content":{"rendered":"<p>Att leka i k\u00f6ket \u00e4r j\u00e4ttekul! Genom att &#8221;laga&#8221; sina favoritr\u00e4tter till hela familjen eller nallebj\u00f6rnar och dockor l\u00e4r sig barnen att anv\u00e4nda k\u00f6ksutrustning p\u00e5 ett korrekt och s\u00e4kert s\u00e4tt.<\/p>\n<p>Egenskaper:<\/p>\n<p>* &#8211; Setet best\u00e5r av 10 frukter<br \/>\n* &#8211; Frukterna kan anv\u00e4ndas f\u00f6r att leka i k\u00f6ket eller som rekvisita i skolpj\u00e4ser.<br \/>\n* &#8211; Frukterna ser ut precis som riktiga, b\u00e5de i f\u00e4rg och konsistens \u2013 man kan n\u00e4stan tro att de \u00e4r \u00e4kta!<br \/>\n* &#8211; De passar perfekt i en sk\u00e5l (MK12715) f\u00f6r gr\u00f6nsaker och frukt (MK10377), och gr\u00f6nsakerna och frukten kan ocks\u00e5 placeras i tv\u00e5 metallkorgar (MK12715)<\/p>\n<p>Leksaken utvecklar:<\/p>\n<p>* &#8211; sensoriska f\u00e4rdigheter<br \/>\n* &#8211; motoriska f\u00e4rdigheter<br \/>\n* &#8211; hand-\u00f6ga-koordination<\/p>\n","protected":false},"excerpt":{"rendered":"<p>Att leka i k\u00f6ket \u00e4r j\u00e4ttekul! Genom att &#8221;laga&#8221; sina favoritr\u00e4tter till hela familjen eller nallebj\u00f6rnar och dockor l\u00e4r sig barnen att anv\u00e4nda k\u00f6ksutrustning p\u00e5 ett korrekt och s\u00e4kert s\u00e4tt. Egenskaper: * &#8211; Setet best\u00e5r av 10 frukter * &#8211; Frukterna kan anv\u00e4ndas f\u00f6r att leka i k\u00f6ket eller som rekvisita i skolpj\u00e4ser. * &#8211; [&hellip;]<\/p>\n","protected":false},"featured_media":0,"comment_status":"open","ping_status":"closed","template":"","meta":[],"product_brand":[],"product_cat":[33],"product_tag":[],"class_list":{"0":"post-16947","1":"product","2":"type-product","3":"status-publish","5":"product_cat-okategoriserad","7":"first","8":"instock","9":"shipping-taxable","10":"purchasable","11":"product-type-simple"},"_links":{"self":[{"href":"https:\/\/nordicmart.andreevmaster.com\/sv\/wp-json\/wp\/v2\/product\/16947","targetHints":{"allow":["GET"]}}],"collection":[{"href":"https:\/\/nordicmart.andreevmaster.com\/sv\/wp-json\/wp\/v2\/product"}],"about":[{"href":"https:\/\/nordicmart.andreevmaster.com\/sv\/wp-json\/wp\/v2\/types\/product"}],"replies":[{"embeddable":true,"href":"https:\/\/nordicmart.andreevmaster.com\/sv\/wp-json\/wp\/v2\/comments?post=16947"}],"wp:attachment":[{"href":"https:\/\/nordicmart.andreevmaster.com\/sv\/wp-json\/wp\/v2\/media?parent=16947"}],"wp:term":[{"taxonomy":"product_brand","embeddable":true,"href":"https:\/\/nordicmart.andreevmaster.com\/sv\/wp-json\/wp\/v2\/product_brand?post=16947"},{"taxonomy":"product_cat","embeddable":true,"href":"https:\/\/nordicmart.andreevmaster.com\/sv\/wp-json\/wp\/v2\/product_cat?post=16947"},{"taxonomy":"product_tag","embeddable":true,"href":"https:\/\/nordicmart.andreevmaster.com\/sv\/wp-json\/wp\/v2\/product_tag?post=16947"}],"curies":[{"name":"wp","href":"https:\/\/api.w.org\/{rel}","templated":true}]}}