{"id":16946,"date":"2026-02-27T00:32:55","date_gmt":"2026-02-27T00:32:55","guid":{"rendered":"https:\/\/nordicmart.andreevmaster.com\/product\/masterdkiz-litet-forvaringsskap-for-praktiska-pedagogiska-tavlor-for-3-tavlor\/"},"modified":"2026-02-27T08:22:56","modified_gmt":"2026-02-27T08:22:56","slug":"masterdkiz-litet-forvaringsskap-for-praktiska-pedagogiska-tavlor-for-3-tavlor","status":"publish","type":"product","link":"https:\/\/nordicmart.andreevmaster.com\/sv\/produkt\/masterdkiz-litet-forvaringsskap-for-praktiska-pedagogiska-tavlor-for-3-tavlor\/","title":{"rendered":"MASTERDKIZ Litet f\u00f6rvaringssk\u00e5p f\u00f6r praktiska pedagogiska tavlor f\u00f6r 3 tavlor"},"content":{"rendered":"<p>Masterkidz tr\u00e4sk\u00e5p \u00e4r en praktisk l\u00f6sning f\u00f6r f\u00f6rvaring av praktiska tavlor. Det rymmer upp till 3 tavlor som m\u00e4ter 28 x 28 cm, vilket \u00e4r perfekt f\u00f6r sm\u00e5 samlingar. En extra tavla kan placeras ovanp\u00e5 sk\u00e5pet, men om du beh\u00f6ver \u00e4nnu mer f\u00f6rvaringsutrymme kan du alltid l\u00e4gga till ett andra identiskt sk\u00e5p ovanp\u00e5. Sk\u00e5pet \u00e4r tillverkat av tr\u00e4, vilket g\u00f6r det milj\u00f6v\u00e4nligt och bidrar till att minska plastavfallet. Den robusta konstruktionen garanterar h\u00e5llbarhet och s\u00e4kerhet. <\/p>\n<p>H\u00e5ll dina barns lekomr\u00e5de snyggt och prydligt med detta funktionella och milj\u00f6v\u00e4nliga sk\u00e5p!<\/p>\n","protected":false},"excerpt":{"rendered":"<p>Masterkidz tr\u00e4sk\u00e5p \u00e4r en praktisk l\u00f6sning f\u00f6r f\u00f6rvaring av praktiska tavlor. Det rymmer upp till 3 tavlor som m\u00e4ter 28 x 28 cm, vilket \u00e4r perfekt f\u00f6r sm\u00e5 samlingar. En extra tavla kan placeras ovanp\u00e5 sk\u00e5pet, men om du beh\u00f6ver \u00e4nnu mer f\u00f6rvaringsutrymme kan du alltid l\u00e4gga till ett andra identiskt sk\u00e5p ovanp\u00e5. Sk\u00e5pet \u00e4r [&hellip;]<\/p>\n","protected":false},"featured_media":0,"comment_status":"open","ping_status":"closed","template":"","meta":[],"product_brand":[],"product_cat":[33],"product_tag":[],"class_list":{"0":"post-16946","1":"product","2":"type-product","3":"status-publish","5":"product_cat-okategoriserad","7":"first","8":"instock","9":"shipping-taxable","10":"purchasable","11":"product-type-simple"},"_links":{"self":[{"href":"https:\/\/nordicmart.andreevmaster.com\/sv\/wp-json\/wp\/v2\/product\/16946","targetHints":{"allow":["GET"]}}],"collection":[{"href":"https:\/\/nordicmart.andreevmaster.com\/sv\/wp-json\/wp\/v2\/product"}],"about":[{"href":"https:\/\/nordicmart.andreevmaster.com\/sv\/wp-json\/wp\/v2\/types\/product"}],"replies":[{"embeddable":true,"href":"https:\/\/nordicmart.andreevmaster.com\/sv\/wp-json\/wp\/v2\/comments?post=16946"}],"wp:attachment":[{"href":"https:\/\/nordicmart.andreevmaster.com\/sv\/wp-json\/wp\/v2\/media?parent=16946"}],"wp:term":[{"taxonomy":"product_brand","embeddable":true,"href":"https:\/\/nordicmart.andreevmaster.com\/sv\/wp-json\/wp\/v2\/product_brand?post=16946"},{"taxonomy":"product_cat","embeddable":true,"href":"https:\/\/nordicmart.andreevmaster.com\/sv\/wp-json\/wp\/v2\/product_cat?post=16946"},{"taxonomy":"product_tag","embeddable":true,"href":"https:\/\/nordicmart.andreevmaster.com\/sv\/wp-json\/wp\/v2\/product_tag?post=16946"}],"curies":[{"name":"wp","href":"https:\/\/api.w.org\/{rel}","templated":true}]}}