{"id":16944,"date":"2026-02-27T00:32:54","date_gmt":"2026-02-27T00:32:54","guid":{"rendered":"https:\/\/nordicmart.andreevmaster.com\/product\/masterkidz-magnetisk-pedagogisk-tavla-kompass-montessori\/"},"modified":"2026-02-27T08:22:56","modified_gmt":"2026-02-27T08:22:56","slug":"masterkidz-magnetisk-pedagogisk-tavla-kompass-montessori","status":"publish","type":"product","link":"https:\/\/nordicmart.andreevmaster.com\/sv\/produkt\/masterkidz-magnetisk-pedagogisk-tavla-kompass-montessori\/","title":{"rendered":"MASTERKIDZ Magnetisk pedagogisk tavla Kompass Montessori"},"content":{"rendered":"<p>En pedagogisk tr\u00e4skiva som l\u00e5ter barn se hur magneter fungerar med egna \u00f6gon. Leksaken inneh\u00e5ller en stor h\u00e4stskoformad magnet med markerade poler samt en blockformad magnet. Skivan har ocks\u00e5 en beh\u00e5llare med j\u00e4rnfilsp\u00e5n. Genom att dra till sig dem kan barnen observera magnetiska linjer. Leksaken inneh\u00e5ller \u00e4ven en kompass.<br \/>\n### Egenskaper:<\/p>\n<p>* &#8211; En pedagogisk leksak som f\u00f6rklarar fenomenet magnetism, som \u00e4r s\u00e5 fascinerande f\u00f6r sm\u00e5 barn.<br \/>\n* &#8211; Tillverkad av tr\u00e4<br \/>\n* &#8211; Leksaken i form av en  platta har tv\u00e5 magneter med markerade poler, en transparent beh\u00e5llare med j\u00e4rnfilsp\u00e5n och en kompass med en ritning av jordklotet och dess magnetiska linjer. Tack vare alla dessa element blir det aldrig tr\u00e5kigt att leka med den.<br \/>\n* &#8211; Barnen kan leka genom att dra magneten till magnetf\u00e4lt med motsatta poler. Detta l\u00e4r dem den grundl\u00e4ggande teorin om magnetism. Tv\u00e5 magneter kan ocks\u00e5 dras till varandra. Naturligtvis kan man experimentera och f\u00f6rs\u00f6ka f\u00f6ra ihop \u00e4ndarna med motsatta poler. D\u00e5 kommer barnet att observera fenomenet repulsion.* &#8211; Ett annat s\u00e4tt att leka \u00e4r att dra till sig j\u00e4rnfilsp\u00e5n som finns i en genomskinlig plastbeh\u00e5llare. De g\u00f6r det m\u00f6jligt att observera magnetf\u00e4ltlinjerna och fullt ut f\u00f6rst\u00e5 fenomenet magnetism. * &#8211; Den sista attraktionen som Masterkidz pedagogiska tavla garanterar \u00e4r en kompass. Barnet kan leka med den och leta efter riktningar, eller s\u00e5 kan den anv\u00e4ndas i pedagogiskt syfte. Bredvid kompassen finns en ritning som f\u00f6rklarar jordklotets magnetiska linjer.<\/p>\n<p>Masterkidz leksaker \u00e4r h\u00f6gkvalitativa, h\u00e5llbara och s\u00e4kra pedagogiska leksaker av tr\u00e4. De \u00e4r utformade och anpassade f\u00f6r olika stadier av barns utveckling. Kreativt, \u00e4ventyrligt och pedagogiskt lekande \u00e4r de st\u00f6rsta f\u00f6rdelarna med detta varum\u00e4rkes leksaker. Ov\u00e4rderligt st\u00f6d f\u00f6r Montessori-metoden. Det b\u00e4sta valet f\u00f6r ditt hem, dagis, hotell eller restaurang. Skapa den perfekta lekh\u00f6rnan eller en stor pedagogisk v\u00e4gg. Erbjudandet inkluderar v\u00e4ggmonterade och mobila tavlor, upplysta bord och paneler f\u00f6r att leka med f\u00e4rger. Tematiska pedagogiska moduler och mycket mer. Ett otroligt stort antal tillbeh\u00f6r och o\u00e4ndliga m\u00f6jligheter f\u00f6r kreativt lekande.<\/p>\n","protected":false},"excerpt":{"rendered":"<p>En pedagogisk tr\u00e4skiva som l\u00e5ter barn se hur magneter fungerar med egna \u00f6gon. Leksaken inneh\u00e5ller en stor h\u00e4stskoformad magnet med markerade poler samt en blockformad magnet. Skivan har ocks\u00e5 en beh\u00e5llare med j\u00e4rnfilsp\u00e5n. Genom att dra till sig dem kan barnen observera magnetiska linjer. Leksaken inneh\u00e5ller \u00e4ven en kompass. ### Egenskaper: * &#8211; En pedagogisk [&hellip;]<\/p>\n","protected":false},"featured_media":0,"comment_status":"open","ping_status":"closed","template":"","meta":[],"product_brand":[],"product_cat":[33],"product_tag":[],"class_list":{"0":"post-16944","1":"product","2":"type-product","3":"status-publish","5":"product_cat-okategoriserad","7":"first","8":"instock","9":"shipping-taxable","10":"purchasable","11":"product-type-simple"},"_links":{"self":[{"href":"https:\/\/nordicmart.andreevmaster.com\/sv\/wp-json\/wp\/v2\/product\/16944","targetHints":{"allow":["GET"]}}],"collection":[{"href":"https:\/\/nordicmart.andreevmaster.com\/sv\/wp-json\/wp\/v2\/product"}],"about":[{"href":"https:\/\/nordicmart.andreevmaster.com\/sv\/wp-json\/wp\/v2\/types\/product"}],"replies":[{"embeddable":true,"href":"https:\/\/nordicmart.andreevmaster.com\/sv\/wp-json\/wp\/v2\/comments?post=16944"}],"wp:attachment":[{"href":"https:\/\/nordicmart.andreevmaster.com\/sv\/wp-json\/wp\/v2\/media?parent=16944"}],"wp:term":[{"taxonomy":"product_brand","embeddable":true,"href":"https:\/\/nordicmart.andreevmaster.com\/sv\/wp-json\/wp\/v2\/product_brand?post=16944"},{"taxonomy":"product_cat","embeddable":true,"href":"https:\/\/nordicmart.andreevmaster.com\/sv\/wp-json\/wp\/v2\/product_cat?post=16944"},{"taxonomy":"product_tag","embeddable":true,"href":"https:\/\/nordicmart.andreevmaster.com\/sv\/wp-json\/wp\/v2\/product_tag?post=16944"}],"curies":[{"name":"wp","href":"https:\/\/api.w.org\/{rel}","templated":true}]}}