{"id":16942,"date":"2026-02-27T00:32:53","date_gmt":"2026-02-27T00:32:53","guid":{"rendered":"https:\/\/nordicmart.andreevmaster.com\/product\/masterkidz-trasorterare-for-material-och-ytstrukturer-montessori\/"},"modified":"2026-02-27T08:22:55","modified_gmt":"2026-02-27T08:22:55","slug":"masterkidz-trasorterare-for-material-och-ytstrukturer-montessori","status":"publish","type":"product","link":"https:\/\/nordicmart.andreevmaster.com\/sv\/produkt\/masterkidz-trasorterare-for-material-och-ytstrukturer-montessori\/","title":{"rendered":"MASTERKIDZ Tr\u00e4sorterare f\u00f6r material och ytstrukturer Montessori"},"content":{"rendered":"<p>En fantastisk interaktiv tr\u00e4leksak fr\u00e5n Masterkidz som hj\u00e4lper ditt barn att utveckla sin k\u00e4nsel. Tr\u00e4sorteraren kombinerar flera mycket viktiga funktioner. Ditt barn kan matcha former, f\u00e4rger och blockens textur. Setet inneh\u00e5ller 4 par matchande tr\u00e4klossar, som f\u00f6rst ska placeras p\u00e5 tr\u00e4br\u00e4dan och sedan paras ihop med varandra.Leksakerna kan ocks\u00e5 anv\u00e4ndas f\u00f6r att l\u00e4ra sig de fyra grundf\u00e4rgerna: r\u00f6tt, bl\u00e5tt, gult och gr\u00f6nt. Allt som beh\u00f6vs \u00e4r lite hj\u00e4lp fr\u00e5n en v\u00e5rdnadshavare. V\u00e5rdnadshavaren kan ocks\u00e5 anv\u00e4nda block med olika texturer och be barnet beskriva ytan de r\u00f6r vid. Detta utvecklar barnets fantasi och k\u00e4nsel.<\/p>\n<p>Pedagogisk leksak i tr\u00e4. Genom att v\u00e4lja Masterkidz tr\u00e4leksaker minskar du plastavfallet och tar hand om milj\u00f6n. Interaktiva leksaker f\u00f6r barn \u00e4r en utm\u00e4rkt presentid\u00e9.<\/p>\n","protected":false},"excerpt":{"rendered":"<p>En fantastisk interaktiv tr\u00e4leksak fr\u00e5n Masterkidz som hj\u00e4lper ditt barn att utveckla sin k\u00e4nsel. Tr\u00e4sorteraren kombinerar flera mycket viktiga funktioner. Ditt barn kan matcha former, f\u00e4rger och blockens textur. Setet inneh\u00e5ller 4 par matchande tr\u00e4klossar, som f\u00f6rst ska placeras p\u00e5 tr\u00e4br\u00e4dan och sedan paras ihop med varandra.Leksakerna kan ocks\u00e5 anv\u00e4ndas f\u00f6r att l\u00e4ra sig de [&hellip;]<\/p>\n","protected":false},"featured_media":0,"comment_status":"open","ping_status":"closed","template":"","meta":[],"product_brand":[],"product_cat":[33],"product_tag":[],"class_list":{"0":"post-16942","1":"product","2":"type-product","3":"status-publish","5":"product_cat-okategoriserad","7":"first","8":"instock","9":"shipping-taxable","10":"purchasable","11":"product-type-simple"},"_links":{"self":[{"href":"https:\/\/nordicmart.andreevmaster.com\/sv\/wp-json\/wp\/v2\/product\/16942","targetHints":{"allow":["GET"]}}],"collection":[{"href":"https:\/\/nordicmart.andreevmaster.com\/sv\/wp-json\/wp\/v2\/product"}],"about":[{"href":"https:\/\/nordicmart.andreevmaster.com\/sv\/wp-json\/wp\/v2\/types\/product"}],"replies":[{"embeddable":true,"href":"https:\/\/nordicmart.andreevmaster.com\/sv\/wp-json\/wp\/v2\/comments?post=16942"}],"wp:attachment":[{"href":"https:\/\/nordicmart.andreevmaster.com\/sv\/wp-json\/wp\/v2\/media?parent=16942"}],"wp:term":[{"taxonomy":"product_brand","embeddable":true,"href":"https:\/\/nordicmart.andreevmaster.com\/sv\/wp-json\/wp\/v2\/product_brand?post=16942"},{"taxonomy":"product_cat","embeddable":true,"href":"https:\/\/nordicmart.andreevmaster.com\/sv\/wp-json\/wp\/v2\/product_cat?post=16942"},{"taxonomy":"product_tag","embeddable":true,"href":"https:\/\/nordicmart.andreevmaster.com\/sv\/wp-json\/wp\/v2\/product_tag?post=16942"}],"curies":[{"name":"wp","href":"https:\/\/api.w.org\/{rel}","templated":true}]}}