{"id":16941,"date":"2026-02-27T00:32:53","date_gmt":"2026-02-27T00:32:53","guid":{"rendered":"https:\/\/nordicmart.andreevmaster.com\/product\/masterkidz-snickarverktygsbalte-med-12-verktyg\/"},"modified":"2026-02-27T08:22:55","modified_gmt":"2026-02-27T08:22:55","slug":"masterkidz-snickarverktygsbalte-med-12-verktyg","status":"publish","type":"product","link":"https:\/\/nordicmart.andreevmaster.com\/sv\/produkt\/masterkidz-snickarverktygsbalte-med-12-verktyg\/","title":{"rendered":"MASTERKIDZ Snickarverktygsb\u00e4lte med 12 verktyg"},"content":{"rendered":"<p>Ett tygb\u00e4lte och en upps\u00e4ttning med 12 snickarverktyg fr\u00e5n MASTERKIDZ. Med denna upps\u00e4ttning kan du utf\u00f6ra alla typer av snickeriarbeten. Den inneh\u00e5ller \u00e4ven ett ID-kort som ditt barn kan skriva sitt namn p\u00e5 och klistra in ett foto p\u00e5. Din lilla kommer att k\u00e4nna sig som en riktig proffs som kan fixa alla problem!<\/p>\n<p>En fantastisk leksak f\u00f6r barn som l\u00e5ter dem k\u00e4nna sig som proffs och specialister p\u00e5 renovering och reparationer! Satsen inneh\u00e5ller 12 tr\u00e4verktyg som g\u00f6r det m\u00f6jligt att utf\u00f6ra alla typer av jobb. Satsen inneh\u00e5ller \u00e4ven ett verktygsb\u00e4lte f\u00f6r att b\u00e4ra alla f\u00f6rem\u00e5l. Satsen inneh\u00e5ller f\u00f6ljande verktyg: * skiftnyckel * hammare * skruvmejsel * skruvar och pluggar * spikar * anst\u00e4lld-ID * och mycket mer!<\/p>\n","protected":false},"excerpt":{"rendered":"<p>Ett tygb\u00e4lte och en upps\u00e4ttning med 12 snickarverktyg fr\u00e5n MASTERKIDZ. Med denna upps\u00e4ttning kan du utf\u00f6ra alla typer av snickeriarbeten. Den inneh\u00e5ller \u00e4ven ett ID-kort som ditt barn kan skriva sitt namn p\u00e5 och klistra in ett foto p\u00e5. Din lilla kommer att k\u00e4nna sig som en riktig proffs som kan fixa alla problem! En [&hellip;]<\/p>\n","protected":false},"featured_media":0,"comment_status":"open","ping_status":"closed","template":"","meta":[],"product_brand":[],"product_cat":[33],"product_tag":[],"class_list":{"0":"post-16941","1":"product","2":"type-product","3":"status-publish","5":"product_cat-okategoriserad","7":"first","8":"instock","9":"shipping-taxable","10":"purchasable","11":"product-type-simple"},"_links":{"self":[{"href":"https:\/\/nordicmart.andreevmaster.com\/sv\/wp-json\/wp\/v2\/product\/16941","targetHints":{"allow":["GET"]}}],"collection":[{"href":"https:\/\/nordicmart.andreevmaster.com\/sv\/wp-json\/wp\/v2\/product"}],"about":[{"href":"https:\/\/nordicmart.andreevmaster.com\/sv\/wp-json\/wp\/v2\/types\/product"}],"replies":[{"embeddable":true,"href":"https:\/\/nordicmart.andreevmaster.com\/sv\/wp-json\/wp\/v2\/comments?post=16941"}],"wp:attachment":[{"href":"https:\/\/nordicmart.andreevmaster.com\/sv\/wp-json\/wp\/v2\/media?parent=16941"}],"wp:term":[{"taxonomy":"product_brand","embeddable":true,"href":"https:\/\/nordicmart.andreevmaster.com\/sv\/wp-json\/wp\/v2\/product_brand?post=16941"},{"taxonomy":"product_cat","embeddable":true,"href":"https:\/\/nordicmart.andreevmaster.com\/sv\/wp-json\/wp\/v2\/product_cat?post=16941"},{"taxonomy":"product_tag","embeddable":true,"href":"https:\/\/nordicmart.andreevmaster.com\/sv\/wp-json\/wp\/v2\/product_tag?post=16941"}],"curies":[{"name":"wp","href":"https:\/\/api.w.org\/{rel}","templated":true}]}}