{"id":16940,"date":"2026-02-27T00:32:53","date_gmt":"2026-02-27T00:32:53","guid":{"rendered":"https:\/\/nordicmart.andreevmaster.com\/product\/masterkidz-sakerhets-och-raddningscenter-i-ryggsack\/"},"modified":"2026-02-27T08:22:55","modified_gmt":"2026-02-27T08:22:55","slug":"masterkidz-sakerhets-och-raddningscenter-i-ryggsack","status":"publish","type":"product","link":"https:\/\/nordicmart.andreevmaster.com\/sv\/produkt\/masterkidz-sakerhets-och-raddningscenter-i-ryggsack\/","title":{"rendered":"MASTERKIDZ S\u00e4kerhets- och r\u00e4ddningscenter i ryggs\u00e4ck"},"content":{"rendered":"<p>Masterkidz s\u00e4kerhets- och r\u00e4ddningscenter i ryggs\u00e4ck \u00e4r ett innovativt set som l\u00e5ter barn leka med alla r\u00e4ddningstj\u00e4nster p\u00e5 ett och samma st\u00e4lle. Tack vare sin genomt\u00e4nkta design kan ryggs\u00e4cken p\u00e5 n\u00e5gra \u00f6gonblick f\u00f6rvandlas till ett r\u00e4ddningscenter, inklusive sjukhus, brandstation och polisstation. Leksaken \u00e4r l\u00e4tt, enkel att b\u00e4ra och vika ihop, vilket g\u00f6r att barn g\u00e4rna tar med sig den p\u00e5 alla resor.<br \/>\nFunktioner:<br \/>\n* &#8211; Setet inneh\u00e5ller en speciell ryggs\u00e4ck med en inbyggd r\u00e4ddningsstation<br \/>\n* &#8211; Setet inneh\u00e5ller tr\u00e4figurer, leksaksbilar och tillbeh\u00f6r<br \/>\n* &#8211; Alla delar har sin plats i ryggs\u00e4cken, vilket g\u00f6r det enkelt att h\u00e5lla ordning<br \/>\n* &#8211; Ryggs\u00e4cken \u00f6ppnas med dragkedja \u2013 snabb packning och uppackning<\/p>\n<p>Leksaken utvecklar:<\/p>\n<p>* &#8211; Fantasi<br \/>\n* &#8211; Kreativitet<br \/>\n* &#8211; Organisationsf\u00f6rm\u00e5ga<br \/>\n* &#8211; Manuell fingerf\u00e4rdighet<\/p>\n","protected":false},"excerpt":{"rendered":"<p>Masterkidz s\u00e4kerhets- och r\u00e4ddningscenter i ryggs\u00e4ck \u00e4r ett innovativt set som l\u00e5ter barn leka med alla r\u00e4ddningstj\u00e4nster p\u00e5 ett och samma st\u00e4lle. Tack vare sin genomt\u00e4nkta design kan ryggs\u00e4cken p\u00e5 n\u00e5gra \u00f6gonblick f\u00f6rvandlas till ett r\u00e4ddningscenter, inklusive sjukhus, brandstation och polisstation. Leksaken \u00e4r l\u00e4tt, enkel att b\u00e4ra och vika ihop, vilket g\u00f6r att barn g\u00e4rna [&hellip;]<\/p>\n","protected":false},"featured_media":0,"comment_status":"open","ping_status":"closed","template":"","meta":[],"product_brand":[],"product_cat":[33],"product_tag":[],"class_list":{"0":"post-16940","1":"product","2":"type-product","3":"status-publish","5":"product_cat-okategoriserad","7":"first","8":"instock","9":"shipping-taxable","10":"purchasable","11":"product-type-simple"},"_links":{"self":[{"href":"https:\/\/nordicmart.andreevmaster.com\/sv\/wp-json\/wp\/v2\/product\/16940","targetHints":{"allow":["GET"]}}],"collection":[{"href":"https:\/\/nordicmart.andreevmaster.com\/sv\/wp-json\/wp\/v2\/product"}],"about":[{"href":"https:\/\/nordicmart.andreevmaster.com\/sv\/wp-json\/wp\/v2\/types\/product"}],"replies":[{"embeddable":true,"href":"https:\/\/nordicmart.andreevmaster.com\/sv\/wp-json\/wp\/v2\/comments?post=16940"}],"wp:attachment":[{"href":"https:\/\/nordicmart.andreevmaster.com\/sv\/wp-json\/wp\/v2\/media?parent=16940"}],"wp:term":[{"taxonomy":"product_brand","embeddable":true,"href":"https:\/\/nordicmart.andreevmaster.com\/sv\/wp-json\/wp\/v2\/product_brand?post=16940"},{"taxonomy":"product_cat","embeddable":true,"href":"https:\/\/nordicmart.andreevmaster.com\/sv\/wp-json\/wp\/v2\/product_cat?post=16940"},{"taxonomy":"product_tag","embeddable":true,"href":"https:\/\/nordicmart.andreevmaster.com\/sv\/wp-json\/wp\/v2\/product_tag?post=16940"}],"curies":[{"name":"wp","href":"https:\/\/api.w.org\/{rel}","templated":true}]}}