{"id":16939,"date":"2026-02-27T00:32:53","date_gmt":"2026-02-27T00:32:53","guid":{"rendered":"https:\/\/nordicmart.andreevmaster.com\/product\/masterkidz-tramarknadsstand\/"},"modified":"2026-02-27T08:22:55","modified_gmt":"2026-02-27T08:22:55","slug":"masterkidz-tramarknadsstand","status":"publish","type":"product","link":"https:\/\/nordicmart.andreevmaster.com\/sv\/produkt\/masterkidz-tramarknadsstand\/","title":{"rendered":"MASTERKIDZ Tr\u00e4marknadsst\u00e5nd"},"content":{"rendered":"<p>Masterkidz tr\u00e4marknadsst\u00e5nd \u00e4r den perfekta leksaken f\u00f6r barn som \u00e4lskar att leka aff\u00e4r och l\u00e5tsas vara aff\u00e4rsinnehavare. Tack vare sin robusta tr\u00e4konstruktion och realistiska detaljer m\u00f6jligg\u00f6r st\u00e5ndet kreativt och pedagogiskt lekande, b\u00e5de ensam och i grupp. Barnen kan visa upp produkter, betj\u00e4na kunder och l\u00e4ra sig grunderna i handel genom lek. <\/p>\n<p>Egenskaper: <\/p>\n<p>* &#8211; Robust konstruktion av h\u00f6gkvalitativt tr\u00e4 som garanterar h\u00e5llbarhet och s\u00e4kerhet<br \/>\n* &#8211; Tv\u00e5 displayniv\u00e5er: \u00f6vre med tre fack, nedre med tv\u00e5 st\u00f6rre fack<br \/>\n* &#8211; Tygkapell i en livfull f\u00e4rg ger st\u00e5ndet ett realistiskt utseende<br \/>\n* &#8211; Kompatibel med andra Masterkidz-tillbeh\u00f6r, s\u00e5som kundvagn eller kassaapparat<br \/>\n* &#8211; Stor kapacitet som g\u00f6r det m\u00f6jligt att visa upp m\u00e5nga produkter<\/p>\n<p>Leksaken utvecklar:<\/p>\n<p>* &#8211; Fantasi<br \/>\n* &#8211; Kreativitet<br \/>\n* &#8211; Sociala och kommunikativa f\u00e4rdigheter<br \/>\n* &#8211; Manuell fingerf\u00e4rdighet<br \/>\n* &#8211; Sj\u00e4lvst\u00e4ndighet<\/p>\n","protected":false},"excerpt":{"rendered":"<p>Masterkidz tr\u00e4marknadsst\u00e5nd \u00e4r den perfekta leksaken f\u00f6r barn som \u00e4lskar att leka aff\u00e4r och l\u00e5tsas vara aff\u00e4rsinnehavare. Tack vare sin robusta tr\u00e4konstruktion och realistiska detaljer m\u00f6jligg\u00f6r st\u00e5ndet kreativt och pedagogiskt lekande, b\u00e5de ensam och i grupp. Barnen kan visa upp produkter, betj\u00e4na kunder och l\u00e4ra sig grunderna i handel genom lek. Egenskaper: * &#8211; Robust [&hellip;]<\/p>\n","protected":false},"featured_media":0,"comment_status":"open","ping_status":"closed","template":"","meta":[],"product_brand":[],"product_cat":[33],"product_tag":[],"class_list":{"0":"post-16939","1":"product","2":"type-product","3":"status-publish","5":"product_cat-okategoriserad","7":"first","8":"instock","9":"shipping-taxable","10":"purchasable","11":"product-type-simple"},"_links":{"self":[{"href":"https:\/\/nordicmart.andreevmaster.com\/sv\/wp-json\/wp\/v2\/product\/16939","targetHints":{"allow":["GET"]}}],"collection":[{"href":"https:\/\/nordicmart.andreevmaster.com\/sv\/wp-json\/wp\/v2\/product"}],"about":[{"href":"https:\/\/nordicmart.andreevmaster.com\/sv\/wp-json\/wp\/v2\/types\/product"}],"replies":[{"embeddable":true,"href":"https:\/\/nordicmart.andreevmaster.com\/sv\/wp-json\/wp\/v2\/comments?post=16939"}],"wp:attachment":[{"href":"https:\/\/nordicmart.andreevmaster.com\/sv\/wp-json\/wp\/v2\/media?parent=16939"}],"wp:term":[{"taxonomy":"product_brand","embeddable":true,"href":"https:\/\/nordicmart.andreevmaster.com\/sv\/wp-json\/wp\/v2\/product_brand?post=16939"},{"taxonomy":"product_cat","embeddable":true,"href":"https:\/\/nordicmart.andreevmaster.com\/sv\/wp-json\/wp\/v2\/product_cat?post=16939"},{"taxonomy":"product_tag","embeddable":true,"href":"https:\/\/nordicmart.andreevmaster.com\/sv\/wp-json\/wp\/v2\/product_tag?post=16939"}],"curies":[{"name":"wp","href":"https:\/\/api.w.org\/{rel}","templated":true}]}}