{"id":16938,"date":"2026-02-27T00:32:52","date_gmt":"2026-02-27T00:32:52","guid":{"rendered":"https:\/\/nordicmart.andreevmaster.com\/product\/masterkidz-sensorisk-tavla-med-speglar-och-linser-bildforvrangning-montessori\/"},"modified":"2026-02-27T08:22:54","modified_gmt":"2026-02-27T08:22:54","slug":"masterkidz-sensorisk-tavla-med-speglar-och-linser-bildforvrangning-montessori","status":"publish","type":"product","link":"https:\/\/nordicmart.andreevmaster.com\/sv\/produkt\/masterkidz-sensorisk-tavla-med-speglar-och-linser-bildforvrangning-montessori\/","title":{"rendered":"MASTERKIDZ Sensorisk tavla med speglar och linser Bildf\u00f6rvr\u00e4ngning Montessori"},"content":{"rendered":"<p>En fantastisk sensorisk leksak fr\u00e5n MASTERKIDZ som inte bara ger massor av underh\u00e5llning, utan ocks\u00e5 l\u00e4r ut. Tr\u00e4br\u00e4dan anv\u00e4nder tre typer av speglar och en lins f\u00f6r att visa v\u00e4rlden lite annorlunda \u00e4n vi ser den med blotta \u00f6gat. Barn kan se en b\u00f6jd bild reflekterad i en konkav spegel, en n\u00e5got annorlunda version i en konvex spegel och titta p\u00e5 allt p\u00e5 n\u00e4ra h\u00e5ll tack vare en f\u00f6rstoringslins. Den sista spegeln \u00e4r en vanlig spegel d\u00e4r barn kan titta p\u00e5 sig sj\u00e4lva f\u00f6r att utveckla sj\u00e4lvmedvetenhet och sj\u00e4lvf\u00f6rtroende.Leksaken kan anv\u00e4ndas f\u00f6r att l\u00e4ra barn grundl\u00e4ggande information om den bild som det m\u00e4nskliga \u00f6gat ser och ljusets egenskaper. Det \u00e4r ett perfekt s\u00e4tt att stimulera barns nyfikenhet om v\u00e4rlden och svara p\u00e5 m\u00e5nga av deras fr\u00e5gor. Denna pedagogiska leksak f\u00f6r barn \u00e4r tillverkad av tr\u00e4. Ta hand om milj\u00f6n genom att v\u00e4lja Masterkidz tr\u00e4leksaker och minska plastavfallet.<\/p>\n<p>Egenskaper:<\/p>\n<p>* &#8211; f\u00f6r barn \u00f6ver 3 \u00e5r<br \/>\n* &#8211; 3 typer av speglar + en lins som fungerar som ett f\u00f6rstoringsglas<br \/>\n* &#8211; underh\u00e5ller och l\u00e4r ut<br \/>\n* &#8211; stimulerar barns nyfikenhet p\u00e5 omv\u00e4rlden<br \/>\n* &#8211; tillverkad av tr\u00e4<\/p>\n","protected":false},"excerpt":{"rendered":"<p>En fantastisk sensorisk leksak fr\u00e5n MASTERKIDZ som inte bara ger massor av underh\u00e5llning, utan ocks\u00e5 l\u00e4r ut. Tr\u00e4br\u00e4dan anv\u00e4nder tre typer av speglar och en lins f\u00f6r att visa v\u00e4rlden lite annorlunda \u00e4n vi ser den med blotta \u00f6gat. Barn kan se en b\u00f6jd bild reflekterad i en konkav spegel, en n\u00e5got annorlunda version i [&hellip;]<\/p>\n","protected":false},"featured_media":0,"comment_status":"open","ping_status":"closed","template":"","meta":[],"product_brand":[],"product_cat":[33],"product_tag":[],"class_list":{"0":"post-16938","1":"product","2":"type-product","3":"status-publish","5":"product_cat-okategoriserad","7":"first","8":"instock","9":"shipping-taxable","10":"purchasable","11":"product-type-simple"},"_links":{"self":[{"href":"https:\/\/nordicmart.andreevmaster.com\/sv\/wp-json\/wp\/v2\/product\/16938","targetHints":{"allow":["GET"]}}],"collection":[{"href":"https:\/\/nordicmart.andreevmaster.com\/sv\/wp-json\/wp\/v2\/product"}],"about":[{"href":"https:\/\/nordicmart.andreevmaster.com\/sv\/wp-json\/wp\/v2\/types\/product"}],"replies":[{"embeddable":true,"href":"https:\/\/nordicmart.andreevmaster.com\/sv\/wp-json\/wp\/v2\/comments?post=16938"}],"wp:attachment":[{"href":"https:\/\/nordicmart.andreevmaster.com\/sv\/wp-json\/wp\/v2\/media?parent=16938"}],"wp:term":[{"taxonomy":"product_brand","embeddable":true,"href":"https:\/\/nordicmart.andreevmaster.com\/sv\/wp-json\/wp\/v2\/product_brand?post=16938"},{"taxonomy":"product_cat","embeddable":true,"href":"https:\/\/nordicmart.andreevmaster.com\/sv\/wp-json\/wp\/v2\/product_cat?post=16938"},{"taxonomy":"product_tag","embeddable":true,"href":"https:\/\/nordicmart.andreevmaster.com\/sv\/wp-json\/wp\/v2\/product_tag?post=16938"}],"curies":[{"name":"wp","href":"https:\/\/api.w.org\/{rel}","templated":true}]}}